{"id":11849,"date":"2020-03-25T15:40:10","date_gmt":"2020-03-25T15:40:32","guid":{"rendered":"https:\/\/stg.tecmic.com\/solucoes-tecmic\/mobilidade-gestao-de-ativos-e-de-equipas\/otimizacao-e-planeamento-de-servicos\/"},"modified":"2021-01-27T14:27:01","modified_gmt":"2021-01-27T14:27:01","slug":"otimizacao-e-planeamento-de-servicos","status":"publish","type":"page","link":"https:\/\/www.tecmic.com\/en\/tecmic-solutions\/mobility-asset-and-team-management\/otimizacao-e-planeamento-de-servicos\/","title":{"rendered":"Service Planning and Optimization"},"content":{"rendered":"<p>[vc_row overflow=&#8221;default&#8221; el_class=&#8221;heading-top&#8221;][vc_column width=&#8221;1\/12&#8243;][\/vc_column][vc_column width=&#8221;10\/12&#8243; overflow=&#8221;default&#8221; el_class=&#8221;products-text-01&#8243;][vc_custom_heading text=&#8221;Unforeseen events that change the planning&#8221; use_theme_fonts=&#8221;yes&#8221;][vc_column_text]Sometimes unforeseen appear in the team and vehicles that require a change in the planning carried out.<\/p>\n<p>The experience and knowledge of the employee who performs the planning manually are very difficult to obtain, but even this experience and knowledge are maybe not enough to optimize all services, guaranteeing the best service quality and the lowest cost.[\/vc_column_text][vc_separator][\/vc_column][vc_column width=&#8221;1\/12&#8243;][\/vc_column][\/vc_row][vc_row overflow=&#8221;default&#8221; css=&#8221;.vc_custom_1582214341212{padding-bottom: 60px !important;}&#8221; el_class=&#8221;products-text-01&#8243;][vc_column width=&#8221;1\/12&#8243;][\/vc_column][vc_column width=&#8221;5\/12&#8243; overflow=&#8221;default&#8221; el_class=&#8221;products-text-02&#8243;][vc_custom_heading text=&#8221;Some features&#8221; font_container=&#8221;tag:h3|text_align:left&#8221; use_theme_fonts=&#8221;yes&#8221;][vc_column_text el_class=&#8221;products-text-03&#8243;]<\/p>\n<ul>\n<li>Automatic assignment of services to different vehicles and fleet teams<\/li>\n<li>Optimization and ordering of routes to comply with services and schedules<\/li>\n<li>Importing locations with accurate automatic georeferencing<\/li>\n<li>Choice of teams according to their skills<\/li>\n<li>Parameterization of shifts and working hours<\/li>\n<li>Choice of teams according to their geographical proximity<\/li>\n<li>Visualization of services and routes to be taken<\/li>\n<li>Graph with the services of each team and respective occupancy rate<\/li>\n<li>Automatic detection of teams in better conditions to perform the services according to the creation of different rules<\/li>\n<li>Future and real-time planning<\/li>\n<\/ul>\n<p>[\/vc_column_text][\/vc_column][vc_column width=&#8221;5\/12&#8243;][vc_custom_heading text=&#8221;Benefits&#8221; font_container=&#8221;tag:h3|text_align:left&#8221; use_theme_fonts=&#8221;yes&#8221;][vc_column_text el_class=&#8221;products-text-03&#8243;]<\/p>\n<ul>\n<li>Speed \u200b\u200band efficiency in the allocation of all services<\/li>\n<li>Increased productivity<\/li>\n<li>Reduction of kilometers traveled with badly assigned routes and services<\/li>\n<li>Increased timetable compliance<\/li>\n<li>Increased customer satisfaction<\/li>\n<li>Resource optimization<\/li>\n<\/ul>\n<p>[\/vc_column_text][\/vc_column][vc_column width=&#8221;1\/12&#8243;][\/vc_column][\/vc_row][vc_row full_width=&#8221;stretch_row&#8221; content_placement=&#8221;bottom&#8221; overflow=&#8221;default&#8221; el_class=&#8221;block-modules&#8221;][vc_column overflow=&#8221;default&#8221; el_class=&#8221;products-modules-line&#8221;]\r\n<div class=\"sh-heading  \" id=\"heading-dzYBZJEQft\">\r\n\t<div class=\"sh-element-margin\">\r\n\r\n\t\t\r\n\t\t\t<h2 class=\"sh-heading-content size-default text-center\">\r\n\t\t\t\tOTHER MODULES\t\t\t<\/h2>\r\n\r\n\t\t\r\n\t<\/div>\r\n<\/div>\r\n            <style type=\"text\/css\">\r\n                #heading-dzYBZJEQft .sh-element-margin {margin: 0px 0px 50px 0px;}#heading-dzYBZJEQft .sh-heading-content {font-weight: 700!important;color: #ffffff;}#heading-dzYBZJEQft .sh-heading-content,#heading-dzYBZJEQft .sh-heading-additional-text {}            <\/style>\r\n        [vc_basic_grid post_type=&#8221;page&#8221; max_items=&#8221;30&#8243; element_width=&#8221;3&#8243; gap=&#8221;15&#8243; orderby=&#8221;title&#8221; order=&#8221;ASC&#8221; item=&#8221;11093&#8243; grid_id=&#8221;vc_gid:1611757529360-f049d7ab-d3ed-7&#8243; taxonomies=&#8221;30&#8243;][\/vc_column][\/vc_row][vc_row full_width=&#8221;stretch_row&#8221; overflow=&#8221;default&#8221; text=&#8221;CONTACTE-NOS&#8221; url=&#8221;\/contacte-nos\/&#8221; target=&#8221;_self&#8221; alignment=&#8221;center&#8221; alignment_mobile=&#8221;center&#8221; image=&#8221;&#8221; icon=&#8221;&#8221; icon_alignment=&#8221;left&#8221; style=&#8221;5&#8243; size=&#8221;xlarge sh-button-xlarge-small&#8221; font_size=&#8221;24&#8243; radius=&#8221;25&#8243; border_size=&#8221;3&#8243; full=&#8221;&#8221; tale=&#8221;none&#8221; height=&#8221;&#8221; leftright_padding=&#8221;&#8221; margin=&#8221;0px 0px 0px 0px&#8221; text_color=&#8221;#ffffff&#8221; text_hover_color=&#8221;&#8221; background_color=&#8221;#dd3333&#8243; background_hover_color=&#8221;#093672&#8243; border_color=&#8221;#ffffff&#8221; border_hover_color=&#8221;&#8221; animation=&#8221;none&#8221; animation_speed=&#8221;2&#8243; animation_delay=&#8221;0&#8243; el_class=&#8221;block-know-more&#8221;][vc_column width=&#8221;1\/4&#8243;][\/vc_column][vc_column width=&#8221;1\/2&#8243;]\r\n<div id=\"button-XHJQja5Gwk\" class=\"sh-button-container  sh-button-style-5\">\r\n\t<div class=\"sh-element-margin\">\r\n\t\t<a href=\"\/contacte-nos\/\" target=\"_self\" class=\"sh-button sh-button-xlarge sh-button-xlarge-small \">\r\n\r\n\t\t\t\r\n\t\t\t\t\t\t\t<span class=\"sh-button-text\">\r\n\t\t\t\t\tLEARN MORE! CONTACT US\t\t\t\t<\/span>\r\n\t\t\t\r\n\t\t\t\r\n\t\t<\/a>\r\n\t\t\t<\/div>\r\n<\/div>\r\n            <style type=\"text\/css\">\r\n                #button-XHJQja5Gwk .sh-button {color: #ffffff;border: 3px solid #ffffff;box-shadow: 0px 2px 2px rgba(0,0,0,0.15);}#button-XHJQja5Gwk {text-align: center;}#button-XHJQja5Gwk .sh-element-margin {margin: 0px 0px 0px 0px;}#button-XHJQja5Gwk:not(.sh-button-style-2) .sh-button:hover {}#button-XHJQja5Gwk.sh-button-style-2 .sh-button:after {}#button-XHJQja5Gwk.sh-button-style-2 .sh-button:hover {}@media (max-width: 800px) {#button-XHJQja5Gwk {text-align: center;}}            <\/style>\r\n        [\/vc_column][vc_column width=&#8221;1\/4&#8243;][\/vc_column][\/vc_row]<\/p>\n","protected":false},"excerpt":{"rendered":"<p>Em quantas manh\u00e3s aparecem imprevistos na equipa e ve\u00edculos que exigem uma altera\u00e7\u00e3o do planeamento realizado?J\u00e1 pensou no que seria da sua empresa sem a experi\u00eancia e conhecimento do colaborador que realiza o planeamento de forma manual?<\/p>\n","protected":false},"author":4,"featured_media":11850,"parent":11820,"menu_order":3,"comment_status":"closed","ping_status":"closed","template":"","meta":{"footnotes":""},"categories":[55],"tags":[],"class_list":["post-11849","page","type-page","status-publish","has-post-thumbnail","hentry","category-mobility-team-management"],"yoast_head":"<!-- This site is optimized with the Yoast SEO plugin v24.8.1 - https:\/\/yoast.com\/wordpress\/plugins\/seo\/ -->\r\n<title>Service Planning and Optimization - Tecmic<\/title>\r\n<meta name=\"robots\" content=\"index, follow, max-snippet:-1, max-image-preview:large, max-video-preview:-1\" \/>\r\n<link rel=\"canonical\" href=\"https:\/\/www.tecmic.com\/en\/tecmic-solutions\/mobility-asset-and-team-management\/otimizacao-e-planeamento-de-servicos\/\" \/>\r\n<meta property=\"og:locale\" content=\"en_US\" \/>\r\n<meta property=\"og:type\" content=\"article\" \/>\r\n<meta property=\"og:title\" content=\"Service Planning and Optimization - Tecmic\" \/>\r\n<meta property=\"og:description\" content=\"Em quantas manh\u00e3s aparecem imprevistos na equipa e ve\u00edculos que exigem uma altera\u00e7\u00e3o do planeamento realizado?J\u00e1 pensou no que seria da sua empresa sem a experi\u00eancia e conhecimento do colaborador que realiza o planeamento de forma manual?\" \/>\r\n<meta property=\"og:url\" content=\"https:\/\/www.tecmic.com\/en\/tecmic-solutions\/mobility-asset-and-team-management\/otimizacao-e-planeamento-de-servicos\/\" \/>\r\n<meta property=\"og:site_name\" content=\"Tecmic\" \/>\r\n<meta property=\"article:publisher\" content=\"https:\/\/www.facebook.com\/Tecmic-196226277112224\/\" \/>\r\n<meta property=\"article:modified_time\" content=\"2021-01-27T14:27:01+00:00\" \/>\r\n<meta property=\"og:image\" content=\"https:\/\/www.tecmic.com\/wp-content\/uploads\/2020\/02\/Tecmic-modulos_XTraN-otimizacaoe-planeamento-de-servicos-02.jpg\" \/>\r\n\t<meta property=\"og:image:width\" content=\"2200\" \/>\r\n\t<meta property=\"og:image:height\" content=\"660\" \/>\r\n\t<meta property=\"og:image:type\" content=\"image\/jpeg\" \/>\r\n<meta name=\"twitter:card\" content=\"summary_large_image\" \/>\r\n<meta name=\"twitter:label1\" content=\"Est. reading time\" \/>\n\t<meta name=\"twitter:data1\" content=\"3 minutes\" \/>\r\n<script type=\"application\/ld+json\" class=\"yoast-schema-graph\">{\"@context\":\"https:\/\/schema.org\",\"@graph\":[{\"@type\":\"WebPage\",\"@id\":\"https:\/\/www.tecmic.com\/en\/tecmic-solutions\/mobility-asset-and-team-management\/otimizacao-e-planeamento-de-servicos\/\",\"url\":\"https:\/\/www.tecmic.com\/en\/tecmic-solutions\/mobility-asset-and-team-management\/otimizacao-e-planeamento-de-servicos\/\",\"name\":\"Service Planning and Optimization - Tecmic\",\"isPartOf\":{\"@id\":\"https:\/\/www.tecmic.com\/#website\"},\"primaryImageOfPage\":{\"@id\":\"https:\/\/www.tecmic.com\/en\/tecmic-solutions\/mobility-asset-and-team-management\/otimizacao-e-planeamento-de-servicos\/#primaryimage\"},\"image\":{\"@id\":\"https:\/\/www.tecmic.com\/en\/tecmic-solutions\/mobility-asset-and-team-management\/otimizacao-e-planeamento-de-servicos\/#primaryimage\"},\"thumbnailUrl\":\"https:\/\/www.tecmic.com\/wp-content\/uploads\/2020\/02\/Tecmic-modulos_XTraN-otimizacaoe-planeamento-de-servicos-02.jpg\",\"datePublished\":\"2020-03-25T15:40:32+00:00\",\"dateModified\":\"2021-01-27T14:27:01+00:00\",\"breadcrumb\":{\"@id\":\"https:\/\/www.tecmic.com\/en\/tecmic-solutions\/mobility-asset-and-team-management\/otimizacao-e-planeamento-de-servicos\/#breadcrumb\"},\"inLanguage\":\"en-US\",\"potentialAction\":[{\"@type\":\"ReadAction\",\"target\":[\"https:\/\/www.tecmic.com\/en\/tecmic-solutions\/mobility-asset-and-team-management\/otimizacao-e-planeamento-de-servicos\/\"]}]},{\"@type\":\"ImageObject\",\"inLanguage\":\"en-US\",\"@id\":\"https:\/\/www.tecmic.com\/en\/tecmic-solutions\/mobility-asset-and-team-management\/otimizacao-e-planeamento-de-servicos\/#primaryimage\",\"url\":\"https:\/\/www.tecmic.com\/wp-content\/uploads\/2020\/02\/Tecmic-modulos_XTraN-otimizacaoe-planeamento-de-servicos-02.jpg\",\"contentUrl\":\"https:\/\/www.tecmic.com\/wp-content\/uploads\/2020\/02\/Tecmic-modulos_XTraN-otimizacaoe-planeamento-de-servicos-02.jpg\",\"width\":2200,\"height\":660},{\"@type\":\"BreadcrumbList\",\"@id\":\"https:\/\/www.tecmic.com\/en\/tecmic-solutions\/mobility-asset-and-team-management\/otimizacao-e-planeamento-de-servicos\/#breadcrumb\",\"itemListElement\":[{\"@type\":\"ListItem\",\"position\":1,\"name\":\"In\u00edcio\",\"item\":\"https:\/\/www.tecmic.com\/en\/\"},{\"@type\":\"ListItem\",\"position\":2,\"name\":\"Tecmic\u00b4s Solutions\",\"item\":\"https:\/\/www.tecmic.com\/en\/tecmic-solutions\/\"},{\"@type\":\"ListItem\",\"position\":3,\"name\":\"Mobility, Asset and Team Management\",\"item\":\"https:\/\/www.tecmic.com\/en\/tecmic-solutions\/mobility-asset-and-team-management\/\"},{\"@type\":\"ListItem\",\"position\":4,\"name\":\"Service Planning and Optimization\"}]},{\"@type\":\"WebSite\",\"@id\":\"https:\/\/www.tecmic.com\/#website\",\"url\":\"https:\/\/www.tecmic.com\/\",\"name\":\"Tecmic\",\"description\":\"The world outside inside your window\",\"publisher\":{\"@id\":\"https:\/\/www.tecmic.com\/#organization\"},\"potentialAction\":[{\"@type\":\"SearchAction\",\"target\":{\"@type\":\"EntryPoint\",\"urlTemplate\":\"https:\/\/www.tecmic.com\/?s={search_term_string}\"},\"query-input\":{\"@type\":\"PropertyValueSpecification\",\"valueRequired\":true,\"valueName\":\"search_term_string\"}}],\"inLanguage\":\"en-US\"},{\"@type\":\"Organization\",\"@id\":\"https:\/\/www.tecmic.com\/#organization\",\"name\":\"Tecmic\",\"url\":\"https:\/\/www.tecmic.com\/\",\"logo\":{\"@type\":\"ImageObject\",\"inLanguage\":\"en-US\",\"@id\":\"https:\/\/www.tecmic.com\/#\/schema\/logo\/image\/\",\"url\":\"https:\/\/www.tecmic.com\/wp-content\/uploads\/2020\/02\/Tecmic-logo_01.png\",\"contentUrl\":\"https:\/\/www.tecmic.com\/wp-content\/uploads\/2020\/02\/Tecmic-logo_01.png\",\"width\":2892,\"height\":317,\"caption\":\"Tecmic\"},\"image\":{\"@id\":\"https:\/\/www.tecmic.com\/#\/schema\/logo\/image\/\"},\"sameAs\":[\"https:\/\/www.facebook.com\/Tecmic-196226277112224\/\",\"https:\/\/www.linkedin.com\/company\/tecmic\/\"]}]}<\/script>\r\n<!-- \/ Yoast SEO plugin. -->","yoast_head_json":{"title":"Service Planning and Optimization - Tecmic","robots":{"index":"index","follow":"follow","max-snippet":"max-snippet:-1","max-image-preview":"max-image-preview:large","max-video-preview":"max-video-preview:-1"},"canonical":"https:\/\/www.tecmic.com\/en\/tecmic-solutions\/mobility-asset-and-team-management\/otimizacao-e-planeamento-de-servicos\/","og_locale":"en_US","og_type":"article","og_title":"Service Planning and Optimization - Tecmic","og_description":"Em quantas manh\u00e3s aparecem imprevistos na equipa e ve\u00edculos que exigem uma altera\u00e7\u00e3o do planeamento realizado?J\u00e1 pensou no que seria da sua empresa sem a experi\u00eancia e conhecimento do colaborador que realiza o planeamento de forma manual?","og_url":"https:\/\/www.tecmic.com\/en\/tecmic-solutions\/mobility-asset-and-team-management\/otimizacao-e-planeamento-de-servicos\/","og_site_name":"Tecmic","article_publisher":"https:\/\/www.facebook.com\/Tecmic-196226277112224\/","article_modified_time":"2021-01-27T14:27:01+00:00","og_image":[{"width":2200,"height":660,"url":"https:\/\/www.tecmic.com\/wp-content\/uploads\/2020\/02\/Tecmic-modulos_XTraN-otimizacaoe-planeamento-de-servicos-02.jpg","type":"image\/jpeg"}],"twitter_card":"summary_large_image","twitter_misc":{"Est. reading time":"3 minutes"},"schema":{"@context":"https:\/\/schema.org","@graph":[{"@type":"WebPage","@id":"https:\/\/www.tecmic.com\/en\/tecmic-solutions\/mobility-asset-and-team-management\/otimizacao-e-planeamento-de-servicos\/","url":"https:\/\/www.tecmic.com\/en\/tecmic-solutions\/mobility-asset-and-team-management\/otimizacao-e-planeamento-de-servicos\/","name":"Service Planning and Optimization - Tecmic","isPartOf":{"@id":"https:\/\/www.tecmic.com\/#website"},"primaryImageOfPage":{"@id":"https:\/\/www.tecmic.com\/en\/tecmic-solutions\/mobility-asset-and-team-management\/otimizacao-e-planeamento-de-servicos\/#primaryimage"},"image":{"@id":"https:\/\/www.tecmic.com\/en\/tecmic-solutions\/mobility-asset-and-team-management\/otimizacao-e-planeamento-de-servicos\/#primaryimage"},"thumbnailUrl":"https:\/\/www.tecmic.com\/wp-content\/uploads\/2020\/02\/Tecmic-modulos_XTraN-otimizacaoe-planeamento-de-servicos-02.jpg","datePublished":"2020-03-25T15:40:32+00:00","dateModified":"2021-01-27T14:27:01+00:00","breadcrumb":{"@id":"https:\/\/www.tecmic.com\/en\/tecmic-solutions\/mobility-asset-and-team-management\/otimizacao-e-planeamento-de-servicos\/#breadcrumb"},"inLanguage":"en-US","potentialAction":[{"@type":"ReadAction","target":["https:\/\/www.tecmic.com\/en\/tecmic-solutions\/mobility-asset-and-team-management\/otimizacao-e-planeamento-de-servicos\/"]}]},{"@type":"ImageObject","inLanguage":"en-US","@id":"https:\/\/www.tecmic.com\/en\/tecmic-solutions\/mobility-asset-and-team-management\/otimizacao-e-planeamento-de-servicos\/#primaryimage","url":"https:\/\/www.tecmic.com\/wp-content\/uploads\/2020\/02\/Tecmic-modulos_XTraN-otimizacaoe-planeamento-de-servicos-02.jpg","contentUrl":"https:\/\/www.tecmic.com\/wp-content\/uploads\/2020\/02\/Tecmic-modulos_XTraN-otimizacaoe-planeamento-de-servicos-02.jpg","width":2200,"height":660},{"@type":"BreadcrumbList","@id":"https:\/\/www.tecmic.com\/en\/tecmic-solutions\/mobility-asset-and-team-management\/otimizacao-e-planeamento-de-servicos\/#breadcrumb","itemListElement":[{"@type":"ListItem","position":1,"name":"In\u00edcio","item":"https:\/\/www.tecmic.com\/en\/"},{"@type":"ListItem","position":2,"name":"Tecmic\u00b4s Solutions","item":"https:\/\/www.tecmic.com\/en\/tecmic-solutions\/"},{"@type":"ListItem","position":3,"name":"Mobility, Asset and Team Management","item":"https:\/\/www.tecmic.com\/en\/tecmic-solutions\/mobility-asset-and-team-management\/"},{"@type":"ListItem","position":4,"name":"Service Planning and Optimization"}]},{"@type":"WebSite","@id":"https:\/\/www.tecmic.com\/#website","url":"https:\/\/www.tecmic.com\/","name":"Tecmic","description":"The world outside inside your window","publisher":{"@id":"https:\/\/www.tecmic.com\/#organization"},"potentialAction":[{"@type":"SearchAction","target":{"@type":"EntryPoint","urlTemplate":"https:\/\/www.tecmic.com\/?s={search_term_string}"},"query-input":{"@type":"PropertyValueSpecification","valueRequired":true,"valueName":"search_term_string"}}],"inLanguage":"en-US"},{"@type":"Organization","@id":"https:\/\/www.tecmic.com\/#organization","name":"Tecmic","url":"https:\/\/www.tecmic.com\/","logo":{"@type":"ImageObject","inLanguage":"en-US","@id":"https:\/\/www.tecmic.com\/#\/schema\/logo\/image\/","url":"https:\/\/www.tecmic.com\/wp-content\/uploads\/2020\/02\/Tecmic-logo_01.png","contentUrl":"https:\/\/www.tecmic.com\/wp-content\/uploads\/2020\/02\/Tecmic-logo_01.png","width":2892,"height":317,"caption":"Tecmic"},"image":{"@id":"https:\/\/www.tecmic.com\/#\/schema\/logo\/image\/"},"sameAs":["https:\/\/www.facebook.com\/Tecmic-196226277112224\/","https:\/\/www.linkedin.com\/company\/tecmic\/"]}]}},"_links":{"self":[{"href":"https:\/\/www.tecmic.com\/en\/wp-json\/wp\/v2\/pages\/11849"}],"collection":[{"href":"https:\/\/www.tecmic.com\/en\/wp-json\/wp\/v2\/pages"}],"about":[{"href":"https:\/\/www.tecmic.com\/en\/wp-json\/wp\/v2\/types\/page"}],"author":[{"embeddable":true,"href":"https:\/\/www.tecmic.com\/en\/wp-json\/wp\/v2\/users\/4"}],"replies":[{"embeddable":true,"href":"https:\/\/www.tecmic.com\/en\/wp-json\/wp\/v2\/comments?post=11849"}],"version-history":[{"count":4,"href":"https:\/\/www.tecmic.com\/en\/wp-json\/wp\/v2\/pages\/11849\/revisions"}],"predecessor-version":[{"id":12370,"href":"https:\/\/www.tecmic.com\/en\/wp-json\/wp\/v2\/pages\/11849\/revisions\/12370"}],"up":[{"embeddable":true,"href":"https:\/\/www.tecmic.com\/en\/wp-json\/wp\/v2\/pages\/11820"}],"wp:featuredmedia":[{"embeddable":true,"href":"https:\/\/www.tecmic.com\/en\/wp-json\/wp\/v2\/media\/11850"}],"wp:attachment":[{"href":"https:\/\/www.tecmic.com\/en\/wp-json\/wp\/v2\/media?parent=11849"}],"wp:term":[{"taxonomy":"category","embeddable":true,"href":"https:\/\/www.tecmic.com\/en\/wp-json\/wp\/v2\/categories?post=11849"},{"taxonomy":"post_tag","embeddable":true,"href":"https:\/\/www.tecmic.com\/en\/wp-json\/wp\/v2\/tags?post=11849"}],"curies":[{"name":"wp","href":"https:\/\/api.w.org\/{rel}","templated":true}]}}