{"id":12027,"date":"2020-04-03T12:05:54","date_gmt":"2020-04-03T12:05:54","guid":{"rendered":"https:\/\/stg.tecmic.com\/tecmic-solutions\/passenger-transport-management\/ecodriver\/"},"modified":"2020-12-22T16:11:36","modified_gmt":"2020-12-22T16:11:36","slug":"ecodriver","status":"publish","type":"page","link":"https:\/\/www.tecmic.com\/en\/tecmic-solutions\/passenger-transport-management\/ecodriver\/","title":{"rendered":"EcoDriver"},"content":{"rendered":"<p>[vc_row content_placement=&#8221;bottom&#8221; overflow=&#8221;default&#8221; el_class=&#8221;heading-top&#8221;][vc_column width=&#8221;1\/12&#8243;][\/vc_column][vc_column width=&#8221;10\/12&#8243; overflow=&#8221;default&#8221; el_class=&#8221;products-text-01&#8243;][vc_custom_heading text=&#8221;Vehicle data collection and analysis system that promotes efficient driving&#8221; use_theme_fonts=&#8221;yes&#8221;][vc_column_text]<span lang=\"en\">The Ecodriver solution supports the implementation of processes in public transport companies, which promote the improvement of driving practices for drivers, in order to reduce fuel and maintenance costs of vehicles, improving the quality of transport and safety for passengers.<\/span><\/p>\n<hr \/>\n<p><strong><span lang=\"en\">Ecodriver monitors driving practice, aiming to manage and improve, simultaneously, three variables directly dependent on driving:<\/span><\/strong>[\/vc_column_text][vc_row_inner overflow=&#8221;default&#8221; css=&#8221;.vc_custom_1602789761873{margin-top: 60px !important;}&#8221;][vc_column_inner width=&#8221;1\/3&#8243;]\r\n<div class=\"sh-iconbox sh-iconbox-style2 sh-iconbox-center improved-responsiveness\" id=\"iconbox-EHKOI2zXGA\">\r\n\t\r\n\t\t\t\t\t<div class=\"sh-iconbox-icon\">\r\n\t\t\t\t<div class=\"sh-iconbox-icon-shape sh-iconbox-square\">\r\n\t\t\t\t\t<i class=\"sh-iconbox-hover fa fa-tint\"><\/i>\r\n\r\n\t\t\t\t\t\t\t\t\t<\/div>\r\n\t\t\t<\/div>\r\n\t\t\r\n\t\t<div class=\"sh-iconbox-aside\">\r\n\t\t\t<div class=\"sh-iconbox-title\">\r\n\t\t\t\t\t\t\t\t\t<h3>Fuel savings and efficiency<\/h3>\r\n\t\t\t\t\t\t\t<\/div>\r\n\t\t\t<div class=\"sh-iconbox-seperator\"><\/div>\r\n\t\t\t<div class=\"sh-iconbox-content\">\r\n\t\t\t\t\t\t\t<\/div>\r\n\t\t<\/div>\r\n\r\n\t<\/div>\r\n            <style type=\"text\/css\">\r\n                #iconbox-EHKOI2zXGA .sh-iconbox-title h3 {font-size: 24px;font-weight: bold!important;}#iconbox-EHKOI2zXGA .sh-iconbox-hover {font-size: 40px;}            <\/style>\r\n        [\/vc_column_inner][vc_column_inner width=&#8221;1\/3&#8243;]\r\n<div class=\"sh-iconbox sh-iconbox-style2 sh-iconbox-center improved-responsiveness\" id=\"iconbox-dW5OGC8RVg\">\r\n\t\r\n\t\t\t\t\t<div class=\"sh-iconbox-icon\">\r\n\t\t\t\t<div class=\"sh-iconbox-icon-shape sh-iconbox-square\">\r\n\t\t\t\t\t<i class=\"sh-iconbox-hover fa fa-bus\"><\/i>\r\n\r\n\t\t\t\t\t\t\t\t\t<\/div>\r\n\t\t\t<\/div>\r\n\t\t\r\n\t\t<div class=\"sh-iconbox-aside\">\r\n\t\t\t<div class=\"sh-iconbox-title\">\r\n\t\t\t\t\t\t\t\t\t<h3>Confort<\/h3>\r\n\t\t\t\t\t\t\t<\/div>\r\n\t\t\t<div class=\"sh-iconbox-seperator\"><\/div>\r\n\t\t\t<div class=\"sh-iconbox-content\">\r\n\t\t\t\t\t\t\t<\/div>\r\n\t\t<\/div>\r\n\r\n\t<\/div>\r\n            <style type=\"text\/css\">\r\n                #iconbox-dW5OGC8RVg .sh-iconbox-title h3 {font-size: 24px;font-weight: bold!important;}#iconbox-dW5OGC8RVg .sh-iconbox-hover {font-size: 40px;}            <\/style>\r\n        [\/vc_column_inner][vc_column_inner width=&#8221;1\/3&#8243;]\r\n<div class=\"sh-iconbox sh-iconbox-style2 sh-iconbox-center improved-responsiveness\" id=\"iconbox-tcq67mvF5U\">\r\n\t\r\n\t\t\t\t\t<div class=\"sh-iconbox-icon\">\r\n\t\t\t\t<div class=\"sh-iconbox-icon-shape sh-iconbox-square\">\r\n\t\t\t\t\t<i class=\"sh-iconbox-hover fa fa-user-circle\"><\/i>\r\n\r\n\t\t\t\t\t\t\t\t\t<\/div>\r\n\t\t\t<\/div>\r\n\t\t\r\n\t\t<div class=\"sh-iconbox-aside\">\r\n\t\t\t<div class=\"sh-iconbox-title\">\r\n\t\t\t\t\t\t\t\t\t<h3>Safety<\/h3>\r\n\t\t\t\t\t\t\t<\/div>\r\n\t\t\t<div class=\"sh-iconbox-seperator\"><\/div>\r\n\t\t\t<div class=\"sh-iconbox-content\">\r\n\t\t\t\t\t\t\t<\/div>\r\n\t\t<\/div>\r\n\r\n\t<\/div>\r\n            <style type=\"text\/css\">\r\n                #iconbox-tcq67mvF5U .sh-iconbox-title h3 {font-size: 24px;font-weight: bold!important;}#iconbox-tcq67mvF5U .sh-iconbox-hover {font-size: 40px;}            <\/style>\r\n        [\/vc_column_inner][\/vc_row_inner][\/vc_column][vc_column width=&#8221;1\/12&#8243;][\/vc_column][\/vc_row][vc_row full_width=&#8221;stretch_row_content_no_spaces&#8221; content_placement=&#8221;middle&#8221; overflow=&#8221;default&#8221; css=&#8221;.vc_custom_1604426673340{margin-top: 100px !important;padding-bottom: 0px !important;}&#8221; el_class=&#8221;products-block-02&#8243;][vc_column width=&#8221;1\/12&#8243;][\/vc_column][vc_column width=&#8221;5\/12&#8243; overflow=&#8221;default&#8221; el_class=&#8221;products-text-02&#8243; css=&#8221;.vc_custom_1600944743970{padding-bottom: 60px !important;}&#8221;][vc_custom_heading text=&#8221;EcoDriver \u2013 driving monitoring&#8221; use_theme_fonts=&#8221;yes&#8221;][vc_custom_heading text=&#8221;Some features&#8221; font_container=&#8221;tag:h3|text_align:left&#8221; use_theme_fonts=&#8221;yes&#8221;][vc_column_text el_class=&#8221;products-text-03&#8243;]<\/p>\n<ul>\n<li>Fleet utilization analysis<\/li>\n<li>Efficient vehicle ranking<\/li>\n<li>Safety vehicles ranking<\/li>\n<li>Economy vehicles ranking<\/li>\n<\/ul>\n<p>[\/vc_column_text][\/vc_column][vc_column width=&#8221;6\/12&#8243; overflow=&#8221;default&#8221;][vc_single_image image=&#8221;11386&#8243; img_size=&#8221;full&#8221; alignment=&#8221;right&#8221;][\/vc_column][\/vc_row][vc_row overflow=&#8221;default&#8221;][vc_column][\/vc_column][\/vc_row][vc_row full_width=&#8221;stretch_row_content_no_spaces&#8221; overflow=&#8221;default&#8221; css=&#8221;.vc_custom_1603993739358{padding-top: 80px !important;padding-bottom: 80px !important;background-image: url(https:\/\/stg.tecmic.com\/wp-content\/uploads\/2020\/10\/Tecmic-solucoes-ecodriver.jpg?id=11468) !important;background-position: center !important;background-repeat: no-repeat !important;background-size: cover !important;}&#8221; el_class=&#8221;products-block-02&#8243;][vc_column width=&#8221;1\/12&#8243;][\/vc_column][vc_column width=&#8221;5\/12&#8243; overflow=&#8221;default&#8221; el_class=&#8221;products-text-02&#8243;][vc_custom_heading text=&#8221;Benefits&#8221; font_container=&#8221;tag:h3|text_align:left&#8221; use_theme_fonts=&#8221;yes&#8221;][vc_column_text el_class=&#8221;products-text-03&#8243;]<\/p>\n<ul>\n<li>Analysis of fleet utilization allows for high cost reductions<\/li>\n<li>Optimizing fuel consumption<\/li>\n<li>Ranking of more efficient vehicle\/driver<\/li>\n<li>Decrease in maintenance costs<\/li>\n<\/ul>\n<p>[\/vc_column_text][\/vc_column][vc_column width=&#8221;6\/12&#8243;][\/vc_column][\/vc_row][vc_row full_width=&#8221;stretch_row&#8221; overflow=&#8221;default&#8221; text=&#8221;CONTACTE-NOS&#8221; url=&#8221;\/contacte-nos\/&#8221; target=&#8221;_self&#8221; alignment=&#8221;center&#8221; alignment_mobile=&#8221;center&#8221; image=&#8221;&#8221; icon=&#8221;&#8221; icon_alignment=&#8221;left&#8221; style=&#8221;5&#8243; size=&#8221;xlarge sh-button-xlarge-small&#8221; font_size=&#8221;24&#8243; radius=&#8221;25&#8243; border_size=&#8221;3&#8243; full=&#8221;&#8221; tale=&#8221;none&#8221; height=&#8221;&#8221; leftright_padding=&#8221;&#8221; margin=&#8221;0px 0px 0px 0px&#8221; text_color=&#8221;#ffffff&#8221; text_hover_color=&#8221;&#8221; background_color=&#8221;#dd3333&#8243; background_hover_color=&#8221;#093672&#8243; border_color=&#8221;#ffffff&#8221; border_hover_color=&#8221;&#8221; animation=&#8221;none&#8221; animation_speed=&#8221;2&#8243; animation_delay=&#8221;0&#8243; el_class=&#8221;block-know-more&#8221;][vc_column width=&#8221;1\/4&#8243;][\/vc_column][vc_column width=&#8221;1\/2&#8243;]\r\n<div id=\"button-qZvgPcFB9f\" class=\"sh-button-container  sh-button-style-5\">\r\n\t<div class=\"sh-element-margin\">\r\n\t\t<a href=\"\/contacte-nos\/\" target=\"_self\" class=\"sh-button sh-button-xlarge sh-button-xlarge-small \">\r\n\r\n\t\t\t\r\n\t\t\t\t\t\t\t<span class=\"sh-button-text\">\r\n\t\t\t\t\tLEARN MORE! CONTACT US\t\t\t\t<\/span>\r\n\t\t\t\r\n\t\t\t\r\n\t\t<\/a>\r\n\t\t\t<\/div>\r\n<\/div>\r\n            <style type=\"text\/css\">\r\n                #button-qZvgPcFB9f .sh-button {color: #ffffff;border: 3px solid #ffffff;box-shadow: 0px 2px 2px rgba(0,0,0,0.15);}#button-qZvgPcFB9f {text-align: center;}#button-qZvgPcFB9f .sh-element-margin {margin: 0px 0px 0px 0px;}#button-qZvgPcFB9f:not(.sh-button-style-2) .sh-button:hover {}#button-qZvgPcFB9f.sh-button-style-2 .sh-button:after {}#button-qZvgPcFB9f.sh-button-style-2 .sh-button:hover {}@media (max-width: 800px) {#button-qZvgPcFB9f {text-align: center;}}            <\/style>\r\n        [\/vc_column][vc_column width=&#8221;1\/4&#8243;][\/vc_column][\/vc_row][vc_row full_width=&#8221;stretch_row&#8221; content_placement=&#8221;bottom&#8221; overflow=&#8221;default&#8221; el_class=&#8221;block-modules&#8221;][vc_column overflow=&#8221;default&#8221; el_class=&#8221;products-modules-line&#8221;]\r\n<div class=\"sh-heading  \" id=\"heading-xT4hdQUCc9\">\r\n\t<div class=\"sh-element-margin\">\r\n\r\n\t\t\r\n\t\t\t<h2 class=\"sh-heading-content size-default text-center\">\r\n\t\t\t\tMODULES FOR PASSENGER TRANSPORTATION MANAGEMENT\t\t\t<\/h2>\r\n\r\n\t\t\r\n\t<\/div>\r\n<\/div>\r\n            <style type=\"text\/css\">\r\n                #heading-xT4hdQUCc9 .sh-element-margin {margin: 0px 0px 50px 0px;}#heading-xT4hdQUCc9 .sh-heading-content {font-weight: 700!important;color: #ffffff;}#heading-xT4hdQUCc9 .sh-heading-content,#heading-xT4hdQUCc9 .sh-heading-additional-text {}            <\/style>\r\n        [vc_basic_grid post_type=&#8221;page&#8221; max_items=&#8221;30&#8243; element_width=&#8221;3&#8243; gap=&#8221;15&#8243; orderby=&#8221;title&#8221; order=&#8221;ASC&#8221; item=&#8221;11093&#8243; grid_id=&#8221;vc_gid:1608653475994-51550467-d779-7&#8243; taxonomies=&#8221;25&#8243;][\/vc_column][\/vc_row]<\/p>\n","protected":false},"excerpt":{"rendered":"<p>A Tecmic oferece plataformas abertas que possibilitam a f\u00e1cil comunica\u00e7\u00e3o entre as aplica\u00e7\u00f5es da sua empresa e os nossos sistemas de localiza\u00e7\u00e3o e gest\u00e3o da frota e servi\u00e7os.<\/p>\n","protected":false},"author":4,"featured_media":12028,"parent":11832,"menu_order":2,"comment_status":"closed","ping_status":"closed","template":"","meta":{"footnotes":""},"categories":[58],"tags":[],"class_list":["post-12027","page","type-page","status-publish","has-post-thumbnail","hentry","category-passenger-modules"],"yoast_head":"<!-- This site is optimized with the Yoast SEO plugin v24.8.1 - https:\/\/yoast.com\/wordpress\/plugins\/seo\/ -->\r\n<title>EcoDriver - Tecmic<\/title>\r\n<meta name=\"robots\" content=\"index, follow, max-snippet:-1, max-image-preview:large, max-video-preview:-1\" \/>\r\n<link rel=\"canonical\" href=\"https:\/\/www.tecmic.com\/en\/tecmic-solutions\/passenger-transport-management\/ecodriver\/\" \/>\r\n<meta property=\"og:locale\" content=\"en_US\" \/>\r\n<meta property=\"og:type\" content=\"article\" \/>\r\n<meta property=\"og:title\" content=\"EcoDriver - Tecmic\" \/>\r\n<meta property=\"og:description\" content=\"A Tecmic oferece plataformas abertas que possibilitam a f\u00e1cil comunica\u00e7\u00e3o entre as aplica\u00e7\u00f5es da sua empresa e os nossos sistemas de localiza\u00e7\u00e3o e gest\u00e3o da frota e servi\u00e7os.\" \/>\r\n<meta property=\"og:url\" content=\"https:\/\/www.tecmic.com\/en\/tecmic-solutions\/passenger-transport-management\/ecodriver\/\" \/>\r\n<meta property=\"og:site_name\" content=\"Tecmic\" \/>\r\n<meta property=\"article:publisher\" content=\"https:\/\/www.facebook.com\/Tecmic-196226277112224\/\" \/>\r\n<meta property=\"article:modified_time\" content=\"2020-12-22T16:11:36+00:00\" \/>\r\n<meta property=\"og:image\" content=\"https:\/\/www.tecmic.com\/wp-content\/uploads\/2020\/06\/Tecmic-modulos_Passenger-Ecodriver-02.jpg\" \/>\r\n\t<meta property=\"og:image:width\" content=\"2200\" \/>\r\n\t<meta property=\"og:image:height\" content=\"660\" \/>\r\n\t<meta property=\"og:image:type\" content=\"image\/jpeg\" \/>\r\n<meta name=\"twitter:card\" content=\"summary_large_image\" \/>\r\n<meta name=\"twitter:label1\" content=\"Est. reading time\" \/>\n\t<meta name=\"twitter:data1\" content=\"3 minutes\" \/>\r\n<script type=\"application\/ld+json\" class=\"yoast-schema-graph\">{\"@context\":\"https:\/\/schema.org\",\"@graph\":[{\"@type\":\"WebPage\",\"@id\":\"https:\/\/www.tecmic.com\/en\/tecmic-solutions\/passenger-transport-management\/ecodriver\/\",\"url\":\"https:\/\/www.tecmic.com\/en\/tecmic-solutions\/passenger-transport-management\/ecodriver\/\",\"name\":\"EcoDriver - Tecmic\",\"isPartOf\":{\"@id\":\"https:\/\/www.tecmic.com\/#website\"},\"primaryImageOfPage\":{\"@id\":\"https:\/\/www.tecmic.com\/en\/tecmic-solutions\/passenger-transport-management\/ecodriver\/#primaryimage\"},\"image\":{\"@id\":\"https:\/\/www.tecmic.com\/en\/tecmic-solutions\/passenger-transport-management\/ecodriver\/#primaryimage\"},\"thumbnailUrl\":\"https:\/\/www.tecmic.com\/wp-content\/uploads\/2020\/06\/Tecmic-modulos_Passenger-Ecodriver-02.jpg\",\"datePublished\":\"2020-04-03T12:05:54+00:00\",\"dateModified\":\"2020-12-22T16:11:36+00:00\",\"breadcrumb\":{\"@id\":\"https:\/\/www.tecmic.com\/en\/tecmic-solutions\/passenger-transport-management\/ecodriver\/#breadcrumb\"},\"inLanguage\":\"en-US\",\"potentialAction\":[{\"@type\":\"ReadAction\",\"target\":[\"https:\/\/www.tecmic.com\/en\/tecmic-solutions\/passenger-transport-management\/ecodriver\/\"]}]},{\"@type\":\"ImageObject\",\"inLanguage\":\"en-US\",\"@id\":\"https:\/\/www.tecmic.com\/en\/tecmic-solutions\/passenger-transport-management\/ecodriver\/#primaryimage\",\"url\":\"https:\/\/www.tecmic.com\/wp-content\/uploads\/2020\/06\/Tecmic-modulos_Passenger-Ecodriver-02.jpg\",\"contentUrl\":\"https:\/\/www.tecmic.com\/wp-content\/uploads\/2020\/06\/Tecmic-modulos_Passenger-Ecodriver-02.jpg\",\"width\":2200,\"height\":660},{\"@type\":\"BreadcrumbList\",\"@id\":\"https:\/\/www.tecmic.com\/en\/tecmic-solutions\/passenger-transport-management\/ecodriver\/#breadcrumb\",\"itemListElement\":[{\"@type\":\"ListItem\",\"position\":1,\"name\":\"In\u00edcio\",\"item\":\"https:\/\/www.tecmic.com\/en\/\"},{\"@type\":\"ListItem\",\"position\":2,\"name\":\"Tecmic\u00b4s Solutions\",\"item\":\"https:\/\/www.tecmic.com\/en\/tecmic-solutions\/\"},{\"@type\":\"ListItem\",\"position\":3,\"name\":\"Passenger Transport Management\",\"item\":\"https:\/\/www.tecmic.com\/en\/tecmic-solutions\/passenger-transport-management\/\"},{\"@type\":\"ListItem\",\"position\":4,\"name\":\"EcoDriver\"}]},{\"@type\":\"WebSite\",\"@id\":\"https:\/\/www.tecmic.com\/#website\",\"url\":\"https:\/\/www.tecmic.com\/\",\"name\":\"Tecmic\",\"description\":\"The world outside inside your window\",\"publisher\":{\"@id\":\"https:\/\/www.tecmic.com\/#organization\"},\"potentialAction\":[{\"@type\":\"SearchAction\",\"target\":{\"@type\":\"EntryPoint\",\"urlTemplate\":\"https:\/\/www.tecmic.com\/?s={search_term_string}\"},\"query-input\":{\"@type\":\"PropertyValueSpecification\",\"valueRequired\":true,\"valueName\":\"search_term_string\"}}],\"inLanguage\":\"en-US\"},{\"@type\":\"Organization\",\"@id\":\"https:\/\/www.tecmic.com\/#organization\",\"name\":\"Tecmic\",\"url\":\"https:\/\/www.tecmic.com\/\",\"logo\":{\"@type\":\"ImageObject\",\"inLanguage\":\"en-US\",\"@id\":\"https:\/\/www.tecmic.com\/#\/schema\/logo\/image\/\",\"url\":\"https:\/\/www.tecmic.com\/wp-content\/uploads\/2020\/02\/Tecmic-logo_01.png\",\"contentUrl\":\"https:\/\/www.tecmic.com\/wp-content\/uploads\/2020\/02\/Tecmic-logo_01.png\",\"width\":2892,\"height\":317,\"caption\":\"Tecmic\"},\"image\":{\"@id\":\"https:\/\/www.tecmic.com\/#\/schema\/logo\/image\/\"},\"sameAs\":[\"https:\/\/www.facebook.com\/Tecmic-196226277112224\/\",\"https:\/\/www.linkedin.com\/company\/tecmic\/\"]}]}<\/script>\r\n<!-- \/ Yoast SEO plugin. -->","yoast_head_json":{"title":"EcoDriver - Tecmic","robots":{"index":"index","follow":"follow","max-snippet":"max-snippet:-1","max-image-preview":"max-image-preview:large","max-video-preview":"max-video-preview:-1"},"canonical":"https:\/\/www.tecmic.com\/en\/tecmic-solutions\/passenger-transport-management\/ecodriver\/","og_locale":"en_US","og_type":"article","og_title":"EcoDriver - Tecmic","og_description":"A Tecmic oferece plataformas abertas que possibilitam a f\u00e1cil comunica\u00e7\u00e3o entre as aplica\u00e7\u00f5es da sua empresa e os nossos sistemas de localiza\u00e7\u00e3o e gest\u00e3o da frota e servi\u00e7os.","og_url":"https:\/\/www.tecmic.com\/en\/tecmic-solutions\/passenger-transport-management\/ecodriver\/","og_site_name":"Tecmic","article_publisher":"https:\/\/www.facebook.com\/Tecmic-196226277112224\/","article_modified_time":"2020-12-22T16:11:36+00:00","og_image":[{"width":2200,"height":660,"url":"https:\/\/www.tecmic.com\/wp-content\/uploads\/2020\/06\/Tecmic-modulos_Passenger-Ecodriver-02.jpg","type":"image\/jpeg"}],"twitter_card":"summary_large_image","twitter_misc":{"Est. reading time":"3 minutes"},"schema":{"@context":"https:\/\/schema.org","@graph":[{"@type":"WebPage","@id":"https:\/\/www.tecmic.com\/en\/tecmic-solutions\/passenger-transport-management\/ecodriver\/","url":"https:\/\/www.tecmic.com\/en\/tecmic-solutions\/passenger-transport-management\/ecodriver\/","name":"EcoDriver - Tecmic","isPartOf":{"@id":"https:\/\/www.tecmic.com\/#website"},"primaryImageOfPage":{"@id":"https:\/\/www.tecmic.com\/en\/tecmic-solutions\/passenger-transport-management\/ecodriver\/#primaryimage"},"image":{"@id":"https:\/\/www.tecmic.com\/en\/tecmic-solutions\/passenger-transport-management\/ecodriver\/#primaryimage"},"thumbnailUrl":"https:\/\/www.tecmic.com\/wp-content\/uploads\/2020\/06\/Tecmic-modulos_Passenger-Ecodriver-02.jpg","datePublished":"2020-04-03T12:05:54+00:00","dateModified":"2020-12-22T16:11:36+00:00","breadcrumb":{"@id":"https:\/\/www.tecmic.com\/en\/tecmic-solutions\/passenger-transport-management\/ecodriver\/#breadcrumb"},"inLanguage":"en-US","potentialAction":[{"@type":"ReadAction","target":["https:\/\/www.tecmic.com\/en\/tecmic-solutions\/passenger-transport-management\/ecodriver\/"]}]},{"@type":"ImageObject","inLanguage":"en-US","@id":"https:\/\/www.tecmic.com\/en\/tecmic-solutions\/passenger-transport-management\/ecodriver\/#primaryimage","url":"https:\/\/www.tecmic.com\/wp-content\/uploads\/2020\/06\/Tecmic-modulos_Passenger-Ecodriver-02.jpg","contentUrl":"https:\/\/www.tecmic.com\/wp-content\/uploads\/2020\/06\/Tecmic-modulos_Passenger-Ecodriver-02.jpg","width":2200,"height":660},{"@type":"BreadcrumbList","@id":"https:\/\/www.tecmic.com\/en\/tecmic-solutions\/passenger-transport-management\/ecodriver\/#breadcrumb","itemListElement":[{"@type":"ListItem","position":1,"name":"In\u00edcio","item":"https:\/\/www.tecmic.com\/en\/"},{"@type":"ListItem","position":2,"name":"Tecmic\u00b4s Solutions","item":"https:\/\/www.tecmic.com\/en\/tecmic-solutions\/"},{"@type":"ListItem","position":3,"name":"Passenger Transport Management","item":"https:\/\/www.tecmic.com\/en\/tecmic-solutions\/passenger-transport-management\/"},{"@type":"ListItem","position":4,"name":"EcoDriver"}]},{"@type":"WebSite","@id":"https:\/\/www.tecmic.com\/#website","url":"https:\/\/www.tecmic.com\/","name":"Tecmic","description":"The world outside inside your window","publisher":{"@id":"https:\/\/www.tecmic.com\/#organization"},"potentialAction":[{"@type":"SearchAction","target":{"@type":"EntryPoint","urlTemplate":"https:\/\/www.tecmic.com\/?s={search_term_string}"},"query-input":{"@type":"PropertyValueSpecification","valueRequired":true,"valueName":"search_term_string"}}],"inLanguage":"en-US"},{"@type":"Organization","@id":"https:\/\/www.tecmic.com\/#organization","name":"Tecmic","url":"https:\/\/www.tecmic.com\/","logo":{"@type":"ImageObject","inLanguage":"en-US","@id":"https:\/\/www.tecmic.com\/#\/schema\/logo\/image\/","url":"https:\/\/www.tecmic.com\/wp-content\/uploads\/2020\/02\/Tecmic-logo_01.png","contentUrl":"https:\/\/www.tecmic.com\/wp-content\/uploads\/2020\/02\/Tecmic-logo_01.png","width":2892,"height":317,"caption":"Tecmic"},"image":{"@id":"https:\/\/www.tecmic.com\/#\/schema\/logo\/image\/"},"sameAs":["https:\/\/www.facebook.com\/Tecmic-196226277112224\/","https:\/\/www.linkedin.com\/company\/tecmic\/"]}]}},"_links":{"self":[{"href":"https:\/\/www.tecmic.com\/en\/wp-json\/wp\/v2\/pages\/12027"}],"collection":[{"href":"https:\/\/www.tecmic.com\/en\/wp-json\/wp\/v2\/pages"}],"about":[{"href":"https:\/\/www.tecmic.com\/en\/wp-json\/wp\/v2\/types\/page"}],"author":[{"embeddable":true,"href":"https:\/\/www.tecmic.com\/en\/wp-json\/wp\/v2\/users\/4"}],"replies":[{"embeddable":true,"href":"https:\/\/www.tecmic.com\/en\/wp-json\/wp\/v2\/comments?post=12027"}],"version-history":[{"count":3,"href":"https:\/\/www.tecmic.com\/en\/wp-json\/wp\/v2\/pages\/12027\/revisions"}],"predecessor-version":[{"id":12217,"href":"https:\/\/www.tecmic.com\/en\/wp-json\/wp\/v2\/pages\/12027\/revisions\/12217"}],"up":[{"embeddable":true,"href":"https:\/\/www.tecmic.com\/en\/wp-json\/wp\/v2\/pages\/11832"}],"wp:featuredmedia":[{"embeddable":true,"href":"https:\/\/www.tecmic.com\/en\/wp-json\/wp\/v2\/media\/12028"}],"wp:attachment":[{"href":"https:\/\/www.tecmic.com\/en\/wp-json\/wp\/v2\/media?parent=12027"}],"wp:term":[{"taxonomy":"category","embeddable":true,"href":"https:\/\/www.tecmic.com\/en\/wp-json\/wp\/v2\/categories?post=12027"},{"taxonomy":"post_tag","embeddable":true,"href":"https:\/\/www.tecmic.com\/en\/wp-json\/wp\/v2\/tags?post=12027"}],"curies":[{"name":"wp","href":"https:\/\/api.w.org\/{rel}","templated":true}]}}