{"id":12050,"date":"2020-03-25T18:31:18","date_gmt":"2020-03-25T18:31:03","guid":{"rendered":"https:\/\/stg.tecmic.com\/tecmic-solutions\/fleet-management\/gestao-de-transportes\/"},"modified":"2021-01-25T16:05:33","modified_gmt":"2021-01-25T16:05:33","slug":"gestao-de-transportes","status":"publish","type":"page","link":"https:\/\/www.tecmic.com\/en\/tecmic-solutions\/fleet-management\/gestao-de-transportes\/","title":{"rendered":"Transport Management"},"content":{"rendered":"<p>[vc_row overflow=&#8221;default&#8221; el_class=&#8221;heading-top&#8221;][vc_column width=&#8221;1\/12&#8243;][\/vc_column][vc_column width=&#8221;10\/12&#8243; overflow=&#8221;default&#8221; el_class=&#8221;products-text-01&#8243;][vc_custom_heading text=&#8221;Get full control of your transport performance and costs&#8221; use_theme_fonts=&#8221;yes&#8221;][vc_column_text]<\/p>\n<ul>\n<li>Drastic reduction of empty runs and empty kilometers<\/li>\n<li>Route deviation notifications of control points<\/li>\n<li>Accurate information for your customers with just a click<\/li>\n<\/ul>\n<p>&nbsp;<\/p>\n<p><b>What is the Transport Management Module<\/b><b>?<\/b><\/p>\n<p>Is an online computer application specially designed by Tecmic for transport companies that want to have an easy to use and implement a solution that allows them to have total control of costs and the execution of transport.<\/p>\n<p>It allows to create and manage, in a graphic and intuitive way, all the services associated with the transport of an order and to carry out the monitoring of all transports in an integrated manner, with the possibility of services that are subcontracted.<\/p>\n<p>The responsible person will be notified at any time of delays in the planned execution, control of execution points, and estimated arrival times in order to be able to inform his customers, quickly and comfortably, about the combined deliveries and collections.[\/vc_column_text][vc_separator][\/vc_column][vc_column width=&#8221;1\/12&#8243;][\/vc_column][\/vc_row][vc_row overflow=&#8221;default&#8221; css=&#8221;.vc_custom_1582214341212{padding-bottom: 60px !important;}&#8221; el_class=&#8221;products-text-01&#8243;][vc_column width=&#8221;1\/12&#8243;][\/vc_column][vc_column width=&#8221;5\/12&#8243; overflow=&#8221;default&#8221; el_class=&#8221;products-text-02&#8243;][vc_custom_heading text=&#8221;Planning optimization&#8221; font_container=&#8221;tag:h3|text_align:left&#8221; use_theme_fonts=&#8221;yes&#8221;][vc_column_text el_class=&#8221;products-text-03&#8243;]<\/p>\n<ul>\n<li>Management of customers and points of delivery on the same platform<\/li>\n<li>Registration of orders with georeferencing<\/li>\n<li>Division of Orders in Internal and External Services<\/li>\n<li>Travel optimization with graph and map support<\/li>\n<li>Definition of staging points and delivery notes<\/li>\n<li>Consult of estimated arrival times<\/li>\n<li>Optimization of planning and shipping<\/li>\n<\/ul>\n<p>[\/vc_column_text][\/vc_column][vc_column width=&#8221;5\/12&#8243;][vc_custom_heading text=&#8221;Support for quick and effective decision&#8221; font_container=&#8221;tag:h3|text_align:left&#8221; use_theme_fonts=&#8221;yes&#8221;][vc_column_text el_class=&#8221;products-text-03&#8243;]<\/p>\n<ul>\n<li>Geographic location of orders, customers and locations<\/li>\n<li>Visualization of routes to take<\/li>\n<li>Time constraints alert<\/li>\n<li>Consultation of stocks on vehicles<\/li>\n<li>More efficient vehicle and travel management<\/li>\n<li>Availability search by proximity to location and dates<\/li>\n<\/ul>\n<p>[\/vc_column_text][vc_custom_heading text=&#8221;Benefits&#8221; font_container=&#8221;tag:h3|text_align:left&#8221; use_theme_fonts=&#8221;yes&#8221;][vc_column_text el_class=&#8221;products-text-03&#8243;]<\/p>\n<ul>\n<li>Increase control of transport performance<\/li>\n<li>Dramatically reduce empty kilometres<\/li>\n<li>Improve punctuality<\/li>\n<li>Transport tracking and location<\/li>\n<li>Route delay and deviation notifications<\/li>\n<li>Accurate information for customers<\/li>\n<\/ul>\n<p>[\/vc_column_text][\/vc_column][vc_column width=&#8221;1\/12&#8243;][\/vc_column][\/vc_row][vc_row full_width=&#8221;stretch_row&#8221; content_placement=&#8221;bottom&#8221; overflow=&#8221;default&#8221; el_class=&#8221;block-modules&#8221;][vc_column overflow=&#8221;default&#8221; el_class=&#8221;products-modules-line&#8221;]\r\n<div class=\"sh-heading  \" id=\"heading-opg9aNWEbK\">\r\n\t<div class=\"sh-element-margin\">\r\n\r\n\t\t\r\n\t\t\t<h2 class=\"sh-heading-content size-default text-center\">\r\n\t\t\t\tFLEET MANAGEMENT MODULES\t\t\t<\/h2>\r\n\r\n\t\t\r\n\t<\/div>\r\n<\/div>\r\n            <style type=\"text\/css\">\r\n                #heading-opg9aNWEbK .sh-element-margin {margin: 0px 0px 50px 0px;}#heading-opg9aNWEbK .sh-heading-content {font-weight: 700!important;color: #ffffff;}#heading-opg9aNWEbK .sh-heading-content,#heading-opg9aNWEbK .sh-heading-additional-text {}            <\/style>\r\n        [vc_basic_grid post_type=&#8221;page&#8221; max_items=&#8221;30&#8243; show_filter=&#8221;yes&#8221; element_width=&#8221;3&#8243; gap=&#8221;15&#8243; orderby=&#8221;title&#8221; order=&#8221;ASC&#8221; filter_style=&#8221;filled&#8221; filter_default_title=&#8221;Todas as Solu\u00e7\u00f5es&#8221; filter_color=&#8221;white&#8221; item=&#8221;11093&#8243; grid_id=&#8221;vc_gid:1611590684274-87e716e7-bf92-6&#8243; taxonomies=&#8221;27, 32, 33, 31, 34, 30&#8243; filter_source=&#8221;category&#8221; exclude_filter=&#8221;27&#8243;][\/vc_column][\/vc_row][vc_row full_width=&#8221;stretch_row&#8221; overflow=&#8221;default&#8221; text=&#8221;CONTACTE-NOS&#8221; url=&#8221;\/contacte-nos\/&#8221; target=&#8221;_self&#8221; alignment=&#8221;center&#8221; alignment_mobile=&#8221;center&#8221; image=&#8221;&#8221; icon=&#8221;&#8221; icon_alignment=&#8221;left&#8221; style=&#8221;5&#8243; size=&#8221;xlarge sh-button-xlarge-small&#8221; font_size=&#8221;24&#8243; radius=&#8221;25&#8243; border_size=&#8221;3&#8243; full=&#8221;&#8221; tale=&#8221;none&#8221; height=&#8221;&#8221; leftright_padding=&#8221;&#8221; margin=&#8221;0px 0px 0px 0px&#8221; text_color=&#8221;#ffffff&#8221; text_hover_color=&#8221;&#8221; background_color=&#8221;#dd3333&#8243; background_hover_color=&#8221;#093672&#8243; border_color=&#8221;#ffffff&#8221; border_hover_color=&#8221;&#8221; animation=&#8221;none&#8221; animation_speed=&#8221;2&#8243; animation_delay=&#8221;0&#8243; el_class=&#8221;block-know-more&#8221;][vc_column width=&#8221;1\/4&#8243;][\/vc_column][vc_column width=&#8221;1\/2&#8243;]\r\n<div id=\"button-Atgco3YvwK\" class=\"sh-button-container  sh-button-style-5\">\r\n\t<div class=\"sh-element-margin\">\r\n\t\t<a href=\"\/contacte-nos\/\" target=\"_self\" class=\"sh-button sh-button-xlarge sh-button-xlarge-small \">\r\n\r\n\t\t\t\r\n\t\t\t\t\t\t\t<span class=\"sh-button-text\">\r\n\t\t\t\t\tLEARN MORE! CONTACT US\t\t\t\t<\/span>\r\n\t\t\t\r\n\t\t\t\r\n\t\t<\/a>\r\n\t\t\t<\/div>\r\n<\/div>\r\n            <style type=\"text\/css\">\r\n                #button-Atgco3YvwK .sh-button {color: #ffffff;border: 3px solid #ffffff;box-shadow: 0px 2px 2px rgba(0,0,0,0.15);}#button-Atgco3YvwK {text-align: center;}#button-Atgco3YvwK .sh-element-margin {margin: 0px 0px 0px 0px;}#button-Atgco3YvwK:not(.sh-button-style-2) .sh-button:hover {}#button-Atgco3YvwK.sh-button-style-2 .sh-button:after {}#button-Atgco3YvwK.sh-button-style-2 .sh-button:hover {}@media (max-width: 800px) {#button-Atgco3YvwK {text-align: center;}}            <\/style>\r\n        [\/vc_column][vc_column width=&#8221;1\/4&#8243;][\/vc_column][\/vc_row]<\/p>\n","protected":false},"excerpt":{"rendered":"<p>Especialmente concebida para empresas de transporte que queiram contar com uma solu\u00e7\u00e3o f\u00e1cil de utilizar e implementar, que lhes permita um controlo total dos custos e da execu\u00e7\u00e3o dos transportes.<\/p>\n","protected":false},"author":4,"featured_media":12051,"parent":11827,"menu_order":8,"comment_status":"closed","ping_status":"closed","template":"","meta":{"footnotes":""},"categories":[63,66],"tags":[],"class_list":["post-12050","page","type-page","status-publish","has-post-thumbnail","hentry","category-drivers-and-driving","category-efficient-fleet-management"],"yoast_head":"<!-- This site is optimized with the Yoast SEO plugin v24.8.1 - https:\/\/yoast.com\/wordpress\/plugins\/seo\/ -->\r\n<title>Transport Management - Tecmic<\/title>\r\n<meta name=\"robots\" content=\"index, follow, max-snippet:-1, max-image-preview:large, max-video-preview:-1\" \/>\r\n<link rel=\"canonical\" href=\"https:\/\/www.tecmic.com\/en\/tecmic-solutions\/fleet-management\/gestao-de-transportes\/\" \/>\r\n<meta property=\"og:locale\" content=\"en_US\" \/>\r\n<meta property=\"og:type\" content=\"article\" \/>\r\n<meta property=\"og:title\" content=\"Transport Management - Tecmic\" \/>\r\n<meta property=\"og:description\" content=\"Especialmente concebida para empresas de transporte que queiram contar com uma solu\u00e7\u00e3o f\u00e1cil de utilizar e implementar, que lhes permita um controlo total dos custos e da execu\u00e7\u00e3o dos transportes.\" \/>\r\n<meta property=\"og:url\" content=\"https:\/\/www.tecmic.com\/en\/tecmic-solutions\/fleet-management\/gestao-de-transportes\/\" \/>\r\n<meta property=\"og:site_name\" content=\"Tecmic\" \/>\r\n<meta property=\"article:publisher\" content=\"https:\/\/www.facebook.com\/Tecmic-196226277112224\/\" \/>\r\n<meta property=\"article:modified_time\" content=\"2021-01-25T16:05:33+00:00\" \/>\r\n<meta property=\"og:image\" content=\"https:\/\/www.tecmic.com\/wp-content\/uploads\/2020\/02\/Tecmic-modulos_XTraN-gestao-de-transportes-02.jpg\" \/>\r\n\t<meta property=\"og:image:width\" content=\"2200\" \/>\r\n\t<meta property=\"og:image:height\" content=\"660\" \/>\r\n\t<meta property=\"og:image:type\" content=\"image\/jpeg\" \/>\r\n<meta name=\"twitter:card\" content=\"summary_large_image\" \/>\r\n<meta name=\"twitter:label1\" content=\"Est. reading time\" \/>\n\t<meta name=\"twitter:data1\" content=\"3 minutes\" \/>\r\n<script type=\"application\/ld+json\" class=\"yoast-schema-graph\">{\"@context\":\"https:\/\/schema.org\",\"@graph\":[{\"@type\":\"WebPage\",\"@id\":\"https:\/\/www.tecmic.com\/en\/tecmic-solutions\/fleet-management\/gestao-de-transportes\/\",\"url\":\"https:\/\/www.tecmic.com\/en\/tecmic-solutions\/fleet-management\/gestao-de-transportes\/\",\"name\":\"Transport Management - Tecmic\",\"isPartOf\":{\"@id\":\"https:\/\/www.tecmic.com\/#website\"},\"primaryImageOfPage\":{\"@id\":\"https:\/\/www.tecmic.com\/en\/tecmic-solutions\/fleet-management\/gestao-de-transportes\/#primaryimage\"},\"image\":{\"@id\":\"https:\/\/www.tecmic.com\/en\/tecmic-solutions\/fleet-management\/gestao-de-transportes\/#primaryimage\"},\"thumbnailUrl\":\"https:\/\/www.tecmic.com\/wp-content\/uploads\/2020\/02\/Tecmic-modulos_XTraN-gestao-de-transportes-02.jpg\",\"datePublished\":\"2020-03-25T18:31:03+00:00\",\"dateModified\":\"2021-01-25T16:05:33+00:00\",\"breadcrumb\":{\"@id\":\"https:\/\/www.tecmic.com\/en\/tecmic-solutions\/fleet-management\/gestao-de-transportes\/#breadcrumb\"},\"inLanguage\":\"en-US\",\"potentialAction\":[{\"@type\":\"ReadAction\",\"target\":[\"https:\/\/www.tecmic.com\/en\/tecmic-solutions\/fleet-management\/gestao-de-transportes\/\"]}]},{\"@type\":\"ImageObject\",\"inLanguage\":\"en-US\",\"@id\":\"https:\/\/www.tecmic.com\/en\/tecmic-solutions\/fleet-management\/gestao-de-transportes\/#primaryimage\",\"url\":\"https:\/\/www.tecmic.com\/wp-content\/uploads\/2020\/02\/Tecmic-modulos_XTraN-gestao-de-transportes-02.jpg\",\"contentUrl\":\"https:\/\/www.tecmic.com\/wp-content\/uploads\/2020\/02\/Tecmic-modulos_XTraN-gestao-de-transportes-02.jpg\",\"width\":2200,\"height\":660},{\"@type\":\"BreadcrumbList\",\"@id\":\"https:\/\/www.tecmic.com\/en\/tecmic-solutions\/fleet-management\/gestao-de-transportes\/#breadcrumb\",\"itemListElement\":[{\"@type\":\"ListItem\",\"position\":1,\"name\":\"In\u00edcio\",\"item\":\"https:\/\/www.tecmic.com\/en\/\"},{\"@type\":\"ListItem\",\"position\":2,\"name\":\"Tecmic\u00b4s Solutions\",\"item\":\"https:\/\/www.tecmic.com\/en\/tecmic-solutions\/\"},{\"@type\":\"ListItem\",\"position\":3,\"name\":\"Fleet Management\",\"item\":\"https:\/\/www.tecmic.com\/en\/tecmic-solutions\/fleet-management\/\"},{\"@type\":\"ListItem\",\"position\":4,\"name\":\"Transport Management\"}]},{\"@type\":\"WebSite\",\"@id\":\"https:\/\/www.tecmic.com\/#website\",\"url\":\"https:\/\/www.tecmic.com\/\",\"name\":\"Tecmic\",\"description\":\"The world outside inside your window\",\"publisher\":{\"@id\":\"https:\/\/www.tecmic.com\/#organization\"},\"potentialAction\":[{\"@type\":\"SearchAction\",\"target\":{\"@type\":\"EntryPoint\",\"urlTemplate\":\"https:\/\/www.tecmic.com\/?s={search_term_string}\"},\"query-input\":{\"@type\":\"PropertyValueSpecification\",\"valueRequired\":true,\"valueName\":\"search_term_string\"}}],\"inLanguage\":\"en-US\"},{\"@type\":\"Organization\",\"@id\":\"https:\/\/www.tecmic.com\/#organization\",\"name\":\"Tecmic\",\"url\":\"https:\/\/www.tecmic.com\/\",\"logo\":{\"@type\":\"ImageObject\",\"inLanguage\":\"en-US\",\"@id\":\"https:\/\/www.tecmic.com\/#\/schema\/logo\/image\/\",\"url\":\"https:\/\/www.tecmic.com\/wp-content\/uploads\/2020\/02\/Tecmic-logo_01.png\",\"contentUrl\":\"https:\/\/www.tecmic.com\/wp-content\/uploads\/2020\/02\/Tecmic-logo_01.png\",\"width\":2892,\"height\":317,\"caption\":\"Tecmic\"},\"image\":{\"@id\":\"https:\/\/www.tecmic.com\/#\/schema\/logo\/image\/\"},\"sameAs\":[\"https:\/\/www.facebook.com\/Tecmic-196226277112224\/\",\"https:\/\/www.linkedin.com\/company\/tecmic\/\"]}]}<\/script>\r\n<!-- \/ Yoast SEO plugin. -->","yoast_head_json":{"title":"Transport Management - Tecmic","robots":{"index":"index","follow":"follow","max-snippet":"max-snippet:-1","max-image-preview":"max-image-preview:large","max-video-preview":"max-video-preview:-1"},"canonical":"https:\/\/www.tecmic.com\/en\/tecmic-solutions\/fleet-management\/gestao-de-transportes\/","og_locale":"en_US","og_type":"article","og_title":"Transport Management - Tecmic","og_description":"Especialmente concebida para empresas de transporte que queiram contar com uma solu\u00e7\u00e3o f\u00e1cil de utilizar e implementar, que lhes permita um controlo total dos custos e da execu\u00e7\u00e3o dos transportes.","og_url":"https:\/\/www.tecmic.com\/en\/tecmic-solutions\/fleet-management\/gestao-de-transportes\/","og_site_name":"Tecmic","article_publisher":"https:\/\/www.facebook.com\/Tecmic-196226277112224\/","article_modified_time":"2021-01-25T16:05:33+00:00","og_image":[{"width":2200,"height":660,"url":"https:\/\/www.tecmic.com\/wp-content\/uploads\/2020\/02\/Tecmic-modulos_XTraN-gestao-de-transportes-02.jpg","type":"image\/jpeg"}],"twitter_card":"summary_large_image","twitter_misc":{"Est. reading time":"3 minutes"},"schema":{"@context":"https:\/\/schema.org","@graph":[{"@type":"WebPage","@id":"https:\/\/www.tecmic.com\/en\/tecmic-solutions\/fleet-management\/gestao-de-transportes\/","url":"https:\/\/www.tecmic.com\/en\/tecmic-solutions\/fleet-management\/gestao-de-transportes\/","name":"Transport Management - Tecmic","isPartOf":{"@id":"https:\/\/www.tecmic.com\/#website"},"primaryImageOfPage":{"@id":"https:\/\/www.tecmic.com\/en\/tecmic-solutions\/fleet-management\/gestao-de-transportes\/#primaryimage"},"image":{"@id":"https:\/\/www.tecmic.com\/en\/tecmic-solutions\/fleet-management\/gestao-de-transportes\/#primaryimage"},"thumbnailUrl":"https:\/\/www.tecmic.com\/wp-content\/uploads\/2020\/02\/Tecmic-modulos_XTraN-gestao-de-transportes-02.jpg","datePublished":"2020-03-25T18:31:03+00:00","dateModified":"2021-01-25T16:05:33+00:00","breadcrumb":{"@id":"https:\/\/www.tecmic.com\/en\/tecmic-solutions\/fleet-management\/gestao-de-transportes\/#breadcrumb"},"inLanguage":"en-US","potentialAction":[{"@type":"ReadAction","target":["https:\/\/www.tecmic.com\/en\/tecmic-solutions\/fleet-management\/gestao-de-transportes\/"]}]},{"@type":"ImageObject","inLanguage":"en-US","@id":"https:\/\/www.tecmic.com\/en\/tecmic-solutions\/fleet-management\/gestao-de-transportes\/#primaryimage","url":"https:\/\/www.tecmic.com\/wp-content\/uploads\/2020\/02\/Tecmic-modulos_XTraN-gestao-de-transportes-02.jpg","contentUrl":"https:\/\/www.tecmic.com\/wp-content\/uploads\/2020\/02\/Tecmic-modulos_XTraN-gestao-de-transportes-02.jpg","width":2200,"height":660},{"@type":"BreadcrumbList","@id":"https:\/\/www.tecmic.com\/en\/tecmic-solutions\/fleet-management\/gestao-de-transportes\/#breadcrumb","itemListElement":[{"@type":"ListItem","position":1,"name":"In\u00edcio","item":"https:\/\/www.tecmic.com\/en\/"},{"@type":"ListItem","position":2,"name":"Tecmic\u00b4s Solutions","item":"https:\/\/www.tecmic.com\/en\/tecmic-solutions\/"},{"@type":"ListItem","position":3,"name":"Fleet Management","item":"https:\/\/www.tecmic.com\/en\/tecmic-solutions\/fleet-management\/"},{"@type":"ListItem","position":4,"name":"Transport Management"}]},{"@type":"WebSite","@id":"https:\/\/www.tecmic.com\/#website","url":"https:\/\/www.tecmic.com\/","name":"Tecmic","description":"The world outside inside your window","publisher":{"@id":"https:\/\/www.tecmic.com\/#organization"},"potentialAction":[{"@type":"SearchAction","target":{"@type":"EntryPoint","urlTemplate":"https:\/\/www.tecmic.com\/?s={search_term_string}"},"query-input":{"@type":"PropertyValueSpecification","valueRequired":true,"valueName":"search_term_string"}}],"inLanguage":"en-US"},{"@type":"Organization","@id":"https:\/\/www.tecmic.com\/#organization","name":"Tecmic","url":"https:\/\/www.tecmic.com\/","logo":{"@type":"ImageObject","inLanguage":"en-US","@id":"https:\/\/www.tecmic.com\/#\/schema\/logo\/image\/","url":"https:\/\/www.tecmic.com\/wp-content\/uploads\/2020\/02\/Tecmic-logo_01.png","contentUrl":"https:\/\/www.tecmic.com\/wp-content\/uploads\/2020\/02\/Tecmic-logo_01.png","width":2892,"height":317,"caption":"Tecmic"},"image":{"@id":"https:\/\/www.tecmic.com\/#\/schema\/logo\/image\/"},"sameAs":["https:\/\/www.facebook.com\/Tecmic-196226277112224\/","https:\/\/www.linkedin.com\/company\/tecmic\/"]}]}},"_links":{"self":[{"href":"https:\/\/www.tecmic.com\/en\/wp-json\/wp\/v2\/pages\/12050"}],"collection":[{"href":"https:\/\/www.tecmic.com\/en\/wp-json\/wp\/v2\/pages"}],"about":[{"href":"https:\/\/www.tecmic.com\/en\/wp-json\/wp\/v2\/types\/page"}],"author":[{"embeddable":true,"href":"https:\/\/www.tecmic.com\/en\/wp-json\/wp\/v2\/users\/4"}],"replies":[{"embeddable":true,"href":"https:\/\/www.tecmic.com\/en\/wp-json\/wp\/v2\/comments?post=12050"}],"version-history":[{"count":4,"href":"https:\/\/www.tecmic.com\/en\/wp-json\/wp\/v2\/pages\/12050\/revisions"}],"predecessor-version":[{"id":12308,"href":"https:\/\/www.tecmic.com\/en\/wp-json\/wp\/v2\/pages\/12050\/revisions\/12308"}],"up":[{"embeddable":true,"href":"https:\/\/www.tecmic.com\/en\/wp-json\/wp\/v2\/pages\/11827"}],"wp:featuredmedia":[{"embeddable":true,"href":"https:\/\/www.tecmic.com\/en\/wp-json\/wp\/v2\/media\/12051"}],"wp:attachment":[{"href":"https:\/\/www.tecmic.com\/en\/wp-json\/wp\/v2\/media?parent=12050"}],"wp:term":[{"taxonomy":"category","embeddable":true,"href":"https:\/\/www.tecmic.com\/en\/wp-json\/wp\/v2\/categories?post=12050"},{"taxonomy":"post_tag","embeddable":true,"href":"https:\/\/www.tecmic.com\/en\/wp-json\/wp\/v2\/tags?post=12050"}],"curies":[{"name":"wp","href":"https:\/\/api.w.org\/{rel}","templated":true}]}}