{"id":12482,"date":"2020-03-05T12:56:18","date_gmt":"2020-03-05T12:56:04","guid":{"rendered":"https:\/\/www.tecmic.com\/politica-de-privacidade\/"},"modified":"2021-09-20T14:32:34","modified_gmt":"2021-09-20T14:32:34","slug":"politica-de-privacidad","status":"publish","type":"page","link":"https:\/\/www.tecmic.com\/es\/empresa\/politica-de-privacidad\/","title":{"rendered":"Pol\u00edtica de privacidad"},"content":{"rendered":"<h3><strong>General <\/strong><\/h3>\n<p><span class=\"Y2IQFc\" lang=\"es\">El Grupo TRAILTEC es responsable del tratamiento de los datos personales de los empleados, becarios, clientes, proveedores, visitantes del sitio web de cada una de las empresas del grupo y dem\u00e1s grupos de inter\u00e9s relevantes. Cualquier pregunta relacionada con datos personales debe dirigirse a: rgpd@tecmic.pt.<\/span><\/p>\n<h3><strong>Categor\u00edas de datos personales tratados<\/strong><\/h3>\n<p><span class=\"Y2IQFc\" lang=\"es\">Las empresas del Grupo tratan, en el \u00e1mbito de su actividad y los servicios que prestan, las siguientes categor\u00edas de datos &#8211; identificaci\u00f3n general, identificaci\u00f3n y marco profesional, datos curriculares, datos relacionados con los contratos y la relaci\u00f3n laboral, comercial y de pr\u00e1cticas y datos relacionados con la visita a los sitios web de las empresas del Grupo, como cookies para mejorar la experiencia del usuario, nombre y direcci\u00f3n de correo electr\u00f3nico para un mejor contacto. Los datos personales son tratados para la ejecuci\u00f3n de contratos, para el cumplimiento de obligaciones legales, para la mejora continua del servicio prestado por las empresas del Grupo, en el \u00e1mbito del inter\u00e9s leg\u00edtimo en desarrollar relaciones comerciales y laborales, y para el env\u00edo de informaci\u00f3n sobre campa\u00f1as, promociones. y eventos, en soporte f\u00edsico y digital. Siempre que sea necesario, se solicitar\u00e1 el consentimiento a los titulares de los datos personales.<\/span><\/p>\n<h3><strong>Forma de tratamiento<\/strong><\/h3>\n<p>El tratamiento de los datos personales se realiza con las medidas y los controles tecnol\u00f3gicos y de organizaci\u00f3n adecuados y que consideramos proporcionales para protegerlos y preservarlos,&nbsp; incluyendo: la gesti\u00f3n de la autenticaci\u00f3n y de accesos a los sistemas y a las instalaciones, a la gesti\u00f3n de perfiles de utilizaci\u00f3n de los sistemas, el accesso controlado a informaci\u00f3n con caracter restringido, en cualquier soporte, la celebraci\u00f3n de acuerdos de confidencialidad y de sigilo profesional con los colaboradores y becarios y la utilizaci\u00f3n de t\u00e9cnicas m\u00e1s robustas de anti-intrusi\u00f3n y encriptaci\u00f3n de dispositivos, medios e informaci\u00f3n, cuando neces\u00e1rio.<\/p>\n<p><span class=\"Y2IQFc\" lang=\"es\">Los datos personales, con car\u00e1cter general, se conservan mientras dure la relaci\u00f3n contractual con las empresas del Grupo, durante el plazo legal obligatorio. En caso de que se solicite el consentimiento del interesado, se conservan, para fines espec\u00edficos, mientras dure la relaci\u00f3n y en inter\u00e9s leg\u00edtimo mutuo. Pueden ser cedidos, para los mismos fines, a entidades requeridas por ley o a terceros. Siempre que se comparta con terceros fuera del Espacio Econ\u00f3mico Europeo, nos comprometemos a actuar seg\u00fan lo estipulado por el reglamento general de protecci\u00f3n de datos, en el contexto de transferencias de datos personales.<\/span><\/p>\n<p><span class=\"Y2IQFc\" lang=\"es\">Se asegurar\u00e1 la respuesta a las solicitudes de acceso, obtenci\u00f3n y consulta de datos personales, actualizaci\u00f3n o alteraci\u00f3n, pudiendo solicitarse la supresi\u00f3n, restricci\u00f3n y oposici\u00f3n al tratamiento y el cese del tratamiento autom\u00e1tico de los datos personales para la gesti\u00f3n del perfil, en el caso de solicitudes, de acuerdo con la legislaci\u00f3n vigente. En los casos en que se haya otorgado el consentimiento, se podr\u00e1 retirar mediante el contacto: rgpd@temic.pt.<\/span><\/p>\n<p><span class=\"Y2IQFc\" lang=\"es\">Los propietarios de datos personales pueden reclamar acerca de su procesamiento ante la autoridad nacional de control.<\/span><\/p>\n","protected":false},"excerpt":{"rendered":"<p>General El Grupo TRAILTEC es responsable del tratamiento de los datos personales de los empleados, becarios, clientes, proveedores, visitantes del sitio web de cada una&#8230;<\/p>\n","protected":false},"author":4,"featured_media":12483,"parent":12487,"menu_order":1,"comment_status":"closed","ping_status":"closed","template":"","meta":{"footnotes":""},"categories":[],"tags":[],"class_list":["post-12482","page","type-page","status-publish","has-post-thumbnail","hentry"],"yoast_head":"<!-- This site is optimized with the Yoast SEO plugin v24.8.1 - https:\/\/yoast.com\/wordpress\/plugins\/seo\/ -->\r\n<title>Pol\u00edtica de privacidad - Tecmic<\/title>\r\n<meta name=\"robots\" content=\"index, follow, max-snippet:-1, max-image-preview:large, max-video-preview:-1\" \/>\r\n<link rel=\"canonical\" href=\"https:\/\/www.tecmic.com\/es\/empresa\/politica-de-privacidad\/\" \/>\r\n<meta property=\"og:locale\" content=\"es_ES\" \/>\r\n<meta property=\"og:type\" content=\"article\" \/>\r\n<meta property=\"og:title\" content=\"Pol\u00edtica de privacidad - Tecmic\" \/>\r\n<meta property=\"og:description\" content=\"General El Grupo TRAILTEC es responsable del tratamiento de los datos personales de los empleados, becarios, clientes, proveedores, visitantes del sitio web de cada una...\" \/>\r\n<meta property=\"og:url\" content=\"https:\/\/www.tecmic.com\/es\/empresa\/politica-de-privacidad\/\" \/>\r\n<meta property=\"og:site_name\" content=\"Tecmic\" \/>\r\n<meta property=\"article:publisher\" content=\"https:\/\/www.facebook.com\/Tecmic-196226277112224\/\" \/>\r\n<meta property=\"article:modified_time\" content=\"2021-09-20T14:32:34+00:00\" \/>\r\n<meta property=\"og:image\" content=\"https:\/\/www.tecmic.com\/wp-content\/uploads\/2020\/02\/Tecmic-Inovacao_banner.jpg\" \/>\r\n\t<meta property=\"og:image:width\" content=\"2200\" \/>\r\n\t<meta property=\"og:image:height\" content=\"660\" \/>\r\n\t<meta property=\"og:image:type\" content=\"image\/jpeg\" \/>\r\n<meta name=\"twitter:card\" content=\"summary_large_image\" \/>\r\n<meta name=\"twitter:label1\" content=\"Tiempo de lectura\" \/>\n\t<meta name=\"twitter:data1\" content=\"3 minutos\" \/>\r\n<script type=\"application\/ld+json\" class=\"yoast-schema-graph\">{\"@context\":\"https:\/\/schema.org\",\"@graph\":[{\"@type\":\"WebPage\",\"@id\":\"https:\/\/www.tecmic.com\/es\/empresa\/politica-de-privacidad\/\",\"url\":\"https:\/\/www.tecmic.com\/es\/empresa\/politica-de-privacidad\/\",\"name\":\"Pol\u00edtica de privacidad - Tecmic\",\"isPartOf\":{\"@id\":\"https:\/\/www.tecmic.com\/#website\"},\"primaryImageOfPage\":{\"@id\":\"https:\/\/www.tecmic.com\/es\/empresa\/politica-de-privacidad\/#primaryimage\"},\"image\":{\"@id\":\"https:\/\/www.tecmic.com\/es\/empresa\/politica-de-privacidad\/#primaryimage\"},\"thumbnailUrl\":\"https:\/\/www.tecmic.com\/wp-content\/uploads\/2020\/02\/Tecmic-Inovacao_banner.jpg\",\"datePublished\":\"2020-03-05T12:56:04+00:00\",\"dateModified\":\"2021-09-20T14:32:34+00:00\",\"breadcrumb\":{\"@id\":\"https:\/\/www.tecmic.com\/es\/empresa\/politica-de-privacidad\/#breadcrumb\"},\"inLanguage\":\"es\",\"potentialAction\":[{\"@type\":\"ReadAction\",\"target\":[\"https:\/\/www.tecmic.com\/es\/empresa\/politica-de-privacidad\/\"]}]},{\"@type\":\"ImageObject\",\"inLanguage\":\"es\",\"@id\":\"https:\/\/www.tecmic.com\/es\/empresa\/politica-de-privacidad\/#primaryimage\",\"url\":\"https:\/\/www.tecmic.com\/wp-content\/uploads\/2020\/02\/Tecmic-Inovacao_banner.jpg\",\"contentUrl\":\"https:\/\/www.tecmic.com\/wp-content\/uploads\/2020\/02\/Tecmic-Inovacao_banner.jpg\",\"width\":2200,\"height\":660},{\"@type\":\"BreadcrumbList\",\"@id\":\"https:\/\/www.tecmic.com\/es\/empresa\/politica-de-privacidad\/#breadcrumb\",\"itemListElement\":[{\"@type\":\"ListItem\",\"position\":1,\"name\":\"In\u00edcio\",\"item\":\"https:\/\/www.tecmic.com\/es\/\"},{\"@type\":\"ListItem\",\"position\":2,\"name\":\"Empresa\",\"item\":\"https:\/\/www.tecmic.com\/es\/empresa\/\"},{\"@type\":\"ListItem\",\"position\":3,\"name\":\"Pol\u00edtica de privacidad\"}]},{\"@type\":\"WebSite\",\"@id\":\"https:\/\/www.tecmic.com\/#website\",\"url\":\"https:\/\/www.tecmic.com\/\",\"name\":\"Tecmic\",\"description\":\"The world outside inside your window\",\"publisher\":{\"@id\":\"https:\/\/www.tecmic.com\/#organization\"},\"potentialAction\":[{\"@type\":\"SearchAction\",\"target\":{\"@type\":\"EntryPoint\",\"urlTemplate\":\"https:\/\/www.tecmic.com\/?s={search_term_string}\"},\"query-input\":{\"@type\":\"PropertyValueSpecification\",\"valueRequired\":true,\"valueName\":\"search_term_string\"}}],\"inLanguage\":\"es\"},{\"@type\":\"Organization\",\"@id\":\"https:\/\/www.tecmic.com\/#organization\",\"name\":\"Tecmic\",\"url\":\"https:\/\/www.tecmic.com\/\",\"logo\":{\"@type\":\"ImageObject\",\"inLanguage\":\"es\",\"@id\":\"https:\/\/www.tecmic.com\/#\/schema\/logo\/image\/\",\"url\":\"https:\/\/www.tecmic.com\/wp-content\/uploads\/2020\/02\/Tecmic-logo_01.png\",\"contentUrl\":\"https:\/\/www.tecmic.com\/wp-content\/uploads\/2020\/02\/Tecmic-logo_01.png\",\"width\":2892,\"height\":317,\"caption\":\"Tecmic\"},\"image\":{\"@id\":\"https:\/\/www.tecmic.com\/#\/schema\/logo\/image\/\"},\"sameAs\":[\"https:\/\/www.facebook.com\/Tecmic-196226277112224\/\",\"https:\/\/www.linkedin.com\/company\/tecmic\/\"]}]}<\/script>\r\n<!-- \/ Yoast SEO plugin. -->","yoast_head_json":{"title":"Pol\u00edtica de privacidad - Tecmic","robots":{"index":"index","follow":"follow","max-snippet":"max-snippet:-1","max-image-preview":"max-image-preview:large","max-video-preview":"max-video-preview:-1"},"canonical":"https:\/\/www.tecmic.com\/es\/empresa\/politica-de-privacidad\/","og_locale":"es_ES","og_type":"article","og_title":"Pol\u00edtica de privacidad - Tecmic","og_description":"General El Grupo TRAILTEC es responsable del tratamiento de los datos personales de los empleados, becarios, clientes, proveedores, visitantes del sitio web de cada una...","og_url":"https:\/\/www.tecmic.com\/es\/empresa\/politica-de-privacidad\/","og_site_name":"Tecmic","article_publisher":"https:\/\/www.facebook.com\/Tecmic-196226277112224\/","article_modified_time":"2021-09-20T14:32:34+00:00","og_image":[{"width":2200,"height":660,"url":"https:\/\/www.tecmic.com\/wp-content\/uploads\/2020\/02\/Tecmic-Inovacao_banner.jpg","type":"image\/jpeg"}],"twitter_card":"summary_large_image","twitter_misc":{"Tiempo de lectura":"3 minutos"},"schema":{"@context":"https:\/\/schema.org","@graph":[{"@type":"WebPage","@id":"https:\/\/www.tecmic.com\/es\/empresa\/politica-de-privacidad\/","url":"https:\/\/www.tecmic.com\/es\/empresa\/politica-de-privacidad\/","name":"Pol\u00edtica de privacidad - Tecmic","isPartOf":{"@id":"https:\/\/www.tecmic.com\/#website"},"primaryImageOfPage":{"@id":"https:\/\/www.tecmic.com\/es\/empresa\/politica-de-privacidad\/#primaryimage"},"image":{"@id":"https:\/\/www.tecmic.com\/es\/empresa\/politica-de-privacidad\/#primaryimage"},"thumbnailUrl":"https:\/\/www.tecmic.com\/wp-content\/uploads\/2020\/02\/Tecmic-Inovacao_banner.jpg","datePublished":"2020-03-05T12:56:04+00:00","dateModified":"2021-09-20T14:32:34+00:00","breadcrumb":{"@id":"https:\/\/www.tecmic.com\/es\/empresa\/politica-de-privacidad\/#breadcrumb"},"inLanguage":"es","potentialAction":[{"@type":"ReadAction","target":["https:\/\/www.tecmic.com\/es\/empresa\/politica-de-privacidad\/"]}]},{"@type":"ImageObject","inLanguage":"es","@id":"https:\/\/www.tecmic.com\/es\/empresa\/politica-de-privacidad\/#primaryimage","url":"https:\/\/www.tecmic.com\/wp-content\/uploads\/2020\/02\/Tecmic-Inovacao_banner.jpg","contentUrl":"https:\/\/www.tecmic.com\/wp-content\/uploads\/2020\/02\/Tecmic-Inovacao_banner.jpg","width":2200,"height":660},{"@type":"BreadcrumbList","@id":"https:\/\/www.tecmic.com\/es\/empresa\/politica-de-privacidad\/#breadcrumb","itemListElement":[{"@type":"ListItem","position":1,"name":"In\u00edcio","item":"https:\/\/www.tecmic.com\/es\/"},{"@type":"ListItem","position":2,"name":"Empresa","item":"https:\/\/www.tecmic.com\/es\/empresa\/"},{"@type":"ListItem","position":3,"name":"Pol\u00edtica de privacidad"}]},{"@type":"WebSite","@id":"https:\/\/www.tecmic.com\/#website","url":"https:\/\/www.tecmic.com\/","name":"Tecmic","description":"The world outside inside your window","publisher":{"@id":"https:\/\/www.tecmic.com\/#organization"},"potentialAction":[{"@type":"SearchAction","target":{"@type":"EntryPoint","urlTemplate":"https:\/\/www.tecmic.com\/?s={search_term_string}"},"query-input":{"@type":"PropertyValueSpecification","valueRequired":true,"valueName":"search_term_string"}}],"inLanguage":"es"},{"@type":"Organization","@id":"https:\/\/www.tecmic.com\/#organization","name":"Tecmic","url":"https:\/\/www.tecmic.com\/","logo":{"@type":"ImageObject","inLanguage":"es","@id":"https:\/\/www.tecmic.com\/#\/schema\/logo\/image\/","url":"https:\/\/www.tecmic.com\/wp-content\/uploads\/2020\/02\/Tecmic-logo_01.png","contentUrl":"https:\/\/www.tecmic.com\/wp-content\/uploads\/2020\/02\/Tecmic-logo_01.png","width":2892,"height":317,"caption":"Tecmic"},"image":{"@id":"https:\/\/www.tecmic.com\/#\/schema\/logo\/image\/"},"sameAs":["https:\/\/www.facebook.com\/Tecmic-196226277112224\/","https:\/\/www.linkedin.com\/company\/tecmic\/"]}]}},"_links":{"self":[{"href":"https:\/\/www.tecmic.com\/es\/wp-json\/wp\/v2\/pages\/12482"}],"collection":[{"href":"https:\/\/www.tecmic.com\/es\/wp-json\/wp\/v2\/pages"}],"about":[{"href":"https:\/\/www.tecmic.com\/es\/wp-json\/wp\/v2\/types\/page"}],"author":[{"embeddable":true,"href":"https:\/\/www.tecmic.com\/es\/wp-json\/wp\/v2\/users\/4"}],"replies":[{"embeddable":true,"href":"https:\/\/www.tecmic.com\/es\/wp-json\/wp\/v2\/comments?post=12482"}],"version-history":[{"count":4,"href":"https:\/\/www.tecmic.com\/es\/wp-json\/wp\/v2\/pages\/12482\/revisions"}],"predecessor-version":[{"id":13430,"href":"https:\/\/www.tecmic.com\/es\/wp-json\/wp\/v2\/pages\/12482\/revisions\/13430"}],"up":[{"embeddable":true,"href":"https:\/\/www.tecmic.com\/es\/wp-json\/wp\/v2\/pages\/12487"}],"wp:featuredmedia":[{"embeddable":true,"href":"https:\/\/www.tecmic.com\/es\/wp-json\/wp\/v2\/media\/12483"}],"wp:attachment":[{"href":"https:\/\/www.tecmic.com\/es\/wp-json\/wp\/v2\/media?parent=12482"}],"wp:term":[{"taxonomy":"category","embeddable":true,"href":"https:\/\/www.tecmic.com\/es\/wp-json\/wp\/v2\/categories?post=12482"},{"taxonomy":"post_tag","embeddable":true,"href":"https:\/\/www.tecmic.com\/es\/wp-json\/wp\/v2\/tags?post=12482"}],"curies":[{"name":"wp","href":"https:\/\/api.w.org\/{rel}","templated":true}]}}