{"id":12490,"date":"2019-06-08T16:36:18","date_gmt":"2019-06-08T16:36:18","guid":{"rendered":"https:\/\/www.tecmic.com\/contactos\/"},"modified":"2024-09-11T13:56:16","modified_gmt":"2024-09-11T13:56:16","slug":"contactos","status":"publish","type":"page","link":"https:\/\/www.tecmic.com\/es\/contactos\/","title":{"rendered":"Cont\u00e1ctenos"},"content":{"rendered":"<p>[vc_row overflow=&#8221;default&#8221; css=&#8221;.vc_custom_1582906422769{margin-top: 50px !important;margin-bottom: 50px !important;}&#8221;][vc_column width=&#8221;1\/2&#8243; overflow=&#8221;default&#8221; el_class=&#8221;contact-form&#8221;]\r\n<div class=\"sh-heading  \" id=\"heading-hP56GuHDpn\">\r\n\t<div class=\"sh-element-margin\">\r\n\r\n\t\t\r\n\t\t\t<h2 class=\"sh-heading-content size-default text-left\">\r\n\t\t\t\tEnv\u00edanos tu mensaje\t\t\t<\/h2>\r\n\r\n\t\t\r\n\t<\/div>\r\n<\/div>\r\n            <style type=\"text\/css\">\r\n                #heading-hP56GuHDpn .sh-element-margin {}#heading-hP56GuHDpn .sh-heading-content {font-weight: 700!important;}#heading-hP56GuHDpn .sh-heading-content,#heading-hP56GuHDpn .sh-heading-additional-text {}            <\/style>\r\n        \r\n            \r\n            <div class=\"sh-empty-space vc_empty_space sh-empty-space-kF4TvPNRIr  \" style=\"height: 30px\">\r\n                <span class=\"vc_empty_space_inner\"><\/span>\r\n            <\/div>\r\n\r\n        [vc_column_text el_class=&#8221;contact-form&#8221;]\n<div class=\"wpcf7 no-js\" id=\"wpcf7-f12685-o1\" lang=\"pt-PT\" dir=\"ltr\" data-wpcf7-id=\"12685\">\n<div class=\"screen-reader-response\"><p role=\"status\" aria-live=\"polite\" aria-atomic=\"true\"><\/p> <ul><\/ul><\/div>\n<form action=\"\/es\/wp-json\/wp\/v2\/pages\/12490#wpcf7-f12685-o1\" method=\"post\" class=\"wpcf7-form init\" aria-label=\"Formul\u00e1rio de contacto\" novalidate=\"novalidate\" data-status=\"init\">\n<div style=\"display: none;\">\n<input type=\"hidden\" name=\"_wpcf7\" value=\"12685\" \/>\n<input type=\"hidden\" name=\"_wpcf7_version\" value=\"6.0.6\" \/>\n<input type=\"hidden\" name=\"_wpcf7_locale\" value=\"pt_PT\" \/>\n<input type=\"hidden\" name=\"_wpcf7_unit_tag\" value=\"wpcf7-f12685-o1\" \/>\n<input type=\"hidden\" name=\"_wpcf7_container_post\" value=\"0\" \/>\n<input type=\"hidden\" name=\"_wpcf7_posted_data_hash\" value=\"\" \/>\n<input type=\"hidden\" name=\"_wpcf7_recaptcha_response\" value=\"\" \/>\n<\/div>\n<div class=\"sh-cf7-body\"><p><span><span class=\"wpcf7-form-control-wrap\" data-name=\"your-name\"><input size=\"40\" maxlength=\"400\" class=\"wpcf7-form-control wpcf7-text wpcf7-validates-as-required\" aria-required=\"true\" aria-invalid=\"false\" placeholder=\"Nombre *\" value=\"\" type=\"text\" name=\"your-name\" \/><\/span><\/span>\n<\/p>\n<p><span><span class=\"wpcf7-form-control-wrap\" data-name=\"company-253\"><input size=\"40\" maxlength=\"400\" class=\"wpcf7-form-control wpcf7-text wpcf7-validates-as-required\" aria-required=\"true\" aria-invalid=\"false\" placeholder=\"Empresa *\" value=\"\" type=\"text\" name=\"company-253\" \/><\/span><\/span>\n<\/p>\n<p><span><span class=\"wpcf7-form-control-wrap\" data-name=\"your-email\"><input size=\"40\" maxlength=\"400\" class=\"wpcf7-form-control wpcf7-email wpcf7-validates-as-required wpcf7-text wpcf7-validates-as-email\" aria-required=\"true\" aria-invalid=\"false\" placeholder=\"Email *\" value=\"\" type=\"email\" name=\"your-email\" \/><\/span><\/span>\n<\/p>\n<p><span><span class=\"wpcf7-form-control-wrap\" data-name=\"tel-776\"><input size=\"40\" maxlength=\"400\" class=\"wpcf7-form-control wpcf7-tel wpcf7-validates-as-required wpcf7-text wpcf7-validates-as-tel\" aria-required=\"true\" aria-invalid=\"false\" placeholder=\"Tel\u00e9fono *\" value=\"\" type=\"tel\" name=\"tel-776\" \/><\/span><\/span>\n<\/p>\n<p><span><span class=\"wpcf7-form-control-wrap\" data-name=\"local-253\"><input size=\"40\" maxlength=\"400\" class=\"wpcf7-form-control wpcf7-text\" aria-invalid=\"false\" placeholder=\"Localidad\" value=\"\" type=\"text\" name=\"local-253\" \/><\/span><\/span>\n<\/p>\n<p><span><span class=\"wpcf7-form-control-wrap\" data-name=\"your-subject\"><input size=\"40\" maxlength=\"400\" class=\"wpcf7-form-control wpcf7-text\" aria-invalid=\"false\" placeholder=\"Asunto\" value=\"\" type=\"text\" name=\"your-subject\" \/><\/span><\/span>\n<\/p>\n<p><span><span class=\"wpcf7-form-control-wrap\" data-name=\"your-message\"><textarea cols=\"40\" rows=\"10\" maxlength=\"2000\" class=\"wpcf7-form-control wpcf7-textarea\" aria-invalid=\"false\" placeholder=\"Mensaje\" name=\"your-message\"><\/textarea><\/span><\/span>\n<\/p>\n<p><span class=\"wpcf7-form-control-wrap\" data-name=\"acceptance-995\"><span class=\"wpcf7-form-control wpcf7-acceptance\"><span class=\"wpcf7-list-item\"><label><input type=\"checkbox\" name=\"acceptance-995\" value=\"1\" aria-invalid=\"false\" \/><span class=\"wpcf7-list-item-label\"><span style=\"margin-left:5px;\"> He le\u00eddo y acepto RGPD <a href=\"\/es\/empresa\/rgpd\/\" target=\"_blank\"> Leer aqu\u00ed<\/a><\/span><\/span><\/label><\/span><\/span><\/span>\n<\/p>\n\n<p><input class=\"wpcf7-form-control wpcf7-submit has-spinner\" type=\"submit\" value=\"Enviar\" \/>\n<\/p><\/div><div class=\"wpcf7-response-output\" aria-hidden=\"true\"><\/div>\n<\/form>\n<\/div>\n[\/vc_column_text][\/vc_column][vc_column width=&#8221;1\/2&#8243; overflow=&#8221;default&#8221; css=&#8221;.vc_custom_1582910833153{padding-right: 30px !important;padding-left: 30px !important;}&#8221; padding_tablet=&#8221;0px&#8221;]\r\n<div class=\"sh-heading  \" id=\"heading-Kj1Sh35wCl\">\r\n\t<div class=\"sh-element-margin\">\r\n\r\n\t\t\r\n\t\t\t<h2 class=\"sh-heading-content size-default text-left\">\r\n\t\t\t\tOnde estamos\t\t\t<\/h2>\r\n\r\n\t\t\r\n\t<\/div>\r\n<\/div>\r\n            <style type=\"text\/css\">\r\n                #heading-Kj1Sh35wCl .sh-element-margin {}#heading-Kj1Sh35wCl .sh-heading-content {font-weight: 700!important;}#heading-Kj1Sh35wCl .sh-heading-content,#heading-Kj1Sh35wCl .sh-heading-additional-text {}            <\/style>\r\n        [vc_column_text css=&#8221;.vc_custom_1628158561316{padding-top: 20px !important;}&#8221;]<span style=\"font-size: 18px;\">Traemos el mundo exterior para dentro de las empresas, en m\u00e1s de 17 pa\u00edses de Europa, \u00c1frica y Am\u00e9rica Latina.<\/span>[\/vc_column_text]\r\n            \r\n            <div class=\"sh-empty-space vc_empty_space sh-empty-space-0a54jxslwm  \" style=\"height: 50px\">\r\n                <span class=\"vc_empty_space_inner\"><\/span>\r\n            <\/div>\r\n\r\n        [vc_single_image image=&#8221;10151&#8243; img_size=&#8221;full&#8221; alignment=&#8221;center&#8221;][\/vc_column][\/vc_row][vc_row full_width=&#8221;stretch_row_content&#8221; gap=&#8221;10&#8243; equal_height=&#8221;yes&#8221; content_placement=&#8221;top&#8221; overflow=&#8221;default&#8221; css=&#8221;.vc_custom_1582909512829{padding-top: 50px !important;padding-right: 50px !important;padding-bottom: 50px !important;padding-left: 50px !important;background-color: #ededed !important;}&#8221; margin_tablet=&#8221;5px&#8221;][vc_column width=&#8221;1\/4&#8243;]\r\n<div class=\"sh-iconbox sh-iconbox-style4 sh-iconbox-center improved-responsiveness\" id=\"iconbox-NYIuKmHD5y\">\r\n\t\r\n\t\t\t\t\t<div class=\"sh-iconbox-icon\">\r\n\t\t\t\t<div class=\"sh-iconbox-icon-shape sh-iconbox-square\">\r\n\t\t\t\t\t<i class=\"sh-iconbox-hover icon-location-pin\"><\/i>\r\n\r\n\t\t\t\t\t\t\t\t\t<\/div>\r\n\t\t\t<\/div>\r\n\t\t\r\n\t\t<div class=\"sh-iconbox-aside\">\r\n\t\t\t<div class=\"sh-iconbox-title\">\r\n\t\t\t\t\t\t\t\t\t<h3>Queluz \/ Massam\u00e1<\/h3>\r\n\t\t\t\t\t\t\t<\/div>\r\n\t\t\t<div class=\"sh-iconbox-seperator\"><\/div>\r\n\t\t\t<div class=\"sh-iconbox-content\">\r\n\t\t\t\tAv. 25 de Abril, N\u00ba45<br \/>\n2745-384 Queluz \u2013\u00a0Portugal<br \/>\nT: + 351. 214228800<br \/>\nE: <a href=\"mailto:mail@tecmic.pt\">mail@tecmic.pt<\/a><\/p>\n<p>[ <a href=\"https:\/\/g.page\/Tecmic?share\" target=\"_blank\" rel=\"noopener noreferrer\"><strong>ver en mapa<\/strong><\/a> ]\t\t\t<\/div>\r\n\t\t<\/div>\r\n\r\n\t<\/div>\r\n            <style type=\"text\/css\">\r\n                #iconbox-NYIuKmHD5y .sh-iconbox-title h3 {color: #adadad;font-size: 18px;}#iconbox-NYIuKmHD5y .sh-iconbox-hover {color: #8fb7e1;}#iconbox-NYIuKmHD5y.sh-iconbox-style6 .sh-iconbox-hover {text-shadow: -3px 2px rgba(143,183,225,0.3);}#iconbox-NYIuKmHD5y:hover .sh-iconbox-hover {color: #000000;}#iconbox-NYIuKmHD5y:hover .sh-iconbox-title h3 {color: #000000;}            <\/style>\r\n        [\/vc_column][vc_column width=&#8221;1\/4&#8243;]\r\n<div class=\"sh-iconbox sh-iconbox-style4 sh-iconbox-center improved-responsiveness\" id=\"iconbox-aMihRbHY1z\">\r\n\t\r\n\t\t\t\t\t<div class=\"sh-iconbox-icon\">\r\n\t\t\t\t<div class=\"sh-iconbox-icon-shape sh-iconbox-square\">\r\n\t\t\t\t\t<i class=\"sh-iconbox-hover icon-location-pin\"><\/i>\r\n\r\n\t\t\t\t\t\t\t\t\t<\/div>\r\n\t\t\t<\/div>\r\n\t\t\r\n\t\t<div class=\"sh-iconbox-aside\">\r\n\t\t\t<div class=\"sh-iconbox-title\">\r\n\t\t\t\t\t\t\t\t\t<h3>Sede \/ Leiria<\/h3>\r\n\t\t\t\t\t\t\t<\/div>\r\n\t\t\t<div class=\"sh-iconbox-seperator\"><\/div>\r\n\t\t\t<div class=\"sh-iconbox-content\">\r\n\t\t\t\tAv. D. Jo\u00e3o III, Edif\u00edcio 2002, 2\u00ba andar \u2013 9<br \/>\n2400-164, Leiria \u2013 Portugal<br \/>\nT: + 351. 214228800<br \/>\nE: <a href=\"mailto:mail@tecmic.pt\">mail@tecmic.pt<\/a><\/p>\n<p>[ <a href=\"https:\/\/goo.gl\/maps\/G878nbyodYFwWwjt6\" target=\"_blank\" rel=\"noopener noreferrer\"><strong>ver en mapa<\/strong><\/a> ]\t\t\t<\/div>\r\n\t\t<\/div>\r\n\r\n\t<\/div>\r\n            <style type=\"text\/css\">\r\n                #iconbox-aMihRbHY1z .sh-iconbox-title h3 {color: #adadad;font-size: 18px;}#iconbox-aMihRbHY1z .sh-iconbox-hover {color: #8fb7e1;}#iconbox-aMihRbHY1z.sh-iconbox-style6 .sh-iconbox-hover {text-shadow: -3px 2px rgba(143,183,225,0.3);}#iconbox-aMihRbHY1z:hover .sh-iconbox-hover {color: #000000;}#iconbox-aMihRbHY1z:hover .sh-iconbox-title h3 {color: #000000;}            <\/style>\r\n        [\/vc_column][vc_column width=&#8221;1\/4&#8243;]\r\n<div class=\"sh-iconbox sh-iconbox-style4 sh-iconbox-center improved-responsiveness\" id=\"iconbox-I14MCakyq0\">\r\n\t\r\n\t\t\t\t\t<div class=\"sh-iconbox-icon\">\r\n\t\t\t\t<div class=\"sh-iconbox-icon-shape sh-iconbox-square\">\r\n\t\t\t\t\t<i class=\"sh-iconbox-hover icon-location-pin\"><\/i>\r\n\r\n\t\t\t\t\t\t\t\t\t<\/div>\r\n\t\t\t<\/div>\r\n\t\t\r\n\t\t<div class=\"sh-iconbox-aside\">\r\n\t\t\t<div class=\"sh-iconbox-title\">\r\n\t\t\t\t\t\t\t\t\t<h3>Brasil \/ S\u00e3o Paulo<\/h3>\r\n\t\t\t\t\t\t\t<\/div>\r\n\t\t\t<div class=\"sh-iconbox-seperator\"><\/div>\r\n\t\t\t<div class=\"sh-iconbox-content\">\r\n\t\t\t\tAvenida Paulista, 1439<br \/>\nConjunto 12 &#8211; Bairro Bela Vista<br \/>\nS\u00e3o Paulo, SP<br \/>\nCEP 01311-200 \u2013 Brasil<br \/>\nT: +55 11-3034-1568<br \/>\nE: <a href=\"mailto:tecmicbrasil@tecmic.com\">tecmicbrasil@tecmic.com<\/a><\/p>\n<p>[ <a href=\"https:\/\/goo.gl\/maps\/VxtmDPJzzQCG4BEPA\" target=\"_blank\" rel=\"noopener noreferrer\"><strong>ver en mapa<\/strong><\/a> ]\t\t\t<\/div>\r\n\t\t<\/div>\r\n\r\n\t<\/div>\r\n            <style type=\"text\/css\">\r\n                #iconbox-I14MCakyq0 .sh-iconbox-title h3 {color: #adadad;font-size: 18px;}#iconbox-I14MCakyq0 .sh-iconbox-hover {color: #8fb7e1;}#iconbox-I14MCakyq0.sh-iconbox-style6 .sh-iconbox-hover {text-shadow: -3px 2px rgba(143,183,225,0.3);}#iconbox-I14MCakyq0:hover .sh-iconbox-hover {color: #000000;}#iconbox-I14MCakyq0:hover .sh-iconbox-title h3 {color: #000000;}            <\/style>\r\n        [\/vc_column][vc_column width=&#8221;1\/4&#8243;]\r\n<div class=\"sh-iconbox sh-iconbox-style4 sh-iconbox-center improved-responsiveness\" id=\"iconbox-WELH8aDrBi\">\r\n\t\r\n\t\t\t\t\t<div class=\"sh-iconbox-icon\">\r\n\t\t\t\t<div class=\"sh-iconbox-icon-shape sh-iconbox-square\">\r\n\t\t\t\t\t<i class=\"sh-iconbox-hover icon-location-pin\"><\/i>\r\n\r\n\t\t\t\t\t\t\t\t\t<\/div>\r\n\t\t\t<\/div>\r\n\t\t\r\n\t\t<div class=\"sh-iconbox-aside\">\r\n\t\t\t<div class=\"sh-iconbox-title\">\r\n\t\t\t\t\t\t\t\t\t<h3>Brasil \/ Rio de Janeiro<\/h3>\r\n\t\t\t\t\t\t\t<\/div>\r\n\t\t\t<div class=\"sh-iconbox-seperator\"><\/div>\r\n\t\t\t<div class=\"sh-iconbox-content\">\r\n\t\t\t\tRua Dr. Celestino N\u00ba122 &#8211; Sala 1015<br \/>\nCentro &#8211; Niter\u00f3i\/RJ<br \/>\nCEP 24020-091 \u2013\u00a0Brasil<br \/>\nT: +55 21 3628-8669<br \/>\nE: <a href=\"mailto:tecmicbrasil@tecmic.com\">tecmicbrasil@tecmic.com<\/a><\/p>\n<p>[ <a href=\"https:\/\/goo.gl\/maps\/2qHjrjmizqmEpUWF8\" target=\"_blank\" rel=\"noopener noreferrer\"><strong>ver en mapa<\/strong><\/a> ]\t\t\t<\/div>\r\n\t\t<\/div>\r\n\r\n\t<\/div>\r\n            <style type=\"text\/css\">\r\n                #iconbox-WELH8aDrBi .sh-iconbox-title h3 {color: #adadad;font-size: 18px;}#iconbox-WELH8aDrBi .sh-iconbox-hover {color: #8fb7e1;}#iconbox-WELH8aDrBi.sh-iconbox-style6 .sh-iconbox-hover {text-shadow: -3px 2px rgba(143,183,225,0.3);}#iconbox-WELH8aDrBi:hover .sh-iconbox-hover {color: #000000;}#iconbox-WELH8aDrBi:hover .sh-iconbox-title h3 {color: #000000;}            <\/style>\r\n        [\/vc_column][\/vc_row]<\/p>\n","protected":false},"excerpt":{"rendered":"<p>[vc_row overflow=&#8221;default&#8221; css=&#8221;.vc_custom_1582906422769{margin-top: 50px !important;margin-bottom: 50px !important;}&#8221;][vc_column width=&#8221;1\/2&#8243; overflow=&#8221;default&#8221; el_class=&#8221;contact-form&#8221;][vc_column_text el_class=&#8221;contact-form&#8221;][\/vc_column_text][\/vc_column][vc_column width=&#8221;1\/2&#8243; overflow=&#8221;default&#8221; css=&#8221;.vc_custom_1582910833153{padding-right: 30px !important;padding-left: 30px !important;}&#8221; padding_tablet=&#8221;0px&#8221;][vc_column_text css=&#8221;.vc_custom_1628158561316{padding-top: 20px !important;}&#8221;]Traemos el mundo exterior&#8230;<\/p>\n","protected":false},"author":4,"featured_media":12489,"parent":0,"menu_order":5,"comment_status":"closed","ping_status":"closed","template":"","meta":{"footnotes":""},"class_list":["post-12490","page","type-page","status-publish","has-post-thumbnail","hentry"],"yoast_head":"<!-- This site is optimized with the Yoast SEO plugin v24.8.1 - https:\/\/yoast.com\/wordpress\/plugins\/seo\/ -->\r\n<title>Cont\u00e1ctenos - Tecmic<\/title>\r\n<meta name=\"robots\" content=\"index, follow, max-snippet:-1, max-image-preview:large, max-video-preview:-1\" \/>\r\n<link rel=\"canonical\" href=\"https:\/\/www.tecmic.com\/es\/contactos\/\" \/>\r\n<meta property=\"og:locale\" content=\"es_ES\" \/>\r\n<meta property=\"og:type\" content=\"article\" \/>\r\n<meta property=\"og:title\" content=\"Cont\u00e1ctenos - Tecmic\" \/>\r\n<meta property=\"og:description\" content=\"[vc_row overflow=&#8221;default&#8221; css=&#8221;.vc_custom_1582906422769{margin-top: 50px !important;margin-bottom: 50px !important;}&#8221;][vc_column width=&#8221;1\/2&#8243; overflow=&#8221;default&#8221; el_class=&#8221;contact-form&#8221;][vc_column_text el_class=&#8221;contact-form&#8221;][\/vc_column_text][\/vc_column][vc_column width=&#8221;1\/2&#8243; overflow=&#8221;default&#8221; css=&#8221;.vc_custom_1582910833153{padding-right: 30px !important;padding-left: 30px !important;}&#8221; padding_tablet=&#8221;0px&#8221;][vc_column_text css=&#8221;.vc_custom_1628158561316{padding-top: 20px !important;}&#8221;]Traemos el mundo exterior...\" \/>\r\n<meta property=\"og:url\" content=\"https:\/\/www.tecmic.com\/es\/contactos\/\" \/>\r\n<meta property=\"og:site_name\" content=\"Tecmic\" \/>\r\n<meta property=\"article:publisher\" content=\"https:\/\/www.facebook.com\/Tecmic-196226277112224\/\" \/>\r\n<meta property=\"article:modified_time\" content=\"2024-09-11T13:56:16+00:00\" \/>\r\n<meta property=\"og:image\" content=\"https:\/\/www.tecmic.com\/wp-content\/uploads\/revslider\/Tecmic-homepage-slider_01\/Tecmic-Gestao_de_Frotas-00.jpg\" \/>\r\n\t<meta property=\"og:image:width\" content=\"1900\" \/>\r\n\t<meta property=\"og:image:height\" content=\"1200\" \/>\r\n\t<meta property=\"og:image:type\" content=\"image\/jpeg\" \/>\r\n<meta name=\"twitter:card\" content=\"summary_large_image\" \/>\r\n<meta name=\"twitter:label1\" content=\"Tiempo de lectura\" \/>\n\t<meta name=\"twitter:data1\" content=\"1 minuto\" \/>\r\n<script type=\"application\/ld+json\" class=\"yoast-schema-graph\">{\"@context\":\"https:\/\/schema.org\",\"@graph\":[{\"@type\":\"WebPage\",\"@id\":\"https:\/\/www.tecmic.com\/es\/contactos\/\",\"url\":\"https:\/\/www.tecmic.com\/es\/contactos\/\",\"name\":\"Cont\u00e1ctenos - Tecmic\",\"isPartOf\":{\"@id\":\"https:\/\/www.tecmic.com\/#website\"},\"primaryImageOfPage\":{\"@id\":\"https:\/\/www.tecmic.com\/es\/contactos\/#primaryimage\"},\"image\":{\"@id\":\"https:\/\/www.tecmic.com\/es\/contactos\/#primaryimage\"},\"thumbnailUrl\":\"https:\/\/www.tecmic.com\/wp-content\/uploads\/revslider\/Tecmic-homepage-slider_01\/Tecmic-Gestao_de_Frotas-00.jpg\",\"datePublished\":\"2019-06-08T16:36:18+00:00\",\"dateModified\":\"2024-09-11T13:56:16+00:00\",\"breadcrumb\":{\"@id\":\"https:\/\/www.tecmic.com\/es\/contactos\/#breadcrumb\"},\"inLanguage\":\"es\",\"potentialAction\":[{\"@type\":\"ReadAction\",\"target\":[\"https:\/\/www.tecmic.com\/es\/contactos\/\"]}]},{\"@type\":\"ImageObject\",\"inLanguage\":\"es\",\"@id\":\"https:\/\/www.tecmic.com\/es\/contactos\/#primaryimage\",\"url\":\"https:\/\/www.tecmic.com\/wp-content\/uploads\/revslider\/Tecmic-homepage-slider_01\/Tecmic-Gestao_de_Frotas-00.jpg\",\"contentUrl\":\"https:\/\/www.tecmic.com\/wp-content\/uploads\/revslider\/Tecmic-homepage-slider_01\/Tecmic-Gestao_de_Frotas-00.jpg\",\"width\":1900,\"height\":1200,\"caption\":\"Tecmic-Gestao de Frotas\"},{\"@type\":\"BreadcrumbList\",\"@id\":\"https:\/\/www.tecmic.com\/es\/contactos\/#breadcrumb\",\"itemListElement\":[{\"@type\":\"ListItem\",\"position\":1,\"name\":\"In\u00edcio\",\"item\":\"https:\/\/www.tecmic.com\/es\/\"},{\"@type\":\"ListItem\",\"position\":2,\"name\":\"Cont\u00e1ctenos\"}]},{\"@type\":\"WebSite\",\"@id\":\"https:\/\/www.tecmic.com\/#website\",\"url\":\"https:\/\/www.tecmic.com\/\",\"name\":\"Tecmic\",\"description\":\"The world outside inside your window\",\"publisher\":{\"@id\":\"https:\/\/www.tecmic.com\/#organization\"},\"potentialAction\":[{\"@type\":\"SearchAction\",\"target\":{\"@type\":\"EntryPoint\",\"urlTemplate\":\"https:\/\/www.tecmic.com\/?s={search_term_string}\"},\"query-input\":{\"@type\":\"PropertyValueSpecification\",\"valueRequired\":true,\"valueName\":\"search_term_string\"}}],\"inLanguage\":\"es\"},{\"@type\":\"Organization\",\"@id\":\"https:\/\/www.tecmic.com\/#organization\",\"name\":\"Tecmic\",\"url\":\"https:\/\/www.tecmic.com\/\",\"logo\":{\"@type\":\"ImageObject\",\"inLanguage\":\"es\",\"@id\":\"https:\/\/www.tecmic.com\/#\/schema\/logo\/image\/\",\"url\":\"https:\/\/www.tecmic.com\/wp-content\/uploads\/2020\/02\/Tecmic-logo_01.png\",\"contentUrl\":\"https:\/\/www.tecmic.com\/wp-content\/uploads\/2020\/02\/Tecmic-logo_01.png\",\"width\":2892,\"height\":317,\"caption\":\"Tecmic\"},\"image\":{\"@id\":\"https:\/\/www.tecmic.com\/#\/schema\/logo\/image\/\"},\"sameAs\":[\"https:\/\/www.facebook.com\/Tecmic-196226277112224\/\",\"https:\/\/www.linkedin.com\/company\/tecmic\/\"]}]}<\/script>\r\n<!-- \/ Yoast SEO plugin. -->","yoast_head_json":{"title":"Cont\u00e1ctenos - Tecmic","robots":{"index":"index","follow":"follow","max-snippet":"max-snippet:-1","max-image-preview":"max-image-preview:large","max-video-preview":"max-video-preview:-1"},"canonical":"https:\/\/www.tecmic.com\/es\/contactos\/","og_locale":"es_ES","og_type":"article","og_title":"Cont\u00e1ctenos - Tecmic","og_description":"[vc_row overflow=&#8221;default&#8221; css=&#8221;.vc_custom_1582906422769{margin-top: 50px !important;margin-bottom: 50px !important;}&#8221;][vc_column width=&#8221;1\/2&#8243; overflow=&#8221;default&#8221; el_class=&#8221;contact-form&#8221;][vc_column_text el_class=&#8221;contact-form&#8221;][\/vc_column_text][\/vc_column][vc_column width=&#8221;1\/2&#8243; overflow=&#8221;default&#8221; css=&#8221;.vc_custom_1582910833153{padding-right: 30px !important;padding-left: 30px !important;}&#8221; padding_tablet=&#8221;0px&#8221;][vc_column_text css=&#8221;.vc_custom_1628158561316{padding-top: 20px !important;}&#8221;]Traemos el mundo exterior...","og_url":"https:\/\/www.tecmic.com\/es\/contactos\/","og_site_name":"Tecmic","article_publisher":"https:\/\/www.facebook.com\/Tecmic-196226277112224\/","article_modified_time":"2024-09-11T13:56:16+00:00","og_image":[{"width":1900,"height":1200,"url":"https:\/\/www.tecmic.com\/wp-content\/uploads\/revslider\/Tecmic-homepage-slider_01\/Tecmic-Gestao_de_Frotas-00.jpg","type":"image\/jpeg"}],"twitter_card":"summary_large_image","twitter_misc":{"Tiempo de lectura":"1 minuto"},"schema":{"@context":"https:\/\/schema.org","@graph":[{"@type":"WebPage","@id":"https:\/\/www.tecmic.com\/es\/contactos\/","url":"https:\/\/www.tecmic.com\/es\/contactos\/","name":"Cont\u00e1ctenos - Tecmic","isPartOf":{"@id":"https:\/\/www.tecmic.com\/#website"},"primaryImageOfPage":{"@id":"https:\/\/www.tecmic.com\/es\/contactos\/#primaryimage"},"image":{"@id":"https:\/\/www.tecmic.com\/es\/contactos\/#primaryimage"},"thumbnailUrl":"https:\/\/www.tecmic.com\/wp-content\/uploads\/revslider\/Tecmic-homepage-slider_01\/Tecmic-Gestao_de_Frotas-00.jpg","datePublished":"2019-06-08T16:36:18+00:00","dateModified":"2024-09-11T13:56:16+00:00","breadcrumb":{"@id":"https:\/\/www.tecmic.com\/es\/contactos\/#breadcrumb"},"inLanguage":"es","potentialAction":[{"@type":"ReadAction","target":["https:\/\/www.tecmic.com\/es\/contactos\/"]}]},{"@type":"ImageObject","inLanguage":"es","@id":"https:\/\/www.tecmic.com\/es\/contactos\/#primaryimage","url":"https:\/\/www.tecmic.com\/wp-content\/uploads\/revslider\/Tecmic-homepage-slider_01\/Tecmic-Gestao_de_Frotas-00.jpg","contentUrl":"https:\/\/www.tecmic.com\/wp-content\/uploads\/revslider\/Tecmic-homepage-slider_01\/Tecmic-Gestao_de_Frotas-00.jpg","width":1900,"height":1200,"caption":"Tecmic-Gestao de Frotas"},{"@type":"BreadcrumbList","@id":"https:\/\/www.tecmic.com\/es\/contactos\/#breadcrumb","itemListElement":[{"@type":"ListItem","position":1,"name":"In\u00edcio","item":"https:\/\/www.tecmic.com\/es\/"},{"@type":"ListItem","position":2,"name":"Cont\u00e1ctenos"}]},{"@type":"WebSite","@id":"https:\/\/www.tecmic.com\/#website","url":"https:\/\/www.tecmic.com\/","name":"Tecmic","description":"The world outside inside your window","publisher":{"@id":"https:\/\/www.tecmic.com\/#organization"},"potentialAction":[{"@type":"SearchAction","target":{"@type":"EntryPoint","urlTemplate":"https:\/\/www.tecmic.com\/?s={search_term_string}"},"query-input":{"@type":"PropertyValueSpecification","valueRequired":true,"valueName":"search_term_string"}}],"inLanguage":"es"},{"@type":"Organization","@id":"https:\/\/www.tecmic.com\/#organization","name":"Tecmic","url":"https:\/\/www.tecmic.com\/","logo":{"@type":"ImageObject","inLanguage":"es","@id":"https:\/\/www.tecmic.com\/#\/schema\/logo\/image\/","url":"https:\/\/www.tecmic.com\/wp-content\/uploads\/2020\/02\/Tecmic-logo_01.png","contentUrl":"https:\/\/www.tecmic.com\/wp-content\/uploads\/2020\/02\/Tecmic-logo_01.png","width":2892,"height":317,"caption":"Tecmic"},"image":{"@id":"https:\/\/www.tecmic.com\/#\/schema\/logo\/image\/"},"sameAs":["https:\/\/www.facebook.com\/Tecmic-196226277112224\/","https:\/\/www.linkedin.com\/company\/tecmic\/"]}]}},"_links":{"self":[{"href":"https:\/\/www.tecmic.com\/es\/wp-json\/wp\/v2\/pages\/12490"}],"collection":[{"href":"https:\/\/www.tecmic.com\/es\/wp-json\/wp\/v2\/pages"}],"about":[{"href":"https:\/\/www.tecmic.com\/es\/wp-json\/wp\/v2\/types\/page"}],"author":[{"embeddable":true,"href":"https:\/\/www.tecmic.com\/es\/wp-json\/wp\/v2\/users\/4"}],"replies":[{"embeddable":true,"href":"https:\/\/www.tecmic.com\/es\/wp-json\/wp\/v2\/comments?post=12490"}],"version-history":[{"count":6,"href":"https:\/\/www.tecmic.com\/es\/wp-json\/wp\/v2\/pages\/12490\/revisions"}],"predecessor-version":[{"id":13509,"href":"https:\/\/www.tecmic.com\/es\/wp-json\/wp\/v2\/pages\/12490\/revisions\/13509"}],"wp:featuredmedia":[{"embeddable":true,"href":"https:\/\/www.tecmic.com\/es\/wp-json\/wp\/v2\/media\/12489"}],"wp:attachment":[{"href":"https:\/\/www.tecmic.com\/es\/wp-json\/wp\/v2\/media?parent=12490"}],"curies":[{"name":"wp","href":"https:\/\/api.w.org\/{rel}","templated":true}]}}