{"id":12497,"date":"2019-07-25T11:47:13","date_gmt":"2019-07-25T11:47:13","guid":{"rendered":"https:\/\/www.tecmic.com\/a-tecmic\/premios-e-certificacoes\/"},"modified":"2024-09-11T13:46:49","modified_gmt":"2024-09-11T13:46:49","slug":"premios-e-certificacoes","status":"publish","type":"page","link":"https:\/\/www.tecmic.com\/es\/empresa\/premios-e-certificacoes\/","title":{"rendered":"Premios y Certificados"},"content":{"rendered":"<p>[vc_row overflow=&#8221;default&#8221; css=&#8221;.vc_custom_1564057621324{margin-top: 60px !important;margin-bottom: 60px !important;}&#8221;][vc_column][vc_column_text]<\/p>\n<h1 style=\"text-align: center;\"><span lang=\"es\">Reconocimiento nacional e internacional que acredita la calidad de Tecmic<\/span><\/h1>\n<p>[\/vc_column_text][\/vc_column][\/vc_row][vc_row full_width=&#8221;stretch_row&#8221; equal_height=&#8221;yes&#8221; overflow=&#8221;default&#8221; css=&#8221;.vc_custom_1585075443291{padding-top: 60px !important;background-color: #f4f4f4 !important;}&#8221; el_class=&#8221;block-awards&#8221;][vc_column width=&#8221;1\/3&#8243;][vc_column_text]<\/p>\n<h3 style=\"text-align: center;\"><img loading=\"lazy\" decoding=\"async\" class=\"alignnone size-medium wp-image-9652\" src=\"https:\/\/stg.tecmic.com\/wp-content\/uploads\/2019\/07\/cert_Eic_transp-300x100.png\" alt=\"\" width=\"300\" height=\"100\" srcset=\"https:\/\/www.tecmic.com\/wp-content\/uploads\/2019\/07\/cert_Eic_transp-300x100.png 300w, https:\/\/www.tecmic.com\/wp-content\/uploads\/2019\/07\/cert_Eic_transp.png 360w\" sizes=\"(max-width: 300px) 100vw, 300px\" \/><\/h3>\n<h3 style=\"text-align: center;\">ISO 9001 \u2013 Sistemas de Gesti\u00f3n de la Calidad<\/h3>\n<p style=\"text-align: center;\">\u201c<span lang=\"es\">La certificaci\u00f3n seg\u00fan ISO 9001 reconoce el esfuerzo de la organizaci\u00f3n por asegurar la conformidad de sus productos y servicios, la satisfacci\u00f3n de sus clientes y la mejora continua \u201d<\/span><\/p>\n<p>[\/vc_column_text][\/vc_column][vc_column width=&#8221;1\/3&#8243;][vc_column_text]<\/p>\n<h3 style=\"text-align: center;\"><img loading=\"lazy\" decoding=\"async\" class=\"alignnone size-thumbnail wp-image-13553\" src=\"https:\/\/www.tecmic.com\/wp-content\/uploads\/2023\/01\/Tecmic_Scoring-Top5-2022-150x150.png\" alt=\"\" width=\"150\" height=\"150\" srcset=\"https:\/\/www.tecmic.com\/wp-content\/uploads\/2023\/01\/Tecmic_Scoring-Top5-2022-150x150.png 150w, https:\/\/www.tecmic.com\/wp-content\/uploads\/2023\/01\/Tecmic_Scoring-Top5-2022-300x300.png 300w, https:\/\/www.tecmic.com\/wp-content\/uploads\/2023\/01\/Tecmic_Scoring-Top5-2022-660x660.png 660w, https:\/\/www.tecmic.com\/wp-content\/uploads\/2023\/01\/Tecmic_Scoring-Top5-2022.png 737w\" sizes=\"(max-width: 150px) 100vw, 150px\" \/><\/h3>\n<h3 style=\"text-align: center;\">Scoring TOP 5% 2022 \u2013 Mejores PYMES Portugal<\/h3>\n<p style=\"text-align: center;\"><span lang=\"es\">&#8220;Es con gran orgullo que vemos el desempe\u00f1o econ\u00f3mico y la solidez financiera de TECMIC en el TOP 5% de las mejores PYMES nacionales. Esta distinci\u00f3n y certificaci\u00f3n valida uno de los principales pilares de nuestra estrategia de gesti\u00f3n.<br \/>\nNuestra solidez financiera nos ha permitido no solo invertir constantemente en el desarrollo de nuestros productos, sino tambi\u00e9n ayudar a nuestros clientes durante los per\u00edodos m\u00e1s desafiantes, asegurando la prestaci\u00f3n de nuestros servicios en cualquier situaci\u00f3n.&#8221;<\/span><\/p>\n<p>[\/vc_column_text][\/vc_column][vc_column width=&#8221;1\/3&#8243; overflow=&#8221;default&#8221;][vc_column_text]<\/p>\n<h3 style=\"text-align: center;\"><img loading=\"lazy\" decoding=\"async\" class=\"alignnone size-medium wp-image-9655\" src=\"https:\/\/stg.tecmic.com\/wp-content\/uploads\/2019\/07\/cert_MicrosoftPartnerGoldISV_transp-300x100.png\" alt=\"\" width=\"300\" height=\"100\" srcset=\"https:\/\/www.tecmic.com\/wp-content\/uploads\/2019\/07\/cert_MicrosoftPartnerGoldISV_transp-300x100.png 300w, https:\/\/www.tecmic.com\/wp-content\/uploads\/2019\/07\/cert_MicrosoftPartnerGoldISV_transp.png 360w\" sizes=\"(max-width: 300px) 100vw, 300px\" \/><\/h3>\n<h3 style=\"text-align: center;\">Microsoft Partner \u2013 Gold ISV<\/h3>\n<p style=\"text-align: center;\"><span lang=\"es\">La certificaci\u00f3n Gold Partner solo se otorga a empresas que demuestren el nivel m\u00e1s alto y constante de aptitud y compromiso dentro de un \u00e1rea espec\u00edfica de soluciones comerciales de Microsoft. Alcanzar una competencia Gold ayuda a indicar a los clientes y otros socios el estado de &#8220;mejor en su clase&#8221;.<\/span><\/p>\n<p>[\/vc_column_text][\/vc_column][\/vc_row][vc_row full_width=&#8221;stretch_row&#8221; equal_height=&#8221;yes&#8221; overflow=&#8221;default&#8221; css=&#8221;.vc_custom_1585075450146{padding-bottom: 60px !important;background-color: #f4f4f4 !important;}&#8221; el_class=&#8221;block-awards&#8221;][vc_column width=&#8221;1\/3&#8243;][vc_column_text]<\/p>\n<h3 style=\"text-align: center;\"><img loading=\"lazy\" decoding=\"async\" class=\"alignnone size-medium wp-image-9654\" src=\"https:\/\/stg.tecmic.com\/wp-content\/uploads\/2019\/07\/cert_TagusparkTecparques_transp-300x100.png\" alt=\"\" width=\"300\" height=\"100\" srcset=\"https:\/\/www.tecmic.com\/wp-content\/uploads\/2019\/07\/cert_TagusparkTecparques_transp-300x100.png 300w, https:\/\/www.tecmic.com\/wp-content\/uploads\/2019\/07\/cert_TagusparkTecparques_transp.png 360w\" sizes=\"(max-width: 300px) 100vw, 300px\" \/><\/h3>\n<h3 style=\"text-align: center;\">Premio \u201cMejor Empresa Nacional\u201d<\/h3>\n<p style=\"text-align: center;\"><span lang=\"es\">En 2012, Tecmic fue la ganadora del premio de Emprendimiento en Ciencia y Tecnolog\u00eda en la categor\u00eda de \u201cMejor Empresa Nacional\u201d otorgado por Tecparques &#8211; Asociaci\u00f3n Portuguesa de Parques Cient\u00edficos y Tecnol\u00f3gicos.<\/span><\/p>\n<p>[\/vc_column_text][\/vc_column][vc_column width=&#8221;1\/3&#8243;][vc_column_text]<\/p>\n<h3 style=\"text-align: center;\"><strong><img loading=\"lazy\" decoding=\"async\" class=\"alignnone wp-image-9653\" src=\"https:\/\/stg.tecmic.com\/wp-content\/uploads\/2019\/07\/cert_PMELider-243x300.jpg\" alt=\"\" width=\"100\" height=\"124\" srcset=\"https:\/\/www.tecmic.com\/wp-content\/uploads\/2019\/07\/cert_PMELider-243x300.jpg 243w, https:\/\/www.tecmic.com\/wp-content\/uploads\/2019\/07\/cert_PMELider.jpg 279w\" sizes=\"(max-width: 100px) 100vw, 100px\" \/><\/strong><\/h3>\n<h3 style=\"text-align: center;\"><strong>PYME L\u00edder<\/strong><\/h3>\n<p style=\"text-align: center;\"><span lang=\"es\"><strong>Tecmic es PYME L\u00edder desde 2007<\/strong>.<\/span><\/p>\n<p style=\"text-align: center;\"><span lang=\"es\">\u201cEl estatuto PYME L\u00edder fue lanzado por IAPMEI como una herramienta para calificar empresas, con el objetivo de segmentar y dar notoriedad a empresas con perfiles de desempe\u00f1o superiores, y crear condiciones de financiamiento optimizadas para desarrollar sus estrategias de crecimiento y fortalecimiento de su competitividad&#8221;.<\/span><\/p>\n<p>[\/vc_column_text][\/vc_column][vc_column width=&#8221;1\/3&#8243; overflow=&#8221;default&#8221;][vc_column_text]<\/p>\n<h3 style=\"text-align: center;\"><strong><img loading=\"lazy\" decoding=\"async\" class=\"alignnone wp-image-9651\" src=\"https:\/\/stg.tecmic.com\/wp-content\/uploads\/2019\/07\/cert_PME-Excelencia.png\" alt=\"\" width=\"100\" height=\"126\" \/><\/strong><\/h3>\n<h3 style=\"text-align: center;\"><strong>PYME Excelencia<\/strong><\/h3>\n<p style=\"text-align: center;\"><span lang=\"es\">La distinci\u00f3n <strong>PYME Excelencia<\/strong> se aplica a \u201cempresas que tienen ratios de solidez financiera y rentabilidad por encima de la media nacional, que han sabido mantener altos est\u00e1ndares competitivos en un contexto especialmente exigente y que est\u00e1n logrando superar la crisis con crecimiento, consolidaci\u00f3n de resultados con contribuciones activas a la creaci\u00f3n de riqueza y empleo en las regiones donde operan \u201d.<\/span><\/p>\n<p>[\/vc_column_text][\/vc_column][\/vc_row]<\/p>\n","protected":false},"excerpt":{"rendered":"<p>[vc_row overflow=&#8221;default&#8221; css=&#8221;.vc_custom_1564057621324{margin-top: 60px !important;margin-bottom: 60px !important;}&#8221;][vc_column][vc_column_text] Reconocimiento nacional e internacional que acredita la calidad de Tecmic [\/vc_column_text][\/vc_column][\/vc_row][vc_row full_width=&#8221;stretch_row&#8221; equal_height=&#8221;yes&#8221; overflow=&#8221;default&#8221; css=&#8221;.vc_custom_1585075443291{padding-top: 60px !important;background-color: #f4f4f4&#8230;<\/p>\n","protected":false},"author":4,"featured_media":12499,"parent":12487,"menu_order":0,"comment_status":"closed","ping_status":"closed","template":"","meta":{"footnotes":""},"categories":[],"tags":[],"class_list":["post-12497","page","type-page","status-publish","has-post-thumbnail","hentry"],"yoast_head":"<!-- This site is optimized with the Yoast SEO plugin v24.8.1 - https:\/\/yoast.com\/wordpress\/plugins\/seo\/ -->\r\n<title>Premios y Certificados - Tecmic<\/title>\r\n<meta name=\"robots\" content=\"index, follow, max-snippet:-1, max-image-preview:large, max-video-preview:-1\" \/>\r\n<link rel=\"canonical\" href=\"https:\/\/www.tecmic.com\/es\/empresa\/premios-e-certificacoes\/\" \/>\r\n<meta property=\"og:locale\" content=\"es_ES\" \/>\r\n<meta property=\"og:type\" content=\"article\" \/>\r\n<meta property=\"og:title\" content=\"Premios y Certificados - Tecmic\" \/>\r\n<meta property=\"og:description\" content=\"[vc_row overflow=&#8221;default&#8221; css=&#8221;.vc_custom_1564057621324{margin-top: 60px !important;margin-bottom: 60px !important;}&#8221;][vc_column][vc_column_text] Reconocimiento nacional e internacional que acredita la calidad de Tecmic [\/vc_column_text][\/vc_column][\/vc_row][vc_row full_width=&#8221;stretch_row&#8221; equal_height=&#8221;yes&#8221; overflow=&#8221;default&#8221; css=&#8221;.vc_custom_1585075443291{padding-top: 60px !important;background-color: #f4f4f4...\" \/>\r\n<meta property=\"og:url\" content=\"https:\/\/www.tecmic.com\/es\/empresa\/premios-e-certificacoes\/\" \/>\r\n<meta property=\"og:site_name\" content=\"Tecmic\" \/>\r\n<meta property=\"article:publisher\" content=\"https:\/\/www.facebook.com\/Tecmic-196226277112224\/\" \/>\r\n<meta property=\"article:modified_time\" content=\"2024-09-11T13:46:49+00:00\" \/>\r\n<meta property=\"og:image\" content=\"https:\/\/www.tecmic.com\/wp-content\/uploads\/2019\/07\/Tecmic-awards-and-certifications.jpg\" \/>\r\n\t<meta property=\"og:image:width\" content=\"2200\" \/>\r\n\t<meta property=\"og:image:height\" content=\"660\" \/>\r\n\t<meta property=\"og:image:type\" content=\"image\/jpeg\" \/>\r\n<meta name=\"twitter:card\" content=\"summary_large_image\" \/>\r\n<meta name=\"twitter:label1\" content=\"Tiempo de lectura\" \/>\n\t<meta name=\"twitter:data1\" content=\"4 minutos\" \/>\r\n<script type=\"application\/ld+json\" class=\"yoast-schema-graph\">{\"@context\":\"https:\/\/schema.org\",\"@graph\":[{\"@type\":\"WebPage\",\"@id\":\"https:\/\/www.tecmic.com\/es\/empresa\/premios-e-certificacoes\/\",\"url\":\"https:\/\/www.tecmic.com\/es\/empresa\/premios-e-certificacoes\/\",\"name\":\"Premios y Certificados - Tecmic\",\"isPartOf\":{\"@id\":\"https:\/\/www.tecmic.com\/#website\"},\"primaryImageOfPage\":{\"@id\":\"https:\/\/www.tecmic.com\/es\/empresa\/premios-e-certificacoes\/#primaryimage\"},\"image\":{\"@id\":\"https:\/\/www.tecmic.com\/es\/empresa\/premios-e-certificacoes\/#primaryimage\"},\"thumbnailUrl\":\"https:\/\/www.tecmic.com\/wp-content\/uploads\/2019\/07\/Tecmic-awards-and-certifications.jpg\",\"datePublished\":\"2019-07-25T11:47:13+00:00\",\"dateModified\":\"2024-09-11T13:46:49+00:00\",\"breadcrumb\":{\"@id\":\"https:\/\/www.tecmic.com\/es\/empresa\/premios-e-certificacoes\/#breadcrumb\"},\"inLanguage\":\"es\",\"potentialAction\":[{\"@type\":\"ReadAction\",\"target\":[\"https:\/\/www.tecmic.com\/es\/empresa\/premios-e-certificacoes\/\"]}]},{\"@type\":\"ImageObject\",\"inLanguage\":\"es\",\"@id\":\"https:\/\/www.tecmic.com\/es\/empresa\/premios-e-certificacoes\/#primaryimage\",\"url\":\"https:\/\/www.tecmic.com\/wp-content\/uploads\/2019\/07\/Tecmic-awards-and-certifications.jpg\",\"contentUrl\":\"https:\/\/www.tecmic.com\/wp-content\/uploads\/2019\/07\/Tecmic-awards-and-certifications.jpg\",\"width\":2200,\"height\":660},{\"@type\":\"BreadcrumbList\",\"@id\":\"https:\/\/www.tecmic.com\/es\/empresa\/premios-e-certificacoes\/#breadcrumb\",\"itemListElement\":[{\"@type\":\"ListItem\",\"position\":1,\"name\":\"In\u00edcio\",\"item\":\"https:\/\/www.tecmic.com\/es\/\"},{\"@type\":\"ListItem\",\"position\":2,\"name\":\"Empresa\",\"item\":\"https:\/\/www.tecmic.com\/es\/empresa\/\"},{\"@type\":\"ListItem\",\"position\":3,\"name\":\"Premios y Certificados\"}]},{\"@type\":\"WebSite\",\"@id\":\"https:\/\/www.tecmic.com\/#website\",\"url\":\"https:\/\/www.tecmic.com\/\",\"name\":\"Tecmic\",\"description\":\"The world outside inside your window\",\"publisher\":{\"@id\":\"https:\/\/www.tecmic.com\/#organization\"},\"potentialAction\":[{\"@type\":\"SearchAction\",\"target\":{\"@type\":\"EntryPoint\",\"urlTemplate\":\"https:\/\/www.tecmic.com\/?s={search_term_string}\"},\"query-input\":{\"@type\":\"PropertyValueSpecification\",\"valueRequired\":true,\"valueName\":\"search_term_string\"}}],\"inLanguage\":\"es\"},{\"@type\":\"Organization\",\"@id\":\"https:\/\/www.tecmic.com\/#organization\",\"name\":\"Tecmic\",\"url\":\"https:\/\/www.tecmic.com\/\",\"logo\":{\"@type\":\"ImageObject\",\"inLanguage\":\"es\",\"@id\":\"https:\/\/www.tecmic.com\/#\/schema\/logo\/image\/\",\"url\":\"https:\/\/www.tecmic.com\/wp-content\/uploads\/2020\/02\/Tecmic-logo_01.png\",\"contentUrl\":\"https:\/\/www.tecmic.com\/wp-content\/uploads\/2020\/02\/Tecmic-logo_01.png\",\"width\":2892,\"height\":317,\"caption\":\"Tecmic\"},\"image\":{\"@id\":\"https:\/\/www.tecmic.com\/#\/schema\/logo\/image\/\"},\"sameAs\":[\"https:\/\/www.facebook.com\/Tecmic-196226277112224\/\",\"https:\/\/www.linkedin.com\/company\/tecmic\/\"]}]}<\/script>\r\n<!-- \/ Yoast SEO plugin. -->","yoast_head_json":{"title":"Premios y Certificados - Tecmic","robots":{"index":"index","follow":"follow","max-snippet":"max-snippet:-1","max-image-preview":"max-image-preview:large","max-video-preview":"max-video-preview:-1"},"canonical":"https:\/\/www.tecmic.com\/es\/empresa\/premios-e-certificacoes\/","og_locale":"es_ES","og_type":"article","og_title":"Premios y Certificados - Tecmic","og_description":"[vc_row overflow=&#8221;default&#8221; css=&#8221;.vc_custom_1564057621324{margin-top: 60px !important;margin-bottom: 60px !important;}&#8221;][vc_column][vc_column_text] Reconocimiento nacional e internacional que acredita la calidad de Tecmic [\/vc_column_text][\/vc_column][\/vc_row][vc_row full_width=&#8221;stretch_row&#8221; equal_height=&#8221;yes&#8221; overflow=&#8221;default&#8221; css=&#8221;.vc_custom_1585075443291{padding-top: 60px !important;background-color: #f4f4f4...","og_url":"https:\/\/www.tecmic.com\/es\/empresa\/premios-e-certificacoes\/","og_site_name":"Tecmic","article_publisher":"https:\/\/www.facebook.com\/Tecmic-196226277112224\/","article_modified_time":"2024-09-11T13:46:49+00:00","og_image":[{"width":2200,"height":660,"url":"https:\/\/www.tecmic.com\/wp-content\/uploads\/2019\/07\/Tecmic-awards-and-certifications.jpg","type":"image\/jpeg"}],"twitter_card":"summary_large_image","twitter_misc":{"Tiempo de lectura":"4 minutos"},"schema":{"@context":"https:\/\/schema.org","@graph":[{"@type":"WebPage","@id":"https:\/\/www.tecmic.com\/es\/empresa\/premios-e-certificacoes\/","url":"https:\/\/www.tecmic.com\/es\/empresa\/premios-e-certificacoes\/","name":"Premios y Certificados - Tecmic","isPartOf":{"@id":"https:\/\/www.tecmic.com\/#website"},"primaryImageOfPage":{"@id":"https:\/\/www.tecmic.com\/es\/empresa\/premios-e-certificacoes\/#primaryimage"},"image":{"@id":"https:\/\/www.tecmic.com\/es\/empresa\/premios-e-certificacoes\/#primaryimage"},"thumbnailUrl":"https:\/\/www.tecmic.com\/wp-content\/uploads\/2019\/07\/Tecmic-awards-and-certifications.jpg","datePublished":"2019-07-25T11:47:13+00:00","dateModified":"2024-09-11T13:46:49+00:00","breadcrumb":{"@id":"https:\/\/www.tecmic.com\/es\/empresa\/premios-e-certificacoes\/#breadcrumb"},"inLanguage":"es","potentialAction":[{"@type":"ReadAction","target":["https:\/\/www.tecmic.com\/es\/empresa\/premios-e-certificacoes\/"]}]},{"@type":"ImageObject","inLanguage":"es","@id":"https:\/\/www.tecmic.com\/es\/empresa\/premios-e-certificacoes\/#primaryimage","url":"https:\/\/www.tecmic.com\/wp-content\/uploads\/2019\/07\/Tecmic-awards-and-certifications.jpg","contentUrl":"https:\/\/www.tecmic.com\/wp-content\/uploads\/2019\/07\/Tecmic-awards-and-certifications.jpg","width":2200,"height":660},{"@type":"BreadcrumbList","@id":"https:\/\/www.tecmic.com\/es\/empresa\/premios-e-certificacoes\/#breadcrumb","itemListElement":[{"@type":"ListItem","position":1,"name":"In\u00edcio","item":"https:\/\/www.tecmic.com\/es\/"},{"@type":"ListItem","position":2,"name":"Empresa","item":"https:\/\/www.tecmic.com\/es\/empresa\/"},{"@type":"ListItem","position":3,"name":"Premios y Certificados"}]},{"@type":"WebSite","@id":"https:\/\/www.tecmic.com\/#website","url":"https:\/\/www.tecmic.com\/","name":"Tecmic","description":"The world outside inside your window","publisher":{"@id":"https:\/\/www.tecmic.com\/#organization"},"potentialAction":[{"@type":"SearchAction","target":{"@type":"EntryPoint","urlTemplate":"https:\/\/www.tecmic.com\/?s={search_term_string}"},"query-input":{"@type":"PropertyValueSpecification","valueRequired":true,"valueName":"search_term_string"}}],"inLanguage":"es"},{"@type":"Organization","@id":"https:\/\/www.tecmic.com\/#organization","name":"Tecmic","url":"https:\/\/www.tecmic.com\/","logo":{"@type":"ImageObject","inLanguage":"es","@id":"https:\/\/www.tecmic.com\/#\/schema\/logo\/image\/","url":"https:\/\/www.tecmic.com\/wp-content\/uploads\/2020\/02\/Tecmic-logo_01.png","contentUrl":"https:\/\/www.tecmic.com\/wp-content\/uploads\/2020\/02\/Tecmic-logo_01.png","width":2892,"height":317,"caption":"Tecmic"},"image":{"@id":"https:\/\/www.tecmic.com\/#\/schema\/logo\/image\/"},"sameAs":["https:\/\/www.facebook.com\/Tecmic-196226277112224\/","https:\/\/www.linkedin.com\/company\/tecmic\/"]}]}},"_links":{"self":[{"href":"https:\/\/www.tecmic.com\/es\/wp-json\/wp\/v2\/pages\/12497"}],"collection":[{"href":"https:\/\/www.tecmic.com\/es\/wp-json\/wp\/v2\/pages"}],"about":[{"href":"https:\/\/www.tecmic.com\/es\/wp-json\/wp\/v2\/types\/page"}],"author":[{"embeddable":true,"href":"https:\/\/www.tecmic.com\/es\/wp-json\/wp\/v2\/users\/4"}],"replies":[{"embeddable":true,"href":"https:\/\/www.tecmic.com\/es\/wp-json\/wp\/v2\/comments?post=12497"}],"version-history":[{"count":5,"href":"https:\/\/www.tecmic.com\/es\/wp-json\/wp\/v2\/pages\/12497\/revisions"}],"predecessor-version":[{"id":13559,"href":"https:\/\/www.tecmic.com\/es\/wp-json\/wp\/v2\/pages\/12497\/revisions\/13559"}],"up":[{"embeddable":true,"href":"https:\/\/www.tecmic.com\/es\/wp-json\/wp\/v2\/pages\/12487"}],"wp:featuredmedia":[{"embeddable":true,"href":"https:\/\/www.tecmic.com\/es\/wp-json\/wp\/v2\/media\/12499"}],"wp:attachment":[{"href":"https:\/\/www.tecmic.com\/es\/wp-json\/wp\/v2\/media?parent=12497"}],"wp:term":[{"taxonomy":"category","embeddable":true,"href":"https:\/\/www.tecmic.com\/es\/wp-json\/wp\/v2\/categories?post=12497"},{"taxonomy":"post_tag","embeddable":true,"href":"https:\/\/www.tecmic.com\/es\/wp-json\/wp\/v2\/tags?post=12497"}],"curies":[{"name":"wp","href":"https:\/\/api.w.org\/{rel}","templated":true}]}}