{"id":12564,"date":"2020-03-25T18:20:10","date_gmt":"2020-03-25T18:20:07","guid":{"rendered":"https:\/\/www.tecmic.com\/solucoes-tecmic\/mobilidade-gestao-de-ativos-e-de-equipas\/gestao-de-ocorrencias\/"},"modified":"2021-03-15T14:50:22","modified_gmt":"2021-03-15T14:50:22","slug":"gestao-de-ocorrencias","status":"publish","type":"page","link":"https:\/\/www.tecmic.com\/es\/soluciones-tecmic\/movilidad-gestion-de-activos-y-de-equipos\/gestao-de-ocorrencias\/","title":{"rendered":"Gesti\u00f3n de Incidentes"},"content":{"rendered":"<p>[vc_row overflow=&#8221;default&#8221; el_class=&#8221;heading-top&#8221;][vc_column width=&#8221;1\/12&#8243;][\/vc_column][vc_column width=&#8221;10\/12&#8243; overflow=&#8221;default&#8221; el_class=&#8221;products-text-01&#8243;][vc_custom_heading text=&#8221;Antic\u00edpese a los riesgos conociendo los incidentes en curso&#8221; use_theme_fonts=&#8221;yes&#8221;][vc_column_text]<span lang=\"es\">El m\u00f3dulo de gesti\u00f3n de incidentes recibe autom\u00e1ticamente las alarmas de los veh\u00edculos o conductores y permite procesarlas seg\u00fan los procedimientos establecidos por la empresa.<\/span><\/p>\n<p><span lang=\"es\"> Permite conocer las incidencias en curso, c\u00f3mo y por qui\u00e9n se est\u00e1n resolviendo y anticipar los riesgos, as\u00ed como consultar de forma f\u00e1cil y r\u00e1pida el registro de los tipos de incidencias m\u00e1s habituales y su resoluci\u00f3n.<\/span>[\/vc_column_text][vc_separator][\/vc_column][vc_column width=&#8221;1\/12&#8243;][\/vc_column][\/vc_row][vc_row overflow=&#8221;default&#8221; css=&#8221;.vc_custom_1582214341212{padding-bottom: 60px !important;}&#8221; el_class=&#8221;products-text-01&#8243;][vc_column width=&#8221;1\/12&#8243;][\/vc_column][vc_column width=&#8221;5\/12&#8243; overflow=&#8221;default&#8221; el_class=&#8221;products-text-02&#8243;][vc_custom_heading text=&#8221;Algunas Funcionalidades&#8221; font_container=&#8221;tag:h3|text_align:left&#8221; use_theme_fonts=&#8221;yes&#8221;][vc_column_text el_class=&#8221;products-text-03&#8243;]<\/p>\n<ul>\n<li>Ver, analizar y manejar las incidencias que se est\u00e1n introduciendo en el sistema, ya sea por alarmas generadas en los veh\u00edculos o por introducci\u00f3n manual<\/li>\n<li>Consultar las ocurrencias en curso<\/li>\n<li>Filtrar la lista de incidentes por tipo<\/li>\n<li>Crear incidentes de forma manual<\/li>\n<li>Realizar el tratamiento del incidente de acuerdo con los procedimientos establecidos seg\u00fan el tipo de incidente<\/li>\n<li>Anotar las acciones tomadas por el operador en el tratamiento del incidente para su consulta.<\/li>\n<li>Seguimiento del tratamiento de los incidentes<\/li>\n<li>Elaboraci\u00f3n de estad\u00edsticas de tratamiento por empleado y tiempos de tratamiento<\/li>\n<\/ul>\n<p>[\/vc_column_text][\/vc_column][vc_column width=&#8221;5\/12&#8243;][vc_custom_heading text=&#8221;Beneficios&#8221; font_container=&#8221;tag:h3|text_align:left&#8221; use_theme_fonts=&#8221;yes&#8221;][vc_column_text el_class=&#8221;products-text-03&#8243;]<\/p>\n<ul>\n<li>Brinda al usuario la posibilidad de realizar un an\u00e1lisis r\u00e1pido y tomar las medidas necesarias para hacer frente a una incidencia.<\/li>\n<li>Realizar el tratamiento sistem\u00e1tico de los incidentes permite optimizar procesos y tiempos de respuesta<\/li>\n<li>Todas las incidencias y su tratamiento quedan registradas para an\u00e1lisis futuros.<\/li>\n<li>Las estad\u00edsticas por empleado permiten adaptar la formaci\u00f3n necesaria y aumentar la productividad<\/li>\n<\/ul>\n<p>[\/vc_column_text][\/vc_column][vc_column width=&#8221;1\/12&#8243;][\/vc_column][\/vc_row][vc_row full_width=&#8221;stretch_row&#8221; content_placement=&#8221;bottom&#8221; overflow=&#8221;default&#8221; el_class=&#8221;block-modules&#8221;][vc_column overflow=&#8221;default&#8221; el_class=&#8221;products-modules-line&#8221;]\r\n<div class=\"sh-heading  \" id=\"heading-B9Fqhdki7c\">\r\n\t<div class=\"sh-element-margin\">\r\n\r\n\t\t\r\n\t\t\t<h2 class=\"sh-heading-content size-default text-center\">\r\n\t\t\t\tOTROS M\u00d3DULOS\t\t\t<\/h2>\r\n\r\n\t\t\r\n\t<\/div>\r\n<\/div>\r\n            <style type=\"text\/css\">\r\n                #heading-B9Fqhdki7c .sh-element-margin {margin: 0px 0px 50px 0px;}#heading-B9Fqhdki7c .sh-heading-content {font-weight: 700!important;color: #ffffff;}#heading-B9Fqhdki7c .sh-heading-content,#heading-B9Fqhdki7c .sh-heading-additional-text {}            <\/style>\r\n        [vc_basic_grid post_type=&#8221;page&#8221; max_items=&#8221;30&#8243; element_width=&#8221;3&#8243; gap=&#8221;15&#8243; orderby=&#8221;title&#8221; order=&#8221;ASC&#8221; item=&#8221;11093&#8243; grid_id=&#8221;vc_gid:1615819547276-6e07c045-40c3-7&#8243; taxonomies=&#8221;30&#8243;][\/vc_column][\/vc_row][vc_row full_width=&#8221;stretch_row&#8221; overflow=&#8221;default&#8221; text=&#8221;CONTACTE-NOS&#8221; url=&#8221;\/contacte-nos\/&#8221; target=&#8221;_self&#8221; alignment=&#8221;center&#8221; alignment_mobile=&#8221;center&#8221; image=&#8221;&#8221; icon=&#8221;&#8221; icon_alignment=&#8221;left&#8221; style=&#8221;5&#8243; size=&#8221;xlarge sh-button-xlarge-small&#8221; font_size=&#8221;24&#8243; radius=&#8221;25&#8243; border_size=&#8221;3&#8243; full=&#8221;&#8221; tale=&#8221;none&#8221; height=&#8221;&#8221; leftright_padding=&#8221;&#8221; margin=&#8221;0px 0px 0px 0px&#8221; text_color=&#8221;#ffffff&#8221; text_hover_color=&#8221;&#8221; background_color=&#8221;#dd3333&#8243; background_hover_color=&#8221;#093672&#8243; border_color=&#8221;#ffffff&#8221; border_hover_color=&#8221;&#8221; animation=&#8221;none&#8221; animation_speed=&#8221;2&#8243; animation_delay=&#8221;0&#8243; el_class=&#8221;block-know-more&#8221;][vc_column width=&#8221;1\/4&#8243;][\/vc_column][vc_column width=&#8221;1\/2&#8243;]\r\n<div id=\"button-qJ4Aj0OLXW\" class=\"sh-button-container  sh-button-style-5\">\r\n\t<div class=\"sh-element-margin\">\r\n\t\t<a href=\"\/contacte-nos\/\" target=\"_self\" class=\"sh-button sh-button-xlarge sh-button-xlarge-small \">\r\n\r\n\t\t\t\r\n\t\t\t\t\t\t\t<span class=\"sh-button-text\">\r\n\t\t\t\t\tM\u00c1S INFORMACI\u00d3N! CONT\u00c1CTENOS\t\t\t\t<\/span>\r\n\t\t\t\r\n\t\t\t\r\n\t\t<\/a>\r\n\t\t\t<\/div>\r\n<\/div>\r\n            <style type=\"text\/css\">\r\n                #button-qJ4Aj0OLXW .sh-button {color: #ffffff;border: 3px solid #ffffff;box-shadow: 0px 2px 2px rgba(0,0,0,0.15);}#button-qJ4Aj0OLXW {text-align: center;}#button-qJ4Aj0OLXW .sh-element-margin {margin: 0px 0px 0px 0px;}#button-qJ4Aj0OLXW:not(.sh-button-style-2) .sh-button:hover {}#button-qJ4Aj0OLXW.sh-button-style-2 .sh-button:after {}#button-qJ4Aj0OLXW.sh-button-style-2 .sh-button:hover {}@media (max-width: 800px) {#button-qJ4Aj0OLXW {text-align: center;}}            <\/style>\r\n        [\/vc_column][vc_column width=&#8221;1\/4&#8243;][\/vc_column][\/vc_row]<\/p>\n","protected":false},"excerpt":{"rendered":"<p>Conhe\u00e7a os incidentes em curso, como e por quem est\u00e3o a ser resolvidos. Antecipe os riscos consultando de forma f\u00e1cil e \u00e1gil o registo dos tipos de incidentes mais comuns e a sua resolu\u00e7\u00e3o.<\/p>\n","protected":false},"author":4,"featured_media":12565,"parent":12528,"menu_order":4,"comment_status":"closed","ping_status":"closed","template":"","meta":{"footnotes":""},"categories":[78],"tags":[],"class_list":["post-12564","page","type-page","status-publish","has-post-thumbnail","hentry","category-mobilidade-gestao-de-equipas-es"],"yoast_head":"<!-- This site is optimized with the Yoast SEO plugin v24.8.1 - https:\/\/yoast.com\/wordpress\/plugins\/seo\/ -->\r\n<title>Gesti\u00f3n de Incidentes - Tecmic<\/title>\r\n<meta name=\"robots\" content=\"index, follow, max-snippet:-1, max-image-preview:large, max-video-preview:-1\" \/>\r\n<link rel=\"canonical\" href=\"https:\/\/www.tecmic.com\/es\/soluciones-tecmic\/movilidad-gestion-de-activos-y-de-equipos\/gestao-de-ocorrencias\/\" \/>\r\n<meta property=\"og:locale\" content=\"es_ES\" \/>\r\n<meta property=\"og:type\" content=\"article\" \/>\r\n<meta property=\"og:title\" content=\"Gesti\u00f3n de Incidentes - Tecmic\" \/>\r\n<meta property=\"og:description\" content=\"Conhe\u00e7a os incidentes em curso, como e por quem est\u00e3o a ser resolvidos. Antecipe os riscos consultando de forma f\u00e1cil e \u00e1gil o registo dos tipos de incidentes mais comuns e a sua resolu\u00e7\u00e3o.\" \/>\r\n<meta property=\"og:url\" content=\"https:\/\/www.tecmic.com\/es\/soluciones-tecmic\/movilidad-gestion-de-activos-y-de-equipos\/gestao-de-ocorrencias\/\" \/>\r\n<meta property=\"og:site_name\" content=\"Tecmic\" \/>\r\n<meta property=\"article:publisher\" content=\"https:\/\/www.facebook.com\/Tecmic-196226277112224\/\" \/>\r\n<meta property=\"article:modified_time\" content=\"2021-03-15T14:50:22+00:00\" \/>\r\n<meta property=\"og:image\" content=\"https:\/\/www.tecmic.com\/wp-content\/uploads\/2020\/02\/Tecmic-modulos_XTraN-gestao-de-ocorrencias-02.jpg\" \/>\r\n\t<meta property=\"og:image:width\" content=\"2200\" \/>\r\n\t<meta property=\"og:image:height\" content=\"660\" \/>\r\n\t<meta property=\"og:image:type\" content=\"image\/jpeg\" \/>\r\n<meta name=\"twitter:card\" content=\"summary_large_image\" \/>\r\n<meta name=\"twitter:label1\" content=\"Tiempo de lectura\" \/>\n\t<meta name=\"twitter:data1\" content=\"3 minutos\" \/>\r\n<script type=\"application\/ld+json\" class=\"yoast-schema-graph\">{\"@context\":\"https:\/\/schema.org\",\"@graph\":[{\"@type\":\"WebPage\",\"@id\":\"https:\/\/www.tecmic.com\/es\/soluciones-tecmic\/movilidad-gestion-de-activos-y-de-equipos\/gestao-de-ocorrencias\/\",\"url\":\"https:\/\/www.tecmic.com\/es\/soluciones-tecmic\/movilidad-gestion-de-activos-y-de-equipos\/gestao-de-ocorrencias\/\",\"name\":\"Gesti\u00f3n de Incidentes - Tecmic\",\"isPartOf\":{\"@id\":\"https:\/\/www.tecmic.com\/#website\"},\"primaryImageOfPage\":{\"@id\":\"https:\/\/www.tecmic.com\/es\/soluciones-tecmic\/movilidad-gestion-de-activos-y-de-equipos\/gestao-de-ocorrencias\/#primaryimage\"},\"image\":{\"@id\":\"https:\/\/www.tecmic.com\/es\/soluciones-tecmic\/movilidad-gestion-de-activos-y-de-equipos\/gestao-de-ocorrencias\/#primaryimage\"},\"thumbnailUrl\":\"https:\/\/www.tecmic.com\/wp-content\/uploads\/2020\/02\/Tecmic-modulos_XTraN-gestao-de-ocorrencias-02.jpg\",\"datePublished\":\"2020-03-25T18:20:07+00:00\",\"dateModified\":\"2021-03-15T14:50:22+00:00\",\"breadcrumb\":{\"@id\":\"https:\/\/www.tecmic.com\/es\/soluciones-tecmic\/movilidad-gestion-de-activos-y-de-equipos\/gestao-de-ocorrencias\/#breadcrumb\"},\"inLanguage\":\"es\",\"potentialAction\":[{\"@type\":\"ReadAction\",\"target\":[\"https:\/\/www.tecmic.com\/es\/soluciones-tecmic\/movilidad-gestion-de-activos-y-de-equipos\/gestao-de-ocorrencias\/\"]}]},{\"@type\":\"ImageObject\",\"inLanguage\":\"es\",\"@id\":\"https:\/\/www.tecmic.com\/es\/soluciones-tecmic\/movilidad-gestion-de-activos-y-de-equipos\/gestao-de-ocorrencias\/#primaryimage\",\"url\":\"https:\/\/www.tecmic.com\/wp-content\/uploads\/2020\/02\/Tecmic-modulos_XTraN-gestao-de-ocorrencias-02.jpg\",\"contentUrl\":\"https:\/\/www.tecmic.com\/wp-content\/uploads\/2020\/02\/Tecmic-modulos_XTraN-gestao-de-ocorrencias-02.jpg\",\"width\":2200,\"height\":660},{\"@type\":\"BreadcrumbList\",\"@id\":\"https:\/\/www.tecmic.com\/es\/soluciones-tecmic\/movilidad-gestion-de-activos-y-de-equipos\/gestao-de-ocorrencias\/#breadcrumb\",\"itemListElement\":[{\"@type\":\"ListItem\",\"position\":1,\"name\":\"In\u00edcio\",\"item\":\"https:\/\/www.tecmic.com\/es\/\"},{\"@type\":\"ListItem\",\"position\":2,\"name\":\"Soluciones Tecmic\",\"item\":\"https:\/\/www.tecmic.com\/es\/soluciones-tecmic\/\"},{\"@type\":\"ListItem\",\"position\":3,\"name\":\"Movilidad, Gesti\u00f3n de Activos y de Equipos\",\"item\":\"https:\/\/www.tecmic.com\/es\/soluciones-tecmic\/movilidad-gestion-de-activos-y-de-equipos\/\"},{\"@type\":\"ListItem\",\"position\":4,\"name\":\"Gesti\u00f3n de Incidentes\"}]},{\"@type\":\"WebSite\",\"@id\":\"https:\/\/www.tecmic.com\/#website\",\"url\":\"https:\/\/www.tecmic.com\/\",\"name\":\"Tecmic\",\"description\":\"The world outside inside your window\",\"publisher\":{\"@id\":\"https:\/\/www.tecmic.com\/#organization\"},\"potentialAction\":[{\"@type\":\"SearchAction\",\"target\":{\"@type\":\"EntryPoint\",\"urlTemplate\":\"https:\/\/www.tecmic.com\/?s={search_term_string}\"},\"query-input\":{\"@type\":\"PropertyValueSpecification\",\"valueRequired\":true,\"valueName\":\"search_term_string\"}}],\"inLanguage\":\"es\"},{\"@type\":\"Organization\",\"@id\":\"https:\/\/www.tecmic.com\/#organization\",\"name\":\"Tecmic\",\"url\":\"https:\/\/www.tecmic.com\/\",\"logo\":{\"@type\":\"ImageObject\",\"inLanguage\":\"es\",\"@id\":\"https:\/\/www.tecmic.com\/#\/schema\/logo\/image\/\",\"url\":\"https:\/\/www.tecmic.com\/wp-content\/uploads\/2020\/02\/Tecmic-logo_01.png\",\"contentUrl\":\"https:\/\/www.tecmic.com\/wp-content\/uploads\/2020\/02\/Tecmic-logo_01.png\",\"width\":2892,\"height\":317,\"caption\":\"Tecmic\"},\"image\":{\"@id\":\"https:\/\/www.tecmic.com\/#\/schema\/logo\/image\/\"},\"sameAs\":[\"https:\/\/www.facebook.com\/Tecmic-196226277112224\/\",\"https:\/\/www.linkedin.com\/company\/tecmic\/\"]}]}<\/script>\r\n<!-- \/ Yoast SEO plugin. -->","yoast_head_json":{"title":"Gesti\u00f3n de Incidentes - Tecmic","robots":{"index":"index","follow":"follow","max-snippet":"max-snippet:-1","max-image-preview":"max-image-preview:large","max-video-preview":"max-video-preview:-1"},"canonical":"https:\/\/www.tecmic.com\/es\/soluciones-tecmic\/movilidad-gestion-de-activos-y-de-equipos\/gestao-de-ocorrencias\/","og_locale":"es_ES","og_type":"article","og_title":"Gesti\u00f3n de Incidentes - Tecmic","og_description":"Conhe\u00e7a os incidentes em curso, como e por quem est\u00e3o a ser resolvidos. Antecipe os riscos consultando de forma f\u00e1cil e \u00e1gil o registo dos tipos de incidentes mais comuns e a sua resolu\u00e7\u00e3o.","og_url":"https:\/\/www.tecmic.com\/es\/soluciones-tecmic\/movilidad-gestion-de-activos-y-de-equipos\/gestao-de-ocorrencias\/","og_site_name":"Tecmic","article_publisher":"https:\/\/www.facebook.com\/Tecmic-196226277112224\/","article_modified_time":"2021-03-15T14:50:22+00:00","og_image":[{"width":2200,"height":660,"url":"https:\/\/www.tecmic.com\/wp-content\/uploads\/2020\/02\/Tecmic-modulos_XTraN-gestao-de-ocorrencias-02.jpg","type":"image\/jpeg"}],"twitter_card":"summary_large_image","twitter_misc":{"Tiempo de lectura":"3 minutos"},"schema":{"@context":"https:\/\/schema.org","@graph":[{"@type":"WebPage","@id":"https:\/\/www.tecmic.com\/es\/soluciones-tecmic\/movilidad-gestion-de-activos-y-de-equipos\/gestao-de-ocorrencias\/","url":"https:\/\/www.tecmic.com\/es\/soluciones-tecmic\/movilidad-gestion-de-activos-y-de-equipos\/gestao-de-ocorrencias\/","name":"Gesti\u00f3n de Incidentes - Tecmic","isPartOf":{"@id":"https:\/\/www.tecmic.com\/#website"},"primaryImageOfPage":{"@id":"https:\/\/www.tecmic.com\/es\/soluciones-tecmic\/movilidad-gestion-de-activos-y-de-equipos\/gestao-de-ocorrencias\/#primaryimage"},"image":{"@id":"https:\/\/www.tecmic.com\/es\/soluciones-tecmic\/movilidad-gestion-de-activos-y-de-equipos\/gestao-de-ocorrencias\/#primaryimage"},"thumbnailUrl":"https:\/\/www.tecmic.com\/wp-content\/uploads\/2020\/02\/Tecmic-modulos_XTraN-gestao-de-ocorrencias-02.jpg","datePublished":"2020-03-25T18:20:07+00:00","dateModified":"2021-03-15T14:50:22+00:00","breadcrumb":{"@id":"https:\/\/www.tecmic.com\/es\/soluciones-tecmic\/movilidad-gestion-de-activos-y-de-equipos\/gestao-de-ocorrencias\/#breadcrumb"},"inLanguage":"es","potentialAction":[{"@type":"ReadAction","target":["https:\/\/www.tecmic.com\/es\/soluciones-tecmic\/movilidad-gestion-de-activos-y-de-equipos\/gestao-de-ocorrencias\/"]}]},{"@type":"ImageObject","inLanguage":"es","@id":"https:\/\/www.tecmic.com\/es\/soluciones-tecmic\/movilidad-gestion-de-activos-y-de-equipos\/gestao-de-ocorrencias\/#primaryimage","url":"https:\/\/www.tecmic.com\/wp-content\/uploads\/2020\/02\/Tecmic-modulos_XTraN-gestao-de-ocorrencias-02.jpg","contentUrl":"https:\/\/www.tecmic.com\/wp-content\/uploads\/2020\/02\/Tecmic-modulos_XTraN-gestao-de-ocorrencias-02.jpg","width":2200,"height":660},{"@type":"BreadcrumbList","@id":"https:\/\/www.tecmic.com\/es\/soluciones-tecmic\/movilidad-gestion-de-activos-y-de-equipos\/gestao-de-ocorrencias\/#breadcrumb","itemListElement":[{"@type":"ListItem","position":1,"name":"In\u00edcio","item":"https:\/\/www.tecmic.com\/es\/"},{"@type":"ListItem","position":2,"name":"Soluciones Tecmic","item":"https:\/\/www.tecmic.com\/es\/soluciones-tecmic\/"},{"@type":"ListItem","position":3,"name":"Movilidad, Gesti\u00f3n de Activos y de Equipos","item":"https:\/\/www.tecmic.com\/es\/soluciones-tecmic\/movilidad-gestion-de-activos-y-de-equipos\/"},{"@type":"ListItem","position":4,"name":"Gesti\u00f3n de Incidentes"}]},{"@type":"WebSite","@id":"https:\/\/www.tecmic.com\/#website","url":"https:\/\/www.tecmic.com\/","name":"Tecmic","description":"The world outside inside your window","publisher":{"@id":"https:\/\/www.tecmic.com\/#organization"},"potentialAction":[{"@type":"SearchAction","target":{"@type":"EntryPoint","urlTemplate":"https:\/\/www.tecmic.com\/?s={search_term_string}"},"query-input":{"@type":"PropertyValueSpecification","valueRequired":true,"valueName":"search_term_string"}}],"inLanguage":"es"},{"@type":"Organization","@id":"https:\/\/www.tecmic.com\/#organization","name":"Tecmic","url":"https:\/\/www.tecmic.com\/","logo":{"@type":"ImageObject","inLanguage":"es","@id":"https:\/\/www.tecmic.com\/#\/schema\/logo\/image\/","url":"https:\/\/www.tecmic.com\/wp-content\/uploads\/2020\/02\/Tecmic-logo_01.png","contentUrl":"https:\/\/www.tecmic.com\/wp-content\/uploads\/2020\/02\/Tecmic-logo_01.png","width":2892,"height":317,"caption":"Tecmic"},"image":{"@id":"https:\/\/www.tecmic.com\/#\/schema\/logo\/image\/"},"sameAs":["https:\/\/www.facebook.com\/Tecmic-196226277112224\/","https:\/\/www.linkedin.com\/company\/tecmic\/"]}]}},"_links":{"self":[{"href":"https:\/\/www.tecmic.com\/es\/wp-json\/wp\/v2\/pages\/12564"}],"collection":[{"href":"https:\/\/www.tecmic.com\/es\/wp-json\/wp\/v2\/pages"}],"about":[{"href":"https:\/\/www.tecmic.com\/es\/wp-json\/wp\/v2\/types\/page"}],"author":[{"embeddable":true,"href":"https:\/\/www.tecmic.com\/es\/wp-json\/wp\/v2\/users\/4"}],"replies":[{"embeddable":true,"href":"https:\/\/www.tecmic.com\/es\/wp-json\/wp\/v2\/comments?post=12564"}],"version-history":[{"count":3,"href":"https:\/\/www.tecmic.com\/es\/wp-json\/wp\/v2\/pages\/12564\/revisions"}],"predecessor-version":[{"id":12739,"href":"https:\/\/www.tecmic.com\/es\/wp-json\/wp\/v2\/pages\/12564\/revisions\/12739"}],"up":[{"embeddable":true,"href":"https:\/\/www.tecmic.com\/es\/wp-json\/wp\/v2\/pages\/12528"}],"wp:featuredmedia":[{"embeddable":true,"href":"https:\/\/www.tecmic.com\/es\/wp-json\/wp\/v2\/media\/12565"}],"wp:attachment":[{"href":"https:\/\/www.tecmic.com\/es\/wp-json\/wp\/v2\/media?parent=12564"}],"wp:term":[{"taxonomy":"category","embeddable":true,"href":"https:\/\/www.tecmic.com\/es\/wp-json\/wp\/v2\/categories?post=12564"},{"taxonomy":"post_tag","embeddable":true,"href":"https:\/\/www.tecmic.com\/es\/wp-json\/wp\/v2\/tags?post=12564"}],"curies":[{"name":"wp","href":"https:\/\/api.w.org\/{rel}","templated":true}]}}