{"id":12568,"date":"2020-03-25T15:44:10","date_gmt":"2020-03-25T15:44:41","guid":{"rendered":"https:\/\/www.tecmic.com\/solucoes-tecmic\/mobilidade-gestao-de-ativos-e-de-equipas\/planeamento-e-despacho-de-servicos\/"},"modified":"2023-11-28T16:09:22","modified_gmt":"2023-11-28T16:09:22","slug":"planeamento-e-despacho-de-servicos","status":"publish","type":"page","link":"https:\/\/www.tecmic.com\/es\/soluciones-tecmic\/movilidad-gestion-de-activos-y-de-equipos\/planeamento-e-despacho-de-servicos\/","title":{"rendered":"Planificaci\u00f3n y envio de servicios"},"content":{"rendered":"<p>[vc_row overflow=&#8221;default&#8221; el_class=&#8221;heading-top&#8221;][vc_column width=&#8221;1\/12&#8243;][\/vc_column][vc_column width=&#8221;10\/12&#8243; overflow=&#8221;default&#8221; el_class=&#8221;products-text-01&#8243;][vc_custom_heading text=&#8221;Planificaci\u00f3n de servicios e env\u00f3p a los equipos en campo, con base en restricciones horarias y atributos de los equipos.&#8221; use_theme_fonts=&#8221;yes&#8221;][vc_column_text]Permite m<span lang=\"es\">ejorar la planificaci\u00f3n y seguimiento de la ejecuci\u00f3n de los servicios en tiempo real y, si es necesario, realizar la replanificaci\u00f3n de los servicios pendientes de ejecutar y asignarlos a otro equipo de forma \u00e1gil y eficaz.<\/span>[\/vc_column_text][vc_separator][\/vc_column][vc_column width=&#8221;1\/12&#8243;][\/vc_column][\/vc_row][vc_row overflow=&#8221;default&#8221; css=&#8221;.vc_custom_1582214341212{padding-bottom: 60px !important;}&#8221; el_class=&#8221;products-text-01&#8243;][vc_column width=&#8221;1\/12&#8243;][\/vc_column][vc_column width=&#8221;5\/12&#8243; overflow=&#8221;default&#8221;][vc_custom_heading text=&#8221;Algunas Funcionalidades&#8221; font_container=&#8221;tag:h3|text_align:left&#8221; use_theme_fonts=&#8221;yes&#8221;][vc_column_text el_class=&#8221;products-text-03&#8243;]<\/p>\n<ul>\n<li>Visualizaci\u00f3n de servicios y rutas a realizar.<\/li>\n<li>An\u00e1lisis de la tasa de ocupaci\u00f3n del equipo.<\/li>\n<li>Detecci\u00f3n autom\u00e1tica de equipos en mejores condiciones para realizar los servicios en funci\u00f3n de la creaci\u00f3n de diferentes reglas.<\/li>\n<li>Planificaci\u00f3n futura y en tiempo real.<\/li>\n<li>Asignaci\u00f3n autom\u00e1tica de servicios diarios a diferentes veh\u00edculos y equipos.<\/li>\n<li>Seguimiento de los servicios planificados<\/li>\n<\/ul>\n<p>[\/vc_column_text][\/vc_column][vc_column width=&#8221;5\/12&#8243; overflow=&#8221;default&#8221; el_class=&#8221;products-text-02&#8243;][vc_custom_heading text=&#8221;Beneficios&#8221; font_container=&#8221;tag:h3|text_align:left&#8221; use_theme_fonts=&#8221;yes&#8221;][vc_column_text el_class=&#8221;products-text-03&#8243;]<\/p>\n<ul>\n<li>Control total del cumplimiento de los servicios planificados<\/li>\n<li>Mayor satisfacci\u00f3n del cliente<\/li>\n<li>Reducci\u00f3n del tiempo perdido en la reubicaci\u00f3n de equipos<\/li>\n<li>Mayor rentabilidad de los equipos<\/li>\n<li>An\u00e1lisis de costes y materiales consumidos por el equipo<\/li>\n<li>Gesti\u00f3n de incidencias en tiempo real<\/li>\n<\/ul>\n<p>[\/vc_column_text][\/vc_column][vc_column width=&#8221;1\/12&#8243;][\/vc_column][\/vc_row][vc_row full_width=&#8221;stretch_row_content_no_spaces&#8221; gap=&#8221;30&#8243; overflow=&#8221;default&#8221; css=&#8221;.vc_custom_1600783592317{background-position: center !important;background-repeat: no-repeat !important;background-size: cover !important;}&#8221; el_class=&#8221;products-block-02&#8243;][vc_column width=&#8221;1\/12&#8243; overflow=&#8221;default&#8221; css=&#8221;.vc_custom_1599750852694{padding-top: 30px !important;}&#8221;][\/vc_column][vc_column width=&#8221;5\/12&#8243; overflow=&#8221;default&#8221; el_class=&#8221;products-text-02&#8243;][vc_single_image image=&#8221;13612&#8243; img_size=&#8221;large&#8221;][\/vc_column][vc_column width=&#8221;5\/12&#8243; overflow=&#8221;default&#8221; el_class=&#8221;products-text-02&#8243;][vc_custom_heading text=&#8221;Mayor eficacia en el control y ejecuci\u00f3n de los servicios planificados&#8221; use_theme_fonts=&#8221;yes&#8221;][vc_column_text el_class=&#8221;products-text-03&#8243;]<span lang=\"es\">El m\u00f3dulo de <strong>Planificaci\u00f3n y atribuci\u00f3n de servicios<\/strong> de <strong>Tecmic<\/strong> es un software totalmente integrado en nuestro sistema de gesti\u00f3n de flotas que le permite visualizar todas las solicitudes de servicio realizadas por sus clientes y planificar su ejecuci\u00f3n con informaci\u00f3n clave sobre sus recursos disponibles para lograrlo : veh\u00edculos y equipos. <\/span><\/p>\n<p><span lang=\"es\">Los servicios pueden provenir de otros sistemas de su empresa, como el sistema de gesti\u00f3n comercial, el ERP, el sistema de gesti\u00f3n de incidencias, u otros.<\/span><\/p>\n<p><span lang=\"es\">Este m\u00f3dulo fue concebido como una herramienta extremadamente eficaz para crear y controlar la ejecuci\u00f3n de los servicios planificados. Permite identificar los servicios que se retrasaron, los que se ejecutaron y los pendientes, as\u00ed como realizar la replanificaci\u00f3n en tiempo real, en caso de ser necesario.<\/span>[\/vc_column_text][\/vc_column][vc_column width=&#8221;1\/12&#8243;][\/vc_column][\/vc_row][vc_row overflow=&#8221;default&#8221; css=&#8221;.vc_custom_1598024532304{padding-top: 60px !important;padding-bottom: 60px !important;}&#8221; el_class=&#8221;products-text-01&#8243;][vc_column][vc_custom_heading text=&#8221;MEJOR GESTI\u00d3N, MEJORES RESULTADOS&#8221; use_theme_fonts=&#8221;yes&#8221;][\/vc_column][\/vc_row][vc_row overflow=&#8221;default&#8221; css=&#8221;.vc_custom_1598023462612{padding-bottom: 60px !important;}&#8221; el_class=&#8221;products-text-01&#8243;][vc_column width=&#8221;1\/4&#8243;][vc_column_text el_class=&#8221;products-text-03&#8243;]<\/p>\n<h4><span lang=\"es\">Mejor planificaci\u00f3n empresarial<\/span><\/h4>\n<p><span lang=\"es\">Permite la asignaci\u00f3n de servicios a los equipos de acuerdo a sus habilidades y disponibilidad, optimizando la capacidad de ejecuci\u00f3n.<\/span>[\/vc_column_text][\/vc_column][vc_column width=&#8221;1\/4&#8243; overflow=&#8221;default&#8221;][vc_column_text el_class=&#8221;products-text-03&#8243;]<\/p>\n<h4><span lang=\"es\">Mejor control de los equipos<\/span><\/h4>\n<p><span lang=\"es\">Siga la ejecuci\u00f3n de los servicios y verifique las desviaciones y retrasos. Esta informaci\u00f3n le permite actuar a tiempo para corregir la situaci\u00f3n.<\/span>[\/vc_column_text][\/vc_column][vc_column width=&#8221;1\/4&#8243; overflow=&#8221;default&#8221;][vc_column_text el_class=&#8221;products-text-03&#8243;]<\/p>\n<h4><span lang=\"es\">Mejor servicio al cliente<\/span><\/h4>\n<p><span lang=\"es\">Mayor capacidad para informar a los clientes con datos sobre la localizaci\u00f3n actual del veh\u00edculo y la hora estimada de llegada al\u00a0 siguiente local.<\/span>[\/vc_column_text][\/vc_column][vc_column width=&#8221;1\/4&#8243; overflow=&#8221;default&#8221;][vc_column_text el_class=&#8221;products-text-03&#8243;]<\/p>\n<h4><span lang=\"es\">Uso reducido de papel<\/span><\/h4>\n<p><span lang=\"es\">Los servicios planificados se env\u00edan directamente a los terminales de los equipos (PDA, tabletas o consolas de conductor), con toda la informaci\u00f3n sobre los servicios a realizar, como datos del cliente, ubicaci\u00f3n del servicio y descripci\u00f3n de las operaciones a realizar.<\/span><\/p>\n<p>[\/vc_column_text][\/vc_column][\/vc_row][vc_row full_width=&#8221;stretch_row&#8221; disable_element=&#8221;yes&#8221; overflow=&#8221;default&#8221; el_class=&#8221;block-image-highlight&#8221;][vc_column width=&#8221;1\/3&#8243;][\/vc_column][vc_column width=&#8221;1\/3&#8243; overflow=&#8221;default&#8221; css=&#8221;.vc_custom_1602259945114{margin-top: -130px !important;}&#8221;][vc_single_image image=&#8221;9713&#8243; img_size=&#8221;full&#8221; alignment=&#8221;center&#8221;][\/vc_column][vc_column width=&#8221;1\/3&#8243;][\/vc_column][\/vc_row][vc_row full_width=&#8221;stretch_row&#8221; content_placement=&#8221;bottom&#8221; overflow=&#8221;default&#8221; el_class=&#8221;block-modules&#8221;][vc_column overflow=&#8221;default&#8221; el_class=&#8221;products-modules-line&#8221;]\r\n<div class=\"sh-heading  \" id=\"heading-58Fi0IWJbH\">\r\n\t<div class=\"sh-element-margin\">\r\n\r\n\t\t\r\n\t\t\t<h2 class=\"sh-heading-content size-default text-center\">\r\n\t\t\t\tOTROS M\u00d3DULOS\t\t\t<\/h2>\r\n\r\n\t\t\r\n\t<\/div>\r\n<\/div>\r\n            <style type=\"text\/css\">\r\n                #heading-58Fi0IWJbH .sh-element-margin {margin: 0px 0px 50px 0px;}#heading-58Fi0IWJbH .sh-heading-content {font-weight: 700!important;color: #ffffff;}#heading-58Fi0IWJbH .sh-heading-content,#heading-58Fi0IWJbH .sh-heading-additional-text {}            <\/style>\r\n        [vc_basic_grid post_type=&#8221;page&#8221; max_items=&#8221;30&#8243; element_width=&#8221;3&#8243; gap=&#8221;15&#8243; orderby=&#8221;title&#8221; order=&#8221;ASC&#8221; item=&#8221;11093&#8243; grid_id=&#8221;vc_gid:1701187693013-537d4d0b-40e4-3&#8243; taxonomies=&#8221;30&#8243;][\/vc_column][\/vc_row][vc_row full_width=&#8221;stretch_row&#8221; overflow=&#8221;default&#8221; text=&#8221;CONTACTE-NOS&#8221; url=&#8221;\/contacte-nos\/&#8221; target=&#8221;_self&#8221; alignment=&#8221;center&#8221; alignment_mobile=&#8221;center&#8221; image=&#8221;&#8221; icon=&#8221;&#8221; icon_alignment=&#8221;left&#8221; style=&#8221;5&#8243; size=&#8221;xlarge sh-button-xlarge-small&#8221; font_size=&#8221;24&#8243; radius=&#8221;25&#8243; border_size=&#8221;3&#8243; full=&#8221;&#8221; tale=&#8221;none&#8221; height=&#8221;&#8221; leftright_padding=&#8221;&#8221; margin=&#8221;0px 0px 0px 0px&#8221; text_color=&#8221;#ffffff&#8221; text_hover_color=&#8221;&#8221; background_color=&#8221;#dd3333&#8243; background_hover_color=&#8221;#093672&#8243; border_color=&#8221;#ffffff&#8221; border_hover_color=&#8221;&#8221; animation=&#8221;none&#8221; animation_speed=&#8221;2&#8243; animation_delay=&#8221;0&#8243; el_class=&#8221;block-know-more&#8221;][vc_column width=&#8221;1\/4&#8243;][\/vc_column][vc_column width=&#8221;1\/2&#8243;]\r\n<div id=\"button-2NKDhBkb4F\" class=\"sh-button-container  sh-button-style-5\">\r\n\t<div class=\"sh-element-margin\">\r\n\t\t<a href=\"\/contacte-nos\/\" target=\"_self\" class=\"sh-button sh-button-xlarge sh-button-xlarge-small \">\r\n\r\n\t\t\t\r\n\t\t\t\t\t\t\t<span class=\"sh-button-text\">\r\n\t\t\t\t\t\u00a1SEPA MAS! CONT\u00c1CTENOS\t\t\t\t<\/span>\r\n\t\t\t\r\n\t\t\t\r\n\t\t<\/a>\r\n\t\t\t<\/div>\r\n<\/div>\r\n            <style type=\"text\/css\">\r\n                #button-2NKDhBkb4F .sh-button {color: #ffffff;border: 3px solid #ffffff;box-shadow: 0px 2px 2px rgba(0,0,0,0.15);}#button-2NKDhBkb4F {text-align: center;}#button-2NKDhBkb4F .sh-element-margin {margin: 0px 0px 0px 0px;}#button-2NKDhBkb4F:not(.sh-button-style-2) .sh-button:hover {}#button-2NKDhBkb4F.sh-button-style-2 .sh-button:after {}#button-2NKDhBkb4F.sh-button-style-2 .sh-button:hover {}@media (max-width: 800px) {#button-2NKDhBkb4F {text-align: center;}}            <\/style>\r\n        [\/vc_column][vc_column width=&#8221;1\/4&#8243;][\/vc_column][\/vc_row]<\/p>\n","protected":false},"excerpt":{"rendered":"<p>Porque nem sempre tudo corre como planeado, monitorize a execu\u00e7\u00e3o dos servi\u00e7os em tempo real e volte a planear os que ficarem pendentes.<\/p>\n","protected":false},"author":4,"featured_media":13596,"parent":12528,"menu_order":0,"comment_status":"closed","ping_status":"closed","template":"","meta":{"footnotes":""},"categories":[78],"tags":[],"class_list":["post-12568","page","type-page","status-publish","has-post-thumbnail","hentry","category-mobilidade-gestao-de-equipas-es"],"yoast_head":"<!-- This site is optimized with the Yoast SEO plugin v24.8.1 - https:\/\/yoast.com\/wordpress\/plugins\/seo\/ -->\r\n<title>Planificaci\u00f3n y envio de servicios - Tecmic<\/title>\r\n<meta name=\"robots\" content=\"index, follow, max-snippet:-1, max-image-preview:large, max-video-preview:-1\" \/>\r\n<link rel=\"canonical\" href=\"https:\/\/www.tecmic.com\/es\/soluciones-tecmic\/movilidad-gestion-de-activos-y-de-equipos\/planeamento-e-despacho-de-servicos\/\" \/>\r\n<meta property=\"og:locale\" content=\"es_ES\" \/>\r\n<meta property=\"og:type\" content=\"article\" \/>\r\n<meta property=\"og:title\" content=\"Planificaci\u00f3n y envio de servicios - Tecmic\" \/>\r\n<meta property=\"og:description\" content=\"Porque nem sempre tudo corre como planeado, monitorize a execu\u00e7\u00e3o dos servi\u00e7os em tempo real e volte a planear os que ficarem pendentes.\" \/>\r\n<meta property=\"og:url\" content=\"https:\/\/www.tecmic.com\/es\/soluciones-tecmic\/movilidad-gestion-de-activos-y-de-equipos\/planeamento-e-despacho-de-servicos\/\" \/>\r\n<meta property=\"og:site_name\" content=\"Tecmic\" \/>\r\n<meta property=\"article:publisher\" content=\"https:\/\/www.facebook.com\/Tecmic-196226277112224\/\" \/>\r\n<meta property=\"article:modified_time\" content=\"2023-11-28T16:09:22+00:00\" \/>\r\n<meta property=\"og:image\" content=\"https:\/\/www.tecmic.com\/wp-content\/uploads\/2023\/11\/Tecmic-modulos_XTraN-monitorizacao-da-otimizacao-e-planeamento-de-servicos-03.jpg\" \/>\r\n\t<meta property=\"og:image:width\" content=\"1920\" \/>\r\n\t<meta property=\"og:image:height\" content=\"576\" \/>\r\n\t<meta property=\"og:image:type\" content=\"image\/jpeg\" \/>\r\n<meta name=\"twitter:card\" content=\"summary_large_image\" \/>\r\n<meta name=\"twitter:label1\" content=\"Tiempo de lectura\" \/>\n\t<meta name=\"twitter:data1\" content=\"5 minutos\" \/>\r\n<script type=\"application\/ld+json\" class=\"yoast-schema-graph\">{\"@context\":\"https:\/\/schema.org\",\"@graph\":[{\"@type\":\"WebPage\",\"@id\":\"https:\/\/www.tecmic.com\/es\/soluciones-tecmic\/movilidad-gestion-de-activos-y-de-equipos\/planeamento-e-despacho-de-servicos\/\",\"url\":\"https:\/\/www.tecmic.com\/es\/soluciones-tecmic\/movilidad-gestion-de-activos-y-de-equipos\/planeamento-e-despacho-de-servicos\/\",\"name\":\"Planificaci\u00f3n y envio de servicios - Tecmic\",\"isPartOf\":{\"@id\":\"https:\/\/www.tecmic.com\/#website\"},\"primaryImageOfPage\":{\"@id\":\"https:\/\/www.tecmic.com\/es\/soluciones-tecmic\/movilidad-gestion-de-activos-y-de-equipos\/planeamento-e-despacho-de-servicos\/#primaryimage\"},\"image\":{\"@id\":\"https:\/\/www.tecmic.com\/es\/soluciones-tecmic\/movilidad-gestion-de-activos-y-de-equipos\/planeamento-e-despacho-de-servicos\/#primaryimage\"},\"thumbnailUrl\":\"https:\/\/www.tecmic.com\/wp-content\/uploads\/2023\/11\/Tecmic-modulos_XTraN-monitorizacao-da-otimizacao-e-planeamento-de-servicos-03.jpg\",\"datePublished\":\"2020-03-25T15:44:41+00:00\",\"dateModified\":\"2023-11-28T16:09:22+00:00\",\"breadcrumb\":{\"@id\":\"https:\/\/www.tecmic.com\/es\/soluciones-tecmic\/movilidad-gestion-de-activos-y-de-equipos\/planeamento-e-despacho-de-servicos\/#breadcrumb\"},\"inLanguage\":\"es\",\"potentialAction\":[{\"@type\":\"ReadAction\",\"target\":[\"https:\/\/www.tecmic.com\/es\/soluciones-tecmic\/movilidad-gestion-de-activos-y-de-equipos\/planeamento-e-despacho-de-servicos\/\"]}]},{\"@type\":\"ImageObject\",\"inLanguage\":\"es\",\"@id\":\"https:\/\/www.tecmic.com\/es\/soluciones-tecmic\/movilidad-gestion-de-activos-y-de-equipos\/planeamento-e-despacho-de-servicos\/#primaryimage\",\"url\":\"https:\/\/www.tecmic.com\/wp-content\/uploads\/2023\/11\/Tecmic-modulos_XTraN-monitorizacao-da-otimizacao-e-planeamento-de-servicos-03.jpg\",\"contentUrl\":\"https:\/\/www.tecmic.com\/wp-content\/uploads\/2023\/11\/Tecmic-modulos_XTraN-monitorizacao-da-otimizacao-e-planeamento-de-servicos-03.jpg\",\"width\":1920,\"height\":576,\"caption\":\"Tecmic-XTraN-monitorizacao-da-otimizacao-e-planeamento\"},{\"@type\":\"BreadcrumbList\",\"@id\":\"https:\/\/www.tecmic.com\/es\/soluciones-tecmic\/movilidad-gestion-de-activos-y-de-equipos\/planeamento-e-despacho-de-servicos\/#breadcrumb\",\"itemListElement\":[{\"@type\":\"ListItem\",\"position\":1,\"name\":\"In\u00edcio\",\"item\":\"https:\/\/www.tecmic.com\/es\/\"},{\"@type\":\"ListItem\",\"position\":2,\"name\":\"Soluciones Tecmic\",\"item\":\"https:\/\/www.tecmic.com\/es\/soluciones-tecmic\/\"},{\"@type\":\"ListItem\",\"position\":3,\"name\":\"Movilidad, Gesti\u00f3n de Activos y de Equipos\",\"item\":\"https:\/\/www.tecmic.com\/es\/soluciones-tecmic\/movilidad-gestion-de-activos-y-de-equipos\/\"},{\"@type\":\"ListItem\",\"position\":4,\"name\":\"Planificaci\u00f3n y envio de servicios\"}]},{\"@type\":\"WebSite\",\"@id\":\"https:\/\/www.tecmic.com\/#website\",\"url\":\"https:\/\/www.tecmic.com\/\",\"name\":\"Tecmic\",\"description\":\"The world outside inside your window\",\"publisher\":{\"@id\":\"https:\/\/www.tecmic.com\/#organization\"},\"potentialAction\":[{\"@type\":\"SearchAction\",\"target\":{\"@type\":\"EntryPoint\",\"urlTemplate\":\"https:\/\/www.tecmic.com\/?s={search_term_string}\"},\"query-input\":{\"@type\":\"PropertyValueSpecification\",\"valueRequired\":true,\"valueName\":\"search_term_string\"}}],\"inLanguage\":\"es\"},{\"@type\":\"Organization\",\"@id\":\"https:\/\/www.tecmic.com\/#organization\",\"name\":\"Tecmic\",\"url\":\"https:\/\/www.tecmic.com\/\",\"logo\":{\"@type\":\"ImageObject\",\"inLanguage\":\"es\",\"@id\":\"https:\/\/www.tecmic.com\/#\/schema\/logo\/image\/\",\"url\":\"https:\/\/www.tecmic.com\/wp-content\/uploads\/2020\/02\/Tecmic-logo_01.png\",\"contentUrl\":\"https:\/\/www.tecmic.com\/wp-content\/uploads\/2020\/02\/Tecmic-logo_01.png\",\"width\":2892,\"height\":317,\"caption\":\"Tecmic\"},\"image\":{\"@id\":\"https:\/\/www.tecmic.com\/#\/schema\/logo\/image\/\"},\"sameAs\":[\"https:\/\/www.facebook.com\/Tecmic-196226277112224\/\",\"https:\/\/www.linkedin.com\/company\/tecmic\/\"]}]}<\/script>\r\n<!-- \/ Yoast SEO plugin. -->","yoast_head_json":{"title":"Planificaci\u00f3n y envio de servicios - Tecmic","robots":{"index":"index","follow":"follow","max-snippet":"max-snippet:-1","max-image-preview":"max-image-preview:large","max-video-preview":"max-video-preview:-1"},"canonical":"https:\/\/www.tecmic.com\/es\/soluciones-tecmic\/movilidad-gestion-de-activos-y-de-equipos\/planeamento-e-despacho-de-servicos\/","og_locale":"es_ES","og_type":"article","og_title":"Planificaci\u00f3n y envio de servicios - Tecmic","og_description":"Porque nem sempre tudo corre como planeado, monitorize a execu\u00e7\u00e3o dos servi\u00e7os em tempo real e volte a planear os que ficarem pendentes.","og_url":"https:\/\/www.tecmic.com\/es\/soluciones-tecmic\/movilidad-gestion-de-activos-y-de-equipos\/planeamento-e-despacho-de-servicos\/","og_site_name":"Tecmic","article_publisher":"https:\/\/www.facebook.com\/Tecmic-196226277112224\/","article_modified_time":"2023-11-28T16:09:22+00:00","og_image":[{"width":1920,"height":576,"url":"https:\/\/www.tecmic.com\/wp-content\/uploads\/2023\/11\/Tecmic-modulos_XTraN-monitorizacao-da-otimizacao-e-planeamento-de-servicos-03.jpg","type":"image\/jpeg"}],"twitter_card":"summary_large_image","twitter_misc":{"Tiempo de lectura":"5 minutos"},"schema":{"@context":"https:\/\/schema.org","@graph":[{"@type":"WebPage","@id":"https:\/\/www.tecmic.com\/es\/soluciones-tecmic\/movilidad-gestion-de-activos-y-de-equipos\/planeamento-e-despacho-de-servicos\/","url":"https:\/\/www.tecmic.com\/es\/soluciones-tecmic\/movilidad-gestion-de-activos-y-de-equipos\/planeamento-e-despacho-de-servicos\/","name":"Planificaci\u00f3n y envio de servicios - Tecmic","isPartOf":{"@id":"https:\/\/www.tecmic.com\/#website"},"primaryImageOfPage":{"@id":"https:\/\/www.tecmic.com\/es\/soluciones-tecmic\/movilidad-gestion-de-activos-y-de-equipos\/planeamento-e-despacho-de-servicos\/#primaryimage"},"image":{"@id":"https:\/\/www.tecmic.com\/es\/soluciones-tecmic\/movilidad-gestion-de-activos-y-de-equipos\/planeamento-e-despacho-de-servicos\/#primaryimage"},"thumbnailUrl":"https:\/\/www.tecmic.com\/wp-content\/uploads\/2023\/11\/Tecmic-modulos_XTraN-monitorizacao-da-otimizacao-e-planeamento-de-servicos-03.jpg","datePublished":"2020-03-25T15:44:41+00:00","dateModified":"2023-11-28T16:09:22+00:00","breadcrumb":{"@id":"https:\/\/www.tecmic.com\/es\/soluciones-tecmic\/movilidad-gestion-de-activos-y-de-equipos\/planeamento-e-despacho-de-servicos\/#breadcrumb"},"inLanguage":"es","potentialAction":[{"@type":"ReadAction","target":["https:\/\/www.tecmic.com\/es\/soluciones-tecmic\/movilidad-gestion-de-activos-y-de-equipos\/planeamento-e-despacho-de-servicos\/"]}]},{"@type":"ImageObject","inLanguage":"es","@id":"https:\/\/www.tecmic.com\/es\/soluciones-tecmic\/movilidad-gestion-de-activos-y-de-equipos\/planeamento-e-despacho-de-servicos\/#primaryimage","url":"https:\/\/www.tecmic.com\/wp-content\/uploads\/2023\/11\/Tecmic-modulos_XTraN-monitorizacao-da-otimizacao-e-planeamento-de-servicos-03.jpg","contentUrl":"https:\/\/www.tecmic.com\/wp-content\/uploads\/2023\/11\/Tecmic-modulos_XTraN-monitorizacao-da-otimizacao-e-planeamento-de-servicos-03.jpg","width":1920,"height":576,"caption":"Tecmic-XTraN-monitorizacao-da-otimizacao-e-planeamento"},{"@type":"BreadcrumbList","@id":"https:\/\/www.tecmic.com\/es\/soluciones-tecmic\/movilidad-gestion-de-activos-y-de-equipos\/planeamento-e-despacho-de-servicos\/#breadcrumb","itemListElement":[{"@type":"ListItem","position":1,"name":"In\u00edcio","item":"https:\/\/www.tecmic.com\/es\/"},{"@type":"ListItem","position":2,"name":"Soluciones Tecmic","item":"https:\/\/www.tecmic.com\/es\/soluciones-tecmic\/"},{"@type":"ListItem","position":3,"name":"Movilidad, Gesti\u00f3n de Activos y de Equipos","item":"https:\/\/www.tecmic.com\/es\/soluciones-tecmic\/movilidad-gestion-de-activos-y-de-equipos\/"},{"@type":"ListItem","position":4,"name":"Planificaci\u00f3n y envio de servicios"}]},{"@type":"WebSite","@id":"https:\/\/www.tecmic.com\/#website","url":"https:\/\/www.tecmic.com\/","name":"Tecmic","description":"The world outside inside your window","publisher":{"@id":"https:\/\/www.tecmic.com\/#organization"},"potentialAction":[{"@type":"SearchAction","target":{"@type":"EntryPoint","urlTemplate":"https:\/\/www.tecmic.com\/?s={search_term_string}"},"query-input":{"@type":"PropertyValueSpecification","valueRequired":true,"valueName":"search_term_string"}}],"inLanguage":"es"},{"@type":"Organization","@id":"https:\/\/www.tecmic.com\/#organization","name":"Tecmic","url":"https:\/\/www.tecmic.com\/","logo":{"@type":"ImageObject","inLanguage":"es","@id":"https:\/\/www.tecmic.com\/#\/schema\/logo\/image\/","url":"https:\/\/www.tecmic.com\/wp-content\/uploads\/2020\/02\/Tecmic-logo_01.png","contentUrl":"https:\/\/www.tecmic.com\/wp-content\/uploads\/2020\/02\/Tecmic-logo_01.png","width":2892,"height":317,"caption":"Tecmic"},"image":{"@id":"https:\/\/www.tecmic.com\/#\/schema\/logo\/image\/"},"sameAs":["https:\/\/www.facebook.com\/Tecmic-196226277112224\/","https:\/\/www.linkedin.com\/company\/tecmic\/"]}]}},"_links":{"self":[{"href":"https:\/\/www.tecmic.com\/es\/wp-json\/wp\/v2\/pages\/12568"}],"collection":[{"href":"https:\/\/www.tecmic.com\/es\/wp-json\/wp\/v2\/pages"}],"about":[{"href":"https:\/\/www.tecmic.com\/es\/wp-json\/wp\/v2\/types\/page"}],"author":[{"embeddable":true,"href":"https:\/\/www.tecmic.com\/es\/wp-json\/wp\/v2\/users\/4"}],"replies":[{"embeddable":true,"href":"https:\/\/www.tecmic.com\/es\/wp-json\/wp\/v2\/comments?post=12568"}],"version-history":[{"count":5,"href":"https:\/\/www.tecmic.com\/es\/wp-json\/wp\/v2\/pages\/12568\/revisions"}],"predecessor-version":[{"id":13615,"href":"https:\/\/www.tecmic.com\/es\/wp-json\/wp\/v2\/pages\/12568\/revisions\/13615"}],"up":[{"embeddable":true,"href":"https:\/\/www.tecmic.com\/es\/wp-json\/wp\/v2\/pages\/12528"}],"wp:featuredmedia":[{"embeddable":true,"href":"https:\/\/www.tecmic.com\/es\/wp-json\/wp\/v2\/media\/13596"}],"wp:attachment":[{"href":"https:\/\/www.tecmic.com\/es\/wp-json\/wp\/v2\/media?parent=12568"}],"wp:term":[{"taxonomy":"category","embeddable":true,"href":"https:\/\/www.tecmic.com\/es\/wp-json\/wp\/v2\/categories?post=12568"},{"taxonomy":"post_tag","embeddable":true,"href":"https:\/\/www.tecmic.com\/es\/wp-json\/wp\/v2\/tags?post=12568"}],"curies":[{"name":"wp","href":"https:\/\/api.w.org\/{rel}","templated":true}]}}