{"id":12656,"date":"2020-02-10T14:28:16","date_gmt":"2020-02-10T14:28:16","guid":{"rendered":"https:\/\/www.tecmic.com\/mpp-monitorizacao-persistente-de-pista\/"},"modified":"2023-06-29T10:15:45","modified_gmt":"2023-06-29T10:15:45","slug":"mpp-monitorizacao-persistente-de-pista","status":"publish","type":"page","link":"https:\/\/www.tecmic.com\/es\/inovacao\/mpp-monitorizacao-persistente-de-pista\/","title":{"rendered":"MPP \u2013 Monitorizaci\u00f3n Persistente de Pista"},"content":{"rendered":"<p>[vc_row css=&#8221;.vc_custom_1533814087483{padding-top: 100px !important;}&#8221; el_id=&#8221;about&#8221;][vc_column max_width=&#8221;980&#8243;][vc_custom_heading text=&#8221;Objetivo principal:&#8221; font_container=&#8221;tag:h2|text_align:center&#8221; use_theme_fonts=&#8221;yes&#8221;]\r\n<div id=\"divider-QOk9eI6RhK\" class=\"sh-divider sh-divider- sh-divider-content-none\">\r\n\t\t\t<div class=\"sh-divider-line\"><\/div>\r\n\t<\/div>\r\n            <style type=\"text\/css\">\r\n                #divider-QOk9eI6RhK {margin: 40px 0px 55px 0px!important;}#divider-QOk9eI6RhK.sh-divider-content-none .sh-divider-line {border-top-width: 1px;border-top-style: solid;}            <\/style>\r\n        [vc_column_text]<\/p>\n<p style=\"text-align: center;\"><span style=\"font-size: 18px;\">Investigaci\u00f3n y desarrollo de un sistema de Monitorizaci\u00f3n Persistente de Pista (MPP) no intrusivo, enfocado en la zona de contacto de las ruedas de la aeronave (generalmente sometida a mayor estr\u00e9s), para identificar degradaciones de la superf\u00edcie, objetos extra\u00f1os y espesor del \u00e1gua sobre la pista.<\/span><\/p>\n<p>[\/vc_column_text]\r\n<div id=\"divider-yIUOFzw5HB\" class=\"sh-divider sh-divider- sh-divider-content-none\">\r\n\t\t\t<div class=\"sh-divider-line\"><\/div>\r\n\t<\/div>\r\n            <style type=\"text\/css\">\r\n                #divider-yIUOFzw5HB {margin: 40px 0px 55px 0px!important;}#divider-yIUOFzw5HB.sh-divider-content-none .sh-divider-line {border-top-width: 1px;border-top-style: solid;}            <\/style>\r\n        [\/vc_column][\/vc_row][vc_row overflow=&#8221;default&#8221; css=&#8221;.vc_custom_1581190755341{padding-top: 0px !important;padding-bottom: 60px !important;}&#8221;][vc_column width=&#8221;1\/3&#8243;]\r\n<div class=\"sh-iconbox sh-iconbox-style2 sh-iconbox-left improved-responsiveness\" id=\"iconbox-jdDi6zCOqh\">\r\n\t\r\n\t\t\t\t\t<div class=\"sh-iconbox-icon\">\r\n\t\t\t\t<div class=\"sh-iconbox-icon-shape sh-iconbox-square\">\r\n\t\t\t\t\t<i class=\"sh-iconbox-hover icon-arrow-down-circle\"><\/i>\r\n\r\n\t\t\t\t\t\t\t\t\t<\/div>\r\n\t\t\t<\/div>\r\n\t\t\r\n\t\t<div class=\"sh-iconbox-aside\">\r\n\t\t\t<div class=\"sh-iconbox-title\">\r\n\t\t\t\t\t\t\t\t\t<h3>Descri\u00e7\u00e3o:<\/h3>\r\n\t\t\t\t\t\t\t<\/div>\r\n\t\t\t<div class=\"sh-iconbox-seperator\"><\/div>\r\n\t\t\t<div class=\"sh-iconbox-content\">\r\n\t\t\t\t<strong>Designaci\u00f3n del proyecto:<br \/>\n<\/strong>MPP \u2013 Monitorizaci\u00f3n Persistente de Pista<br \/>\n<strong>C\u00f3digo del Proyecto:<br \/>\n<\/strong>CENTRO-01-0247-FEDER-039876 \u2022 LISBOA-01-0247-FEDER-039876<br \/>\n<strong>Regi\u00f3n de intervenci\u00f3n:<\/strong><br \/>\n<strong>Entidades beneficiarias:<br \/>\n<\/strong>ANA \u2013 Aeroportos de Portugal, INOV \u2013 Inesc Inova\u00e7\u00e3o, Tecmic, Tecnologias de Microeletr\u00f3nica, SA.\t\t\t<\/div>\r\n\t\t<\/div>\r\n\r\n\t<\/div>\r\n            <style type=\"text\/css\">\r\n                #iconbox-jdDi6zCOqh .sh-iconbox-title h3 {font-size: 24px;font-weight: normal!important;}#iconbox-jdDi6zCOqh.sh-iconbox-left .sh-iconbox-aside {margin-left: 7.2px;}#iconbox-jdDi6zCOqh .sh-iconbox-hover {font-size: 36px;}#iconbox-jdDi6zCOqh.sh-iconbox-left .sh-iconbox-aside {padding-left: 66px;}#iconbox-jdDi6zCOqh .sh-iconbox-hover {color: #888888;}#iconbox-jdDi6zCOqh.sh-iconbox-style6 .sh-iconbox-hover {text-shadow: -3px 2px rgba(136,136,136,0.3);}            <\/style>\r\n        [\/vc_column][vc_column width=&#8221;1\/3&#8243;]\r\n<div class=\"sh-iconbox sh-iconbox-style2 sh-iconbox-left improved-responsiveness\" id=\"iconbox-TqjCrNg4It\">\r\n\t\r\n\t\t\t\t\t<div class=\"sh-iconbox-icon\">\r\n\t\t\t\t<div class=\"sh-iconbox-icon-shape sh-iconbox-square\">\r\n\t\t\t\t\t<i class=\"sh-iconbox-hover icon-arrow-down-circle\"><\/i>\r\n\r\n\t\t\t\t\t\t\t\t\t<\/div>\r\n\t\t\t<\/div>\r\n\t\t\r\n\t\t<div class=\"sh-iconbox-aside\">\r\n\t\t\t<div class=\"sh-iconbox-title\">\r\n\t\t\t\t\t\t\t\t\t<h3>Periodo:<\/h3>\r\n\t\t\t\t\t\t\t<\/div>\r\n\t\t\t<div class=\"sh-iconbox-seperator\"><\/div>\r\n\t\t\t<div class=\"sh-iconbox-content\">\r\n\t\t\t\t<strong>Fecha de aprovaci\u00f3n:<br \/>\n<\/strong>10-05-2019<br \/>\n<strong>Fecha de inicio:<br \/>\n<\/strong>16-08-2019<br \/>\n<strong>Fecha de conclusi\u00f3n:<br \/>\n<\/strong>31-05-2023\t\t\t<\/div>\r\n\t\t<\/div>\r\n\r\n\t<\/div>\r\n            <style type=\"text\/css\">\r\n                #iconbox-TqjCrNg4It .sh-iconbox-title h3 {font-size: 24px;font-weight: normal!important;}#iconbox-TqjCrNg4It.sh-iconbox-left .sh-iconbox-aside {margin-left: 7.2px;}#iconbox-TqjCrNg4It .sh-iconbox-hover {font-size: 36px;}#iconbox-TqjCrNg4It.sh-iconbox-left .sh-iconbox-aside {padding-left: 66px;}#iconbox-TqjCrNg4It .sh-iconbox-hover {color: #888888;}#iconbox-TqjCrNg4It.sh-iconbox-style6 .sh-iconbox-hover {text-shadow: -3px 2px rgba(136,136,136,0.3);}            <\/style>\r\n        [\/vc_column][vc_column width=&#8221;1\/3&#8243;]\r\n<div class=\"sh-iconbox sh-iconbox-style2 sh-iconbox-left improved-responsiveness\" id=\"iconbox-mHfiPQBMb9\">\r\n\t\r\n\t\t\t\t\t<div class=\"sh-iconbox-icon\">\r\n\t\t\t\t<div class=\"sh-iconbox-icon-shape sh-iconbox-square\">\r\n\t\t\t\t\t<i class=\"sh-iconbox-hover icon-arrow-down-circle\"><\/i>\r\n\r\n\t\t\t\t\t\t\t\t\t<\/div>\r\n\t\t\t<\/div>\r\n\t\t\r\n\t\t<div class=\"sh-iconbox-aside\">\r\n\t\t\t<div class=\"sh-iconbox-title\">\r\n\t\t\t\t\t\t\t\t\t<h3>Financiaci\u00f3n:<\/h3>\r\n\t\t\t\t\t\t\t<\/div>\r\n\t\t\t<div class=\"sh-iconbox-seperator\"><\/div>\r\n\t\t\t<div class=\"sh-iconbox-content\">\r\n\t\t\t\t<strong>Coste total del Proyecto elegible:<br \/>\n<\/strong>1.057.365,65 \u20ac<br \/>\n<strong>Apoyo financiero de la UE:<\/strong><br \/>\n675.116,32 \u20ac\t\t\t<\/div>\r\n\t\t<\/div>\r\n\r\n\t<\/div>\r\n            <style type=\"text\/css\">\r\n                #iconbox-mHfiPQBMb9 .sh-iconbox-title h3 {font-size: 24px;font-weight: normal!important;}#iconbox-mHfiPQBMb9.sh-iconbox-left .sh-iconbox-aside {margin-left: 7.2px;}#iconbox-mHfiPQBMb9 .sh-iconbox-hover {font-size: 36px;}#iconbox-mHfiPQBMb9.sh-iconbox-left .sh-iconbox-aside {padding-left: 66px;}#iconbox-mHfiPQBMb9 .sh-iconbox-hover {color: #888888;}#iconbox-mHfiPQBMb9.sh-iconbox-style6 .sh-iconbox-hover {text-shadow: -3px 2px rgba(136,136,136,0.3);}            <\/style>\r\n        [\/vc_column][\/vc_row][vc_row][vc_column width=&#8221;1\/6&#8243;][\/vc_column][vc_column width=&#8221;2\/3&#8243;][vc_single_image image=&#8221;9966&#8243; img_size=&#8221;full&#8221; alignment=&#8221;center&#8221;][\/vc_column][vc_column width=&#8221;1\/6&#8243;][\/vc_column][\/vc_row][vc_row overflow=&#8221;default&#8221;][vc_column max_width=&#8221;980&#8243;]\r\n<div id=\"divider-Vg8pE9R6MU\" class=\"sh-divider sh-divider- sh-divider-content-none\">\r\n\t\t\t<div class=\"sh-divider-line\"><\/div>\r\n\t<\/div>\r\n            <style type=\"text\/css\">\r\n                #divider-Vg8pE9R6MU {margin: 40px 0px 55px 0px!important;}#divider-Vg8pE9R6MU.sh-divider-content-none .sh-divider-line {border-top-width: 1px;border-top-style: solid;}            <\/style>\r\n        [vc_custom_heading text=&#8221;Objetivos, actividades y resultados esperados:&#8221; use_theme_fonts=&#8221;yes&#8221;][vc_column_text]El proyecto Monitorizaci\u00f3n Persistente de Pista (MPP) aborda una soluci\u00f3n innovadora para monitorizar y analizar las condiciones de la pista en un aeropuerto, incluso en condiciones clim\u00e1ticas adversas. Es una soluci\u00f3n no intrusiva, dise\u00f1ada para identificar situaciones que puedan comprometer la operatividad de la pista, activando mecanismos de notificaci\u00f3n multicanal ante el nivel de riesgo y severidad asociado al tipo de suceso. Utilizando una plataforma web, basada en el paradigma Analytic-as-a-service, as\u00ed como el uso de t\u00e9cnicas de an\u00e1lisis de datos (Data Analytic) y tecnolog\u00eda LIDAR (Terrestrial Laser Scanning), la soluci\u00f3n presentada permitir\u00e1 la generaci\u00f3n de modelos para soportar la gesti\u00f3n de incidentes, y asegurar una gobernanza automatizada de los flujos de informaci\u00f3n con el fin de garantizar una mayor velocidad en la circulaci\u00f3n del conocimiento para la resoluci\u00f3n de los incidentes identificados. El MPP persigue 3 objetivos principales: 1) Detectar la formaci\u00f3n de grietas o deformaciones en el pavimento de la pista, lo que permitir\u00e1 al aeropuerto reajustar las operaciones de mantenimiento de la pista seg\u00fan sea necesario, reduciendo el impacto ambiental (contribuyendo a prolongar la vida \u00fatil de la infraestructura, mitigando la necesidad de intervenciones m\u00e1s sustantivas y, por tanto, de mayor impacto) y los costes asociados al mantenimiento; 2) permitir la detecci\u00f3n de objetos (FOD &#8211; objetos extra\u00f1os) que pueden afectar significativamente el funcionamiento de la pista; 3) identificar el riesgo de aquaplaning, monitorizando la caracterizaci\u00f3n del nivel de agua en la pista, utilizando espectroscop\u00eda \u00f3ptica para calibrar esta caracter\u00edstica. El proyecto contempla la ejecuci\u00f3n de un piloto para probar en la zona de toma de contacto de aeronaves en pista, zona sometida a mayor estr\u00e9s (por ejemplo, desgaste provocado por el &#8220;choque&#8221; de ruedas de aeronaves en pista) especialmente en pistas con gran n\u00famero de movimientos.<\/p>\n<p>Sitio web del proyecto: <strong><a href=\"https:\/\/mppproject.eu\/\" target=\"_blank\" rel=\"noopener noreferrer\">mppproject.eu<\/a><\/strong>[\/vc_column_text]\r\n<div id=\"divider-EG1KnvZokL\" class=\"sh-divider sh-divider- sh-divider-content-none\">\r\n\t\t\t<div class=\"sh-divider-line\"><\/div>\r\n\t<\/div>\r\n            <style type=\"text\/css\">\r\n                #divider-EG1KnvZokL {margin: 40px 0px 0px 0px!important;}#divider-EG1KnvZokL.sh-divider-content-none .sh-divider-line {border-top-width: 1px;border-top-style: solid;}            <\/style>\r\n        [\/vc_column][\/vc_row][vc_row overflow=&#8221;default&#8221; el_class=&#8221;block-projects&#8221;][vc_column width=&#8221;1\/6&#8243;][\/vc_column][vc_column width=&#8221;2\/3&#8243;]\r\n<div class=\"sh-heading  \" id=\"heading-t5UcejHOqk\">\r\n\t<div class=\"sh-element-margin\">\r\n\r\n\t\t\r\n\t\t\t<h2 class=\"sh-heading-content size-default text-center\">\r\n\t\t\t\tOtros proyectos\t\t\t<\/h2>\r\n\r\n\t\t\r\n\t<\/div>\r\n<\/div>\r\n            <style type=\"text\/css\">\r\n                #heading-t5UcejHOqk .sh-element-margin {}#heading-t5UcejHOqk .sh-heading-content {font-weight: 700!important;}#heading-t5UcejHOqk .sh-heading-content,#heading-t5UcejHOqk .sh-heading-additional-text {}            <\/style>\r\n        [vc_basic_grid post_type=&#8221;page&#8221; max_items=&#8221;30&#8243; element_width=&#8221;3&#8243; gap=&#8221;10&#8243; orderby=&#8221;title&#8221; order=&#8221;ASC&#8221; item=&#8221;10757&#8243; grid_id=&#8221;vc_gid:1688033647034-013917a7-9d57-2&#8243; taxonomies=&#8221;28&#8243;][\/vc_column][vc_column width=&#8221;1\/6&#8243;][\/vc_column][\/vc_row]<\/p>\n","protected":false},"excerpt":{"rendered":"<p>[vc_row css=&#8221;.vc_custom_1533814087483{padding-top: 100px !important;}&#8221; el_id=&#8221;about&#8221;][vc_column max_width=&#8221;980&#8243;][vc_custom_heading text=&#8221;Objetivo principal:&#8221; font_container=&#8221;tag:h2|text_align:center&#8221; use_theme_fonts=&#8221;yes&#8221;][vc_column_text] Investigaci\u00f3n y desarrollo de un sistema de Monitorizaci\u00f3n Persistente de Pista (MPP) no intrusivo, enfocado&#8230;<\/p>\n","protected":false},"author":4,"featured_media":0,"parent":12665,"menu_order":1,"comment_status":"closed","ping_status":"closed","template":"","meta":{"footnotes":""},"categories":[79],"tags":[],"class_list":["post-12656","page","type-page","status-publish","hentry","category-projetos-es"],"yoast_head":"<!-- This site is optimized with the Yoast SEO plugin v24.8.1 - https:\/\/yoast.com\/wordpress\/plugins\/seo\/ -->\r\n<title>MPP \u2013 Monitorizaci\u00f3n Persistente de Pista - Tecmic<\/title>\r\n<meta name=\"robots\" content=\"index, follow, max-snippet:-1, max-image-preview:large, max-video-preview:-1\" \/>\r\n<link rel=\"canonical\" href=\"https:\/\/www.tecmic.com\/es\/inovacao\/mpp-monitorizacao-persistente-de-pista\/\" \/>\r\n<meta property=\"og:locale\" content=\"es_ES\" \/>\r\n<meta property=\"og:type\" content=\"article\" \/>\r\n<meta property=\"og:title\" content=\"MPP \u2013 Monitorizaci\u00f3n Persistente de Pista - Tecmic\" \/>\r\n<meta property=\"og:description\" content=\"[vc_row css=&#8221;.vc_custom_1533814087483{padding-top: 100px !important;}&#8221; el_id=&#8221;about&#8221;][vc_column max_width=&#8221;980&#8243;][vc_custom_heading text=&#8221;Objetivo principal:&#8221; font_container=&#8221;tag:h2|text_align:center&#8221; use_theme_fonts=&#8221;yes&#8221;][vc_column_text] Investigaci\u00f3n y desarrollo de un sistema de Monitorizaci\u00f3n Persistente de Pista (MPP) no intrusivo, enfocado...\" \/>\r\n<meta property=\"og:url\" content=\"https:\/\/www.tecmic.com\/es\/inovacao\/mpp-monitorizacao-persistente-de-pista\/\" \/>\r\n<meta property=\"og:site_name\" content=\"Tecmic\" \/>\r\n<meta property=\"article:publisher\" content=\"https:\/\/www.facebook.com\/Tecmic-196226277112224\/\" \/>\r\n<meta property=\"article:modified_time\" content=\"2023-06-29T10:15:45+00:00\" \/>\r\n<meta name=\"twitter:card\" content=\"summary_large_image\" \/>\r\n<meta name=\"twitter:label1\" content=\"Tiempo de lectura\" \/>\n\t<meta name=\"twitter:data1\" content=\"3 minutos\" \/>\r\n<script type=\"application\/ld+json\" class=\"yoast-schema-graph\">{\"@context\":\"https:\/\/schema.org\",\"@graph\":[{\"@type\":\"WebPage\",\"@id\":\"https:\/\/www.tecmic.com\/es\/inovacao\/mpp-monitorizacao-persistente-de-pista\/\",\"url\":\"https:\/\/www.tecmic.com\/es\/inovacao\/mpp-monitorizacao-persistente-de-pista\/\",\"name\":\"MPP \u2013 Monitorizaci\u00f3n Persistente de Pista - Tecmic\",\"isPartOf\":{\"@id\":\"https:\/\/www.tecmic.com\/#website\"},\"datePublished\":\"2020-02-10T14:28:16+00:00\",\"dateModified\":\"2023-06-29T10:15:45+00:00\",\"breadcrumb\":{\"@id\":\"https:\/\/www.tecmic.com\/es\/inovacao\/mpp-monitorizacao-persistente-de-pista\/#breadcrumb\"},\"inLanguage\":\"es\",\"potentialAction\":[{\"@type\":\"ReadAction\",\"target\":[\"https:\/\/www.tecmic.com\/es\/inovacao\/mpp-monitorizacao-persistente-de-pista\/\"]}]},{\"@type\":\"BreadcrumbList\",\"@id\":\"https:\/\/www.tecmic.com\/es\/inovacao\/mpp-monitorizacao-persistente-de-pista\/#breadcrumb\",\"itemListElement\":[{\"@type\":\"ListItem\",\"position\":1,\"name\":\"In\u00edcio\",\"item\":\"https:\/\/www.tecmic.com\/es\/\"},{\"@type\":\"ListItem\",\"position\":2,\"name\":\"Innovaci\u00f3n \u2013 Proyectos de Investigaci\u00f3n y Desarrollo\",\"item\":\"https:\/\/www.tecmic.com\/es\/inovacao\/\"},{\"@type\":\"ListItem\",\"position\":3,\"name\":\"MPP \u2013 Monitorizaci\u00f3n Persistente de Pista\"}]},{\"@type\":\"WebSite\",\"@id\":\"https:\/\/www.tecmic.com\/#website\",\"url\":\"https:\/\/www.tecmic.com\/\",\"name\":\"Tecmic\",\"description\":\"The world outside inside your window\",\"publisher\":{\"@id\":\"https:\/\/www.tecmic.com\/#organization\"},\"potentialAction\":[{\"@type\":\"SearchAction\",\"target\":{\"@type\":\"EntryPoint\",\"urlTemplate\":\"https:\/\/www.tecmic.com\/?s={search_term_string}\"},\"query-input\":{\"@type\":\"PropertyValueSpecification\",\"valueRequired\":true,\"valueName\":\"search_term_string\"}}],\"inLanguage\":\"es\"},{\"@type\":\"Organization\",\"@id\":\"https:\/\/www.tecmic.com\/#organization\",\"name\":\"Tecmic\",\"url\":\"https:\/\/www.tecmic.com\/\",\"logo\":{\"@type\":\"ImageObject\",\"inLanguage\":\"es\",\"@id\":\"https:\/\/www.tecmic.com\/#\/schema\/logo\/image\/\",\"url\":\"https:\/\/www.tecmic.com\/wp-content\/uploads\/2020\/02\/Tecmic-logo_01.png\",\"contentUrl\":\"https:\/\/www.tecmic.com\/wp-content\/uploads\/2020\/02\/Tecmic-logo_01.png\",\"width\":2892,\"height\":317,\"caption\":\"Tecmic\"},\"image\":{\"@id\":\"https:\/\/www.tecmic.com\/#\/schema\/logo\/image\/\"},\"sameAs\":[\"https:\/\/www.facebook.com\/Tecmic-196226277112224\/\",\"https:\/\/www.linkedin.com\/company\/tecmic\/\"]}]}<\/script>\r\n<!-- \/ Yoast SEO plugin. -->","yoast_head_json":{"title":"MPP \u2013 Monitorizaci\u00f3n Persistente de Pista - Tecmic","robots":{"index":"index","follow":"follow","max-snippet":"max-snippet:-1","max-image-preview":"max-image-preview:large","max-video-preview":"max-video-preview:-1"},"canonical":"https:\/\/www.tecmic.com\/es\/inovacao\/mpp-monitorizacao-persistente-de-pista\/","og_locale":"es_ES","og_type":"article","og_title":"MPP \u2013 Monitorizaci\u00f3n Persistente de Pista - Tecmic","og_description":"[vc_row css=&#8221;.vc_custom_1533814087483{padding-top: 100px !important;}&#8221; el_id=&#8221;about&#8221;][vc_column max_width=&#8221;980&#8243;][vc_custom_heading text=&#8221;Objetivo principal:&#8221; font_container=&#8221;tag:h2|text_align:center&#8221; use_theme_fonts=&#8221;yes&#8221;][vc_column_text] Investigaci\u00f3n y desarrollo de un sistema de Monitorizaci\u00f3n Persistente de Pista (MPP) no intrusivo, enfocado...","og_url":"https:\/\/www.tecmic.com\/es\/inovacao\/mpp-monitorizacao-persistente-de-pista\/","og_site_name":"Tecmic","article_publisher":"https:\/\/www.facebook.com\/Tecmic-196226277112224\/","article_modified_time":"2023-06-29T10:15:45+00:00","twitter_card":"summary_large_image","twitter_misc":{"Tiempo de lectura":"3 minutos"},"schema":{"@context":"https:\/\/schema.org","@graph":[{"@type":"WebPage","@id":"https:\/\/www.tecmic.com\/es\/inovacao\/mpp-monitorizacao-persistente-de-pista\/","url":"https:\/\/www.tecmic.com\/es\/inovacao\/mpp-monitorizacao-persistente-de-pista\/","name":"MPP \u2013 Monitorizaci\u00f3n Persistente de Pista - Tecmic","isPartOf":{"@id":"https:\/\/www.tecmic.com\/#website"},"datePublished":"2020-02-10T14:28:16+00:00","dateModified":"2023-06-29T10:15:45+00:00","breadcrumb":{"@id":"https:\/\/www.tecmic.com\/es\/inovacao\/mpp-monitorizacao-persistente-de-pista\/#breadcrumb"},"inLanguage":"es","potentialAction":[{"@type":"ReadAction","target":["https:\/\/www.tecmic.com\/es\/inovacao\/mpp-monitorizacao-persistente-de-pista\/"]}]},{"@type":"BreadcrumbList","@id":"https:\/\/www.tecmic.com\/es\/inovacao\/mpp-monitorizacao-persistente-de-pista\/#breadcrumb","itemListElement":[{"@type":"ListItem","position":1,"name":"In\u00edcio","item":"https:\/\/www.tecmic.com\/es\/"},{"@type":"ListItem","position":2,"name":"Innovaci\u00f3n \u2013 Proyectos de Investigaci\u00f3n y Desarrollo","item":"https:\/\/www.tecmic.com\/es\/inovacao\/"},{"@type":"ListItem","position":3,"name":"MPP \u2013 Monitorizaci\u00f3n Persistente de Pista"}]},{"@type":"WebSite","@id":"https:\/\/www.tecmic.com\/#website","url":"https:\/\/www.tecmic.com\/","name":"Tecmic","description":"The world outside inside your window","publisher":{"@id":"https:\/\/www.tecmic.com\/#organization"},"potentialAction":[{"@type":"SearchAction","target":{"@type":"EntryPoint","urlTemplate":"https:\/\/www.tecmic.com\/?s={search_term_string}"},"query-input":{"@type":"PropertyValueSpecification","valueRequired":true,"valueName":"search_term_string"}}],"inLanguage":"es"},{"@type":"Organization","@id":"https:\/\/www.tecmic.com\/#organization","name":"Tecmic","url":"https:\/\/www.tecmic.com\/","logo":{"@type":"ImageObject","inLanguage":"es","@id":"https:\/\/www.tecmic.com\/#\/schema\/logo\/image\/","url":"https:\/\/www.tecmic.com\/wp-content\/uploads\/2020\/02\/Tecmic-logo_01.png","contentUrl":"https:\/\/www.tecmic.com\/wp-content\/uploads\/2020\/02\/Tecmic-logo_01.png","width":2892,"height":317,"caption":"Tecmic"},"image":{"@id":"https:\/\/www.tecmic.com\/#\/schema\/logo\/image\/"},"sameAs":["https:\/\/www.facebook.com\/Tecmic-196226277112224\/","https:\/\/www.linkedin.com\/company\/tecmic\/"]}]}},"_links":{"self":[{"href":"https:\/\/www.tecmic.com\/es\/wp-json\/wp\/v2\/pages\/12656"}],"collection":[{"href":"https:\/\/www.tecmic.com\/es\/wp-json\/wp\/v2\/pages"}],"about":[{"href":"https:\/\/www.tecmic.com\/es\/wp-json\/wp\/v2\/types\/page"}],"author":[{"embeddable":true,"href":"https:\/\/www.tecmic.com\/es\/wp-json\/wp\/v2\/users\/4"}],"replies":[{"embeddable":true,"href":"https:\/\/www.tecmic.com\/es\/wp-json\/wp\/v2\/comments?post=12656"}],"version-history":[{"count":8,"href":"https:\/\/www.tecmic.com\/es\/wp-json\/wp\/v2\/pages\/12656\/revisions"}],"predecessor-version":[{"id":13568,"href":"https:\/\/www.tecmic.com\/es\/wp-json\/wp\/v2\/pages\/12656\/revisions\/13568"}],"up":[{"embeddable":true,"href":"https:\/\/www.tecmic.com\/es\/wp-json\/wp\/v2\/pages\/12665"}],"wp:attachment":[{"href":"https:\/\/www.tecmic.com\/es\/wp-json\/wp\/v2\/media?parent=12656"}],"wp:term":[{"taxonomy":"category","embeddable":true,"href":"https:\/\/www.tecmic.com\/es\/wp-json\/wp\/v2\/categories?post=12656"},{"taxonomy":"post_tag","embeddable":true,"href":"https:\/\/www.tecmic.com\/es\/wp-json\/wp\/v2\/tags?post=12656"}],"curies":[{"name":"wp","href":"https:\/\/api.w.org\/{rel}","templated":true}]}}