{"id":13464,"date":"2020-04-03T12:05:18","date_gmt":"2020-04-03T12:05:54","guid":{"rendered":"https:\/\/www.tecmic.com\/soluciones-tecmic\/gestion-de-transportes-de-pasajeros\/ecodriver\/"},"modified":"2021-10-08T13:16:43","modified_gmt":"2021-10-08T13:16:43","slug":"ecodriver","status":"publish","type":"page","link":"https:\/\/www.tecmic.com\/es\/soluciones-tecmic\/gestion-de-transportes-de-pasajeros\/ecodriver\/","title":{"rendered":"EcoDriver"},"content":{"rendered":"<p>[vc_row content_placement=&#8221;bottom&#8221; overflow=&#8221;default&#8221; el_class=&#8221;heading-top&#8221;][vc_column width=&#8221;1\/12&#8243;][\/vc_column][vc_column width=&#8221;10\/12&#8243; overflow=&#8221;default&#8221; el_class=&#8221;products-text-01&#8243;][vc_custom_heading text=&#8221;Sistema de recopilaci\u00f3n y an\u00e1lisis de datos de veh\u00edculos que promueve una conducci\u00f3n eficiente&#8221; use_theme_fonts=&#8221;yes&#8221;][vc_column_text]La soluci\u00f3n Ecodriver apoya la implementaci\u00f3n de procesos en las empresas de transporte p\u00fablico, que promueven la mejora de las pr\u00e1cticas de conducci\u00f3n de los conductores, con el fin de reducir los costos de combustible y mantenimiento de los veh\u00edculos, mejorando la calidad del transporte y la seguridad de los usuarios.<\/p>\n<hr \/>\n<p><strong>El Ecodriver monitoriza la pr\u00e1ctica de la conducci\u00f3n, con el objetivo de gestionar y mejorar, simult\u00e1neamente, tres variables directamente dependientes de la conducci\u00f3n:<\/strong>[\/vc_column_text][vc_row_inner overflow=&#8221;default&#8221; css=&#8221;.vc_custom_1602789761873{margin-top: 60px !important;}&#8221;][vc_column_inner width=&#8221;1\/3&#8243;]\r\n<div class=\"sh-iconbox sh-iconbox-style2 sh-iconbox-center improved-responsiveness\" id=\"iconbox-QjYLmVIi4c\">\r\n\t\r\n\t\t\t\t\t<div class=\"sh-iconbox-icon\">\r\n\t\t\t\t<div class=\"sh-iconbox-icon-shape sh-iconbox-square\">\r\n\t\t\t\t\t<i class=\"sh-iconbox-hover fa fa-tint\"><\/i>\r\n\r\n\t\t\t\t\t\t\t\t\t<\/div>\r\n\t\t\t<\/div>\r\n\t\t\r\n\t\t<div class=\"sh-iconbox-aside\">\r\n\t\t\t<div class=\"sh-iconbox-title\">\r\n\t\t\t\t\t\t\t\t\t<h3>Ahorro y eficiencia energetica<\/h3>\r\n\t\t\t\t\t\t\t<\/div>\r\n\t\t\t<div class=\"sh-iconbox-seperator\"><\/div>\r\n\t\t\t<div class=\"sh-iconbox-content\">\r\n\t\t\t\t\t\t\t<\/div>\r\n\t\t<\/div>\r\n\r\n\t<\/div>\r\n            <style type=\"text\/css\">\r\n                #iconbox-QjYLmVIi4c .sh-iconbox-title h3 {font-size: 24px;font-weight: bold!important;}#iconbox-QjYLmVIi4c .sh-iconbox-hover {font-size: 40px;}            <\/style>\r\n        [\/vc_column_inner][vc_column_inner width=&#8221;1\/3&#8243;]\r\n<div class=\"sh-iconbox sh-iconbox-style2 sh-iconbox-center improved-responsiveness\" id=\"iconbox-cfPJN9vexK\">\r\n\t\r\n\t\t\t\t\t<div class=\"sh-iconbox-icon\">\r\n\t\t\t\t<div class=\"sh-iconbox-icon-shape sh-iconbox-square\">\r\n\t\t\t\t\t<i class=\"sh-iconbox-hover fa fa-bus\"><\/i>\r\n\r\n\t\t\t\t\t\t\t\t\t<\/div>\r\n\t\t\t<\/div>\r\n\t\t\r\n\t\t<div class=\"sh-iconbox-aside\">\r\n\t\t\t<div class=\"sh-iconbox-title\">\r\n\t\t\t\t\t\t\t\t\t<h3>Comodidad<\/h3>\r\n\t\t\t\t\t\t\t<\/div>\r\n\t\t\t<div class=\"sh-iconbox-seperator\"><\/div>\r\n\t\t\t<div class=\"sh-iconbox-content\">\r\n\t\t\t\t\t\t\t<\/div>\r\n\t\t<\/div>\r\n\r\n\t<\/div>\r\n            <style type=\"text\/css\">\r\n                #iconbox-cfPJN9vexK .sh-iconbox-title h3 {font-size: 24px;font-weight: bold!important;}#iconbox-cfPJN9vexK .sh-iconbox-hover {font-size: 40px;}            <\/style>\r\n        [\/vc_column_inner][vc_column_inner width=&#8221;1\/3&#8243;]\r\n<div class=\"sh-iconbox sh-iconbox-style2 sh-iconbox-center improved-responsiveness\" id=\"iconbox-ui0fJBZycv\">\r\n\t\r\n\t\t\t\t\t<div class=\"sh-iconbox-icon\">\r\n\t\t\t\t<div class=\"sh-iconbox-icon-shape sh-iconbox-square\">\r\n\t\t\t\t\t<i class=\"sh-iconbox-hover fa fa-user-circle\"><\/i>\r\n\r\n\t\t\t\t\t\t\t\t\t<\/div>\r\n\t\t\t<\/div>\r\n\t\t\r\n\t\t<div class=\"sh-iconbox-aside\">\r\n\t\t\t<div class=\"sh-iconbox-title\">\r\n\t\t\t\t\t\t\t\t\t<h3>Seguridad<\/h3>\r\n\t\t\t\t\t\t\t<\/div>\r\n\t\t\t<div class=\"sh-iconbox-seperator\"><\/div>\r\n\t\t\t<div class=\"sh-iconbox-content\">\r\n\t\t\t\t\t\t\t<\/div>\r\n\t\t<\/div>\r\n\r\n\t<\/div>\r\n            <style type=\"text\/css\">\r\n                #iconbox-ui0fJBZycv .sh-iconbox-title h3 {font-size: 24px;font-weight: bold!important;}#iconbox-ui0fJBZycv .sh-iconbox-hover {font-size: 40px;}            <\/style>\r\n        [\/vc_column_inner][\/vc_row_inner][\/vc_column][vc_column width=&#8221;1\/12&#8243;][\/vc_column][\/vc_row][vc_row full_width=&#8221;stretch_row_content_no_spaces&#8221; content_placement=&#8221;middle&#8221; overflow=&#8221;default&#8221; css=&#8221;.vc_custom_1604426673340{margin-top: 100px !important;padding-bottom: 0px !important;}&#8221; el_class=&#8221;products-block-02&#8243;][vc_column width=&#8221;1\/12&#8243;][\/vc_column][vc_column width=&#8221;5\/12&#8243; overflow=&#8221;default&#8221; el_class=&#8221;products-text-02&#8243; css=&#8221;.vc_custom_1600944743970{padding-bottom: 60px !important;}&#8221;][vc_custom_heading text=&#8221;EcoDriver \u2013 monitorizaci\u00f3n de la conducci\u00f3n&#8221; use_theme_fonts=&#8221;yes&#8221;][vc_custom_heading text=&#8221;Algunas Funcionalidades&#8221; font_container=&#8221;tag:h3|text_align:left&#8221; use_theme_fonts=&#8221;yes&#8221;][vc_column_text el_class=&#8221;products-text-03&#8243;]<\/p>\n<ul>\n<li>An\u00e1lisis de la utilizaci\u00f3n de la flota<\/li>\n<li>Ranking de Veh\u00edculos eficientes<\/li>\n<li>Ranking de Veh\u00edculos seguros<\/li>\n<li>Ranking de Veh\u00edculos econ\u00f3micos<\/li>\n<\/ul>\n<p>[\/vc_column_text][\/vc_column][vc_column width=&#8221;6\/12&#8243; overflow=&#8221;default&#8221;][vc_single_image image=&#8221;11386&#8243; img_size=&#8221;full&#8221; alignment=&#8221;right&#8221;][\/vc_column][\/vc_row][vc_row overflow=&#8221;default&#8221;][vc_column][\/vc_column][\/vc_row][vc_row full_width=&#8221;stretch_row_content_no_spaces&#8221; overflow=&#8221;default&#8221; css=&#8221;.vc_custom_1603993739358{padding-top: 80px !important;padding-bottom: 80px !important;background-image: url(https:\/\/stg.tecmic.com\/wp-content\/uploads\/2020\/10\/Tecmic-solucoes-ecodriver.jpg?id=11468) !important;background-position: center !important;background-repeat: no-repeat !important;background-size: cover !important;}&#8221; el_class=&#8221;products-block-02&#8243;][vc_column width=&#8221;1\/12&#8243;][\/vc_column][vc_column width=&#8221;5\/12&#8243; overflow=&#8221;default&#8221; el_class=&#8221;products-text-02&#8243;][vc_custom_heading text=&#8221;Benef\u00edcios&#8221; font_container=&#8221;tag:h3|text_align:left&#8221; use_theme_fonts=&#8221;yes&#8221;][vc_column_text el_class=&#8221;products-text-03&#8243;]<\/p>\n<ul>\n<li>El an\u00e1lisis del uso de la flota permite grandes reducciones de costes<\/li>\n<li>Optimizaci\u00f3n del consumo de combust\u00edble<\/li>\n<li>Elaboraci\u00f3n de Ranking de Veh\u00edculos\/Conductores m\u00e1s eficientes<\/li>\n<li>Diminuci\u00f3n de los costes de mantenimiento<\/li>\n<\/ul>\n<p>[\/vc_column_text][\/vc_column][vc_column width=&#8221;6\/12&#8243;][\/vc_column][\/vc_row][vc_row full_width=&#8221;stretch_row&#8221; overflow=&#8221;default&#8221; text=&#8221;CONTACTE-NOS&#8221; url=&#8221;\/contacte-nos\/&#8221; target=&#8221;_self&#8221; alignment=&#8221;center&#8221; alignment_mobile=&#8221;center&#8221; image=&#8221;&#8221; icon=&#8221;&#8221; icon_alignment=&#8221;left&#8221; style=&#8221;5&#8243; size=&#8221;xlarge sh-button-xlarge-small&#8221; font_size=&#8221;24&#8243; radius=&#8221;25&#8243; border_size=&#8221;3&#8243; full=&#8221;&#8221; tale=&#8221;none&#8221; height=&#8221;&#8221; leftright_padding=&#8221;&#8221; margin=&#8221;0px 0px 0px 0px&#8221; text_color=&#8221;#ffffff&#8221; text_hover_color=&#8221;&#8221; background_color=&#8221;#dd3333&#8243; background_hover_color=&#8221;#093672&#8243; border_color=&#8221;#ffffff&#8221; border_hover_color=&#8221;&#8221; animation=&#8221;none&#8221; animation_speed=&#8221;2&#8243; animation_delay=&#8221;0&#8243; el_class=&#8221;block-know-more&#8221;][vc_column width=&#8221;1\/4&#8243;][\/vc_column][vc_column width=&#8221;1\/2&#8243;]\r\n<div id=\"button-DCydxZYaTF\" class=\"sh-button-container  sh-button-style-5\">\r\n\t<div class=\"sh-element-margin\">\r\n\t\t<a href=\"\/contacte-nos\/\" target=\"_self\" class=\"sh-button sh-button-xlarge sh-button-xlarge-small \">\r\n\r\n\t\t\t\r\n\t\t\t\t\t\t\t<span class=\"sh-button-text\">\r\n\t\t\t\t\tM\u00c1S INFORMACI\u00d3N! CONT\u00c1CTENOS\t\t\t\t<\/span>\r\n\t\t\t\r\n\t\t\t\r\n\t\t<\/a>\r\n\t\t\t<\/div>\r\n<\/div>\r\n            <style type=\"text\/css\">\r\n                #button-DCydxZYaTF .sh-button {color: #ffffff;border: 3px solid #ffffff;box-shadow: 0px 2px 2px rgba(0,0,0,0.15);}#button-DCydxZYaTF {text-align: center;}#button-DCydxZYaTF .sh-element-margin {margin: 0px 0px 0px 0px;}#button-DCydxZYaTF:not(.sh-button-style-2) .sh-button:hover {}#button-DCydxZYaTF.sh-button-style-2 .sh-button:after {}#button-DCydxZYaTF.sh-button-style-2 .sh-button:hover {}@media (max-width: 800px) {#button-DCydxZYaTF {text-align: center;}}            <\/style>\r\n        [\/vc_column][vc_column width=&#8221;1\/4&#8243;][\/vc_column][\/vc_row][vc_row full_width=&#8221;stretch_row&#8221; content_placement=&#8221;bottom&#8221; overflow=&#8221;default&#8221; el_class=&#8221;block-modules&#8221;][vc_column overflow=&#8221;default&#8221; el_class=&#8221;products-modules-line&#8221;]\r\n<div class=\"sh-heading  \" id=\"heading-fI8VjxDdH7\">\r\n\t<div class=\"sh-element-margin\">\r\n\r\n\t\t\r\n\t\t\t<h2 class=\"sh-heading-content size-default text-center\">\r\n\t\t\t\tM\u00d3DULOS PARA GESTI\u00d3N DE TRANSPORTE DE PASAJEROS\t\t\t<\/h2>\r\n\r\n\t\t\r\n\t<\/div>\r\n<\/div>\r\n            <style type=\"text\/css\">\r\n                #heading-fI8VjxDdH7 .sh-element-margin {margin: 0px 0px 50px 0px;}#heading-fI8VjxDdH7 .sh-heading-content {font-weight: 700!important;color: #ffffff;}#heading-fI8VjxDdH7 .sh-heading-content,#heading-fI8VjxDdH7 .sh-heading-additional-text {}            <\/style>\r\n        [vc_basic_grid post_type=&#8221;page&#8221; max_items=&#8221;30&#8243; element_width=&#8221;3&#8243; gap=&#8221;15&#8243; orderby=&#8221;title&#8221; order=&#8221;ASC&#8221; item=&#8221;11093&#8243; grid_id=&#8221;vc_gid:1633698599118-c76fb12f-7f52-6&#8243; taxonomies=&#8221;25&#8243;][\/vc_column][\/vc_row]<\/p>\n","protected":false},"excerpt":{"rendered":"<p>A Tecmic oferece plataformas abertas que possibilitam a f\u00e1cil comunica\u00e7\u00e3o entre as aplica\u00e7\u00f5es da sua empresa e os nossos sistemas de localiza\u00e7\u00e3o e gest\u00e3o da frota e servi\u00e7os.<\/p>\n","protected":false},"author":4,"featured_media":13255,"parent":12537,"menu_order":2,"comment_status":"closed","ping_status":"closed","template":"","meta":{"footnotes":""},"categories":[84],"tags":[],"class_list":["post-13464","page","type-page","status-publish","has-post-thumbnail","hentry","category-modulos-passenger-es"],"yoast_head":"<!-- This site is optimized with the Yoast SEO plugin v24.8.1 - https:\/\/yoast.com\/wordpress\/plugins\/seo\/ -->\r\n<title>EcoDriver - Tecmic<\/title>\r\n<meta name=\"robots\" content=\"index, follow, max-snippet:-1, max-image-preview:large, max-video-preview:-1\" \/>\r\n<link rel=\"canonical\" href=\"https:\/\/www.tecmic.com\/es\/soluciones-tecmic\/gestion-de-transportes-de-pasajeros\/ecodriver\/\" \/>\r\n<meta property=\"og:locale\" content=\"es_ES\" \/>\r\n<meta property=\"og:type\" content=\"article\" \/>\r\n<meta property=\"og:title\" content=\"EcoDriver - Tecmic\" \/>\r\n<meta property=\"og:description\" content=\"A Tecmic oferece plataformas abertas que possibilitam a f\u00e1cil comunica\u00e7\u00e3o entre as aplica\u00e7\u00f5es da sua empresa e os nossos sistemas de localiza\u00e7\u00e3o e gest\u00e3o da frota e servi\u00e7os.\" \/>\r\n<meta property=\"og:url\" content=\"https:\/\/www.tecmic.com\/es\/soluciones-tecmic\/gestion-de-transportes-de-pasajeros\/ecodriver\/\" \/>\r\n<meta property=\"og:site_name\" content=\"Tecmic\" \/>\r\n<meta property=\"article:publisher\" content=\"https:\/\/www.facebook.com\/Tecmic-196226277112224\/\" \/>\r\n<meta property=\"article:modified_time\" content=\"2021-10-08T13:16:43+00:00\" \/>\r\n<meta property=\"og:image\" content=\"https:\/\/www.tecmic.com\/wp-content\/uploads\/2020\/06\/Tecmic-modulos_Passenger-Ecodriver-02.jpg\" \/>\r\n\t<meta property=\"og:image:width\" content=\"2200\" \/>\r\n\t<meta property=\"og:image:height\" content=\"660\" \/>\r\n\t<meta property=\"og:image:type\" content=\"image\/jpeg\" \/>\r\n<meta name=\"twitter:card\" content=\"summary_large_image\" \/>\r\n<meta name=\"twitter:label1\" content=\"Tiempo de lectura\" \/>\n\t<meta name=\"twitter:data1\" content=\"2 minutos\" \/>\r\n<script type=\"application\/ld+json\" class=\"yoast-schema-graph\">{\"@context\":\"https:\/\/schema.org\",\"@graph\":[{\"@type\":\"WebPage\",\"@id\":\"https:\/\/www.tecmic.com\/es\/soluciones-tecmic\/gestion-de-transportes-de-pasajeros\/ecodriver\/\",\"url\":\"https:\/\/www.tecmic.com\/es\/soluciones-tecmic\/gestion-de-transportes-de-pasajeros\/ecodriver\/\",\"name\":\"EcoDriver - Tecmic\",\"isPartOf\":{\"@id\":\"https:\/\/www.tecmic.com\/#website\"},\"primaryImageOfPage\":{\"@id\":\"https:\/\/www.tecmic.com\/es\/soluciones-tecmic\/gestion-de-transportes-de-pasajeros\/ecodriver\/#primaryimage\"},\"image\":{\"@id\":\"https:\/\/www.tecmic.com\/es\/soluciones-tecmic\/gestion-de-transportes-de-pasajeros\/ecodriver\/#primaryimage\"},\"thumbnailUrl\":\"https:\/\/www.tecmic.com\/wp-content\/uploads\/2020\/06\/Tecmic-modulos_Passenger-Ecodriver-02.jpg\",\"datePublished\":\"2020-04-03T12:05:54+00:00\",\"dateModified\":\"2021-10-08T13:16:43+00:00\",\"breadcrumb\":{\"@id\":\"https:\/\/www.tecmic.com\/es\/soluciones-tecmic\/gestion-de-transportes-de-pasajeros\/ecodriver\/#breadcrumb\"},\"inLanguage\":\"es\",\"potentialAction\":[{\"@type\":\"ReadAction\",\"target\":[\"https:\/\/www.tecmic.com\/es\/soluciones-tecmic\/gestion-de-transportes-de-pasajeros\/ecodriver\/\"]}]},{\"@type\":\"ImageObject\",\"inLanguage\":\"es\",\"@id\":\"https:\/\/www.tecmic.com\/es\/soluciones-tecmic\/gestion-de-transportes-de-pasajeros\/ecodriver\/#primaryimage\",\"url\":\"https:\/\/www.tecmic.com\/wp-content\/uploads\/2020\/06\/Tecmic-modulos_Passenger-Ecodriver-02.jpg\",\"contentUrl\":\"https:\/\/www.tecmic.com\/wp-content\/uploads\/2020\/06\/Tecmic-modulos_Passenger-Ecodriver-02.jpg\",\"width\":2200,\"height\":660},{\"@type\":\"BreadcrumbList\",\"@id\":\"https:\/\/www.tecmic.com\/es\/soluciones-tecmic\/gestion-de-transportes-de-pasajeros\/ecodriver\/#breadcrumb\",\"itemListElement\":[{\"@type\":\"ListItem\",\"position\":1,\"name\":\"In\u00edcio\",\"item\":\"https:\/\/www.tecmic.com\/es\/\"},{\"@type\":\"ListItem\",\"position\":2,\"name\":\"Soluciones Tecmic\",\"item\":\"https:\/\/www.tecmic.com\/es\/soluciones-tecmic\/\"},{\"@type\":\"ListItem\",\"position\":3,\"name\":\"Gesti\u00f3n de Transportes de Pasajeros\",\"item\":\"https:\/\/www.tecmic.com\/es\/soluciones-tecmic\/gestion-de-transportes-de-pasajeros\/\"},{\"@type\":\"ListItem\",\"position\":4,\"name\":\"EcoDriver\"}]},{\"@type\":\"WebSite\",\"@id\":\"https:\/\/www.tecmic.com\/#website\",\"url\":\"https:\/\/www.tecmic.com\/\",\"name\":\"Tecmic\",\"description\":\"The world outside inside your window\",\"publisher\":{\"@id\":\"https:\/\/www.tecmic.com\/#organization\"},\"potentialAction\":[{\"@type\":\"SearchAction\",\"target\":{\"@type\":\"EntryPoint\",\"urlTemplate\":\"https:\/\/www.tecmic.com\/?s={search_term_string}\"},\"query-input\":{\"@type\":\"PropertyValueSpecification\",\"valueRequired\":true,\"valueName\":\"search_term_string\"}}],\"inLanguage\":\"es\"},{\"@type\":\"Organization\",\"@id\":\"https:\/\/www.tecmic.com\/#organization\",\"name\":\"Tecmic\",\"url\":\"https:\/\/www.tecmic.com\/\",\"logo\":{\"@type\":\"ImageObject\",\"inLanguage\":\"es\",\"@id\":\"https:\/\/www.tecmic.com\/#\/schema\/logo\/image\/\",\"url\":\"https:\/\/www.tecmic.com\/wp-content\/uploads\/2020\/02\/Tecmic-logo_01.png\",\"contentUrl\":\"https:\/\/www.tecmic.com\/wp-content\/uploads\/2020\/02\/Tecmic-logo_01.png\",\"width\":2892,\"height\":317,\"caption\":\"Tecmic\"},\"image\":{\"@id\":\"https:\/\/www.tecmic.com\/#\/schema\/logo\/image\/\"},\"sameAs\":[\"https:\/\/www.facebook.com\/Tecmic-196226277112224\/\",\"https:\/\/www.linkedin.com\/company\/tecmic\/\"]}]}<\/script>\r\n<!-- \/ Yoast SEO plugin. -->","yoast_head_json":{"title":"EcoDriver - Tecmic","robots":{"index":"index","follow":"follow","max-snippet":"max-snippet:-1","max-image-preview":"max-image-preview:large","max-video-preview":"max-video-preview:-1"},"canonical":"https:\/\/www.tecmic.com\/es\/soluciones-tecmic\/gestion-de-transportes-de-pasajeros\/ecodriver\/","og_locale":"es_ES","og_type":"article","og_title":"EcoDriver - Tecmic","og_description":"A Tecmic oferece plataformas abertas que possibilitam a f\u00e1cil comunica\u00e7\u00e3o entre as aplica\u00e7\u00f5es da sua empresa e os nossos sistemas de localiza\u00e7\u00e3o e gest\u00e3o da frota e servi\u00e7os.","og_url":"https:\/\/www.tecmic.com\/es\/soluciones-tecmic\/gestion-de-transportes-de-pasajeros\/ecodriver\/","og_site_name":"Tecmic","article_publisher":"https:\/\/www.facebook.com\/Tecmic-196226277112224\/","article_modified_time":"2021-10-08T13:16:43+00:00","og_image":[{"width":2200,"height":660,"url":"https:\/\/www.tecmic.com\/wp-content\/uploads\/2020\/06\/Tecmic-modulos_Passenger-Ecodriver-02.jpg","type":"image\/jpeg"}],"twitter_card":"summary_large_image","twitter_misc":{"Tiempo de lectura":"2 minutos"},"schema":{"@context":"https:\/\/schema.org","@graph":[{"@type":"WebPage","@id":"https:\/\/www.tecmic.com\/es\/soluciones-tecmic\/gestion-de-transportes-de-pasajeros\/ecodriver\/","url":"https:\/\/www.tecmic.com\/es\/soluciones-tecmic\/gestion-de-transportes-de-pasajeros\/ecodriver\/","name":"EcoDriver - Tecmic","isPartOf":{"@id":"https:\/\/www.tecmic.com\/#website"},"primaryImageOfPage":{"@id":"https:\/\/www.tecmic.com\/es\/soluciones-tecmic\/gestion-de-transportes-de-pasajeros\/ecodriver\/#primaryimage"},"image":{"@id":"https:\/\/www.tecmic.com\/es\/soluciones-tecmic\/gestion-de-transportes-de-pasajeros\/ecodriver\/#primaryimage"},"thumbnailUrl":"https:\/\/www.tecmic.com\/wp-content\/uploads\/2020\/06\/Tecmic-modulos_Passenger-Ecodriver-02.jpg","datePublished":"2020-04-03T12:05:54+00:00","dateModified":"2021-10-08T13:16:43+00:00","breadcrumb":{"@id":"https:\/\/www.tecmic.com\/es\/soluciones-tecmic\/gestion-de-transportes-de-pasajeros\/ecodriver\/#breadcrumb"},"inLanguage":"es","potentialAction":[{"@type":"ReadAction","target":["https:\/\/www.tecmic.com\/es\/soluciones-tecmic\/gestion-de-transportes-de-pasajeros\/ecodriver\/"]}]},{"@type":"ImageObject","inLanguage":"es","@id":"https:\/\/www.tecmic.com\/es\/soluciones-tecmic\/gestion-de-transportes-de-pasajeros\/ecodriver\/#primaryimage","url":"https:\/\/www.tecmic.com\/wp-content\/uploads\/2020\/06\/Tecmic-modulos_Passenger-Ecodriver-02.jpg","contentUrl":"https:\/\/www.tecmic.com\/wp-content\/uploads\/2020\/06\/Tecmic-modulos_Passenger-Ecodriver-02.jpg","width":2200,"height":660},{"@type":"BreadcrumbList","@id":"https:\/\/www.tecmic.com\/es\/soluciones-tecmic\/gestion-de-transportes-de-pasajeros\/ecodriver\/#breadcrumb","itemListElement":[{"@type":"ListItem","position":1,"name":"In\u00edcio","item":"https:\/\/www.tecmic.com\/es\/"},{"@type":"ListItem","position":2,"name":"Soluciones Tecmic","item":"https:\/\/www.tecmic.com\/es\/soluciones-tecmic\/"},{"@type":"ListItem","position":3,"name":"Gesti\u00f3n de Transportes de Pasajeros","item":"https:\/\/www.tecmic.com\/es\/soluciones-tecmic\/gestion-de-transportes-de-pasajeros\/"},{"@type":"ListItem","position":4,"name":"EcoDriver"}]},{"@type":"WebSite","@id":"https:\/\/www.tecmic.com\/#website","url":"https:\/\/www.tecmic.com\/","name":"Tecmic","description":"The world outside inside your window","publisher":{"@id":"https:\/\/www.tecmic.com\/#organization"},"potentialAction":[{"@type":"SearchAction","target":{"@type":"EntryPoint","urlTemplate":"https:\/\/www.tecmic.com\/?s={search_term_string}"},"query-input":{"@type":"PropertyValueSpecification","valueRequired":true,"valueName":"search_term_string"}}],"inLanguage":"es"},{"@type":"Organization","@id":"https:\/\/www.tecmic.com\/#organization","name":"Tecmic","url":"https:\/\/www.tecmic.com\/","logo":{"@type":"ImageObject","inLanguage":"es","@id":"https:\/\/www.tecmic.com\/#\/schema\/logo\/image\/","url":"https:\/\/www.tecmic.com\/wp-content\/uploads\/2020\/02\/Tecmic-logo_01.png","contentUrl":"https:\/\/www.tecmic.com\/wp-content\/uploads\/2020\/02\/Tecmic-logo_01.png","width":2892,"height":317,"caption":"Tecmic"},"image":{"@id":"https:\/\/www.tecmic.com\/#\/schema\/logo\/image\/"},"sameAs":["https:\/\/www.facebook.com\/Tecmic-196226277112224\/","https:\/\/www.linkedin.com\/company\/tecmic\/"]}]}},"_links":{"self":[{"href":"https:\/\/www.tecmic.com\/es\/wp-json\/wp\/v2\/pages\/13464"}],"collection":[{"href":"https:\/\/www.tecmic.com\/es\/wp-json\/wp\/v2\/pages"}],"about":[{"href":"https:\/\/www.tecmic.com\/es\/wp-json\/wp\/v2\/types\/page"}],"author":[{"embeddable":true,"href":"https:\/\/www.tecmic.com\/es\/wp-json\/wp\/v2\/users\/4"}],"replies":[{"embeddable":true,"href":"https:\/\/www.tecmic.com\/es\/wp-json\/wp\/v2\/comments?post=13464"}],"version-history":[{"count":3,"href":"https:\/\/www.tecmic.com\/es\/wp-json\/wp\/v2\/pages\/13464\/revisions"}],"predecessor-version":[{"id":13494,"href":"https:\/\/www.tecmic.com\/es\/wp-json\/wp\/v2\/pages\/13464\/revisions\/13494"}],"up":[{"embeddable":true,"href":"https:\/\/www.tecmic.com\/es\/wp-json\/wp\/v2\/pages\/12537"}],"wp:featuredmedia":[{"embeddable":true,"href":"https:\/\/www.tecmic.com\/es\/wp-json\/wp\/v2\/media\/13255"}],"wp:attachment":[{"href":"https:\/\/www.tecmic.com\/es\/wp-json\/wp\/v2\/media?parent=13464"}],"wp:term":[{"taxonomy":"category","embeddable":true,"href":"https:\/\/www.tecmic.com\/es\/wp-json\/wp\/v2\/categories?post=13464"},{"taxonomy":"post_tag","embeddable":true,"href":"https:\/\/www.tecmic.com\/es\/wp-json\/wp\/v2\/tags?post=13464"}],"curies":[{"name":"wp","href":"https:\/\/api.w.org\/{rel}","templated":true}]}}