{"id":13478,"date":"2020-04-03T12:04:18","date_gmt":"2020-04-03T12:04:09","guid":{"rendered":"https:\/\/www.tecmic.com\/soluciones-tecmic\/gestion-de-transportes-de-pasajeros\/busdvr\/"},"modified":"2021-10-08T12:58:05","modified_gmt":"2021-10-08T12:58:05","slug":"busdvr","status":"publish","type":"page","link":"https:\/\/www.tecmic.com\/es\/soluciones-tecmic\/gestion-de-transportes-de-pasajeros\/busdvr\/","title":{"rendered":"BusDVR"},"content":{"rendered":"<p>[vc_row overflow=&#8221;default&#8221; el_class=&#8221;heading-top&#8221;][vc_column width=&#8221;1\/12&#8243;][\/vc_column][vc_column width=&#8221;10\/12&#8243; overflow=&#8221;default&#8221; el_class=&#8221;products-text-01&#8243;][vc_custom_heading text=&#8221;Sistema de Video Vigilancia (CCTV) en los autobuses&#8221; use_theme_fonts=&#8221;yes&#8221;][vc_column_text]La seguridad de los pasajeros y la tripulaci\u00f3n es un tema de gran importancia para todas las autoridades de transporte p\u00fablico.<\/p>\n<p>El sistema de <strong>Videovigilancia CCTV<\/strong> <strong>BusDVR<\/strong> utiliza la tecnolog\u00eda m\u00e1s moderna para enfrentar el complejo entorno que consiste en la captaci\u00f3n de im\u00e1genes de alta calidad en movimiento relativo. Fue especialmente dise\u00f1ado para su uso en el interior de veh\u00edculos, con altos est\u00e1ndares de estabilidad, superando el temblor normal del movimiento de los autobuses, entregando im\u00e1genes de alta calidad.[\/vc_column_text][vc_separator][\/vc_column][vc_column width=&#8221;1\/12&#8243;][\/vc_column][\/vc_row][vc_row overflow=&#8221;default&#8221; css=&#8221;.vc_custom_1582214341212{padding-bottom: 60px !important;}&#8221; el_class=&#8221;products-text-01&#8243;][vc_column width=&#8221;1\/12&#8243;][\/vc_column][vc_column width=&#8221;5\/12&#8243; overflow=&#8221;default&#8221; el_class=&#8221;products-text-02&#8243;][vc_custom_heading text=&#8221;Algumas Funcionalidades&#8221; font_container=&#8221;tag:h3|text_align:left&#8221; use_theme_fonts=&#8221;yes&#8221;][vc_column_text el_class=&#8221;products-text-03&#8243;]<\/p>\n<ul>\n<li>Informaci\u00f3n en tiempo real dentro de la flota operativa<\/li>\n<li>Gran capacidad para registrar el historial<\/li>\n<li>Video de alta resoluci\u00f3n para im\u00e1genes claras de eventos.<\/li>\n<li>Uso de tarjetas SD para DVR aumentando la usabilidad<\/li>\n<li>Visi\u00f3n diurna y nocturna<\/li>\n<li>Grabaci\u00f3n de video consoporte manual, grabaci\u00f3n de tiempo, registro de alarma, sobrescritura cuando el disco est\u00e1 lleno, protecci\u00f3n de grabaci\u00f3n de alarma.<\/li>\n<li>Funcionalidades b\u00e1sicas como: Support play, pause, fame, slow play, fast forward, fast rewind, etc.<\/li>\n<\/ul>\n<p>[\/vc_column_text][\/vc_column][vc_column width=&#8221;5\/12&#8243;][vc_custom_heading text=&#8221;Benef\u00edcios&#8221; font_container=&#8221;tag:h3|text_align:left&#8221; use_theme_fonts=&#8221;yes&#8221;][vc_column_text el_class=&#8221;products-text-03&#8243;]<\/p>\n<ul>\n<li>Mayor seguridad a bordo<\/li>\n<li>Protecci\u00f3n del conductor, pasajeros y bienes de la empresa<\/li>\n<li>Proporcionar evidencia en caso de vandalismo, robo, lesiones, etc.<\/li>\n<li>Ayudar a solucionar disputas entre pasajeros y funcionarios<\/li>\n<li>Agregar mecanismos de primeros auxilios a trav\u00e9s de escenarios<\/li>\n<li>Seguimiento de las infracciones cometidas por el conductor durante la conducci\u00f3n<\/li>\n<li>Seguimiento de entradas no autorizadas y fraudes a bordo<\/li>\n<\/ul>\n<p>[\/vc_column_text][\/vc_column][vc_column width=&#8221;1\/12&#8243;][\/vc_column][\/vc_row][vc_row full_width=&#8221;stretch_row&#8221; content_placement=&#8221;bottom&#8221; overflow=&#8221;default&#8221; el_class=&#8221;block-modules&#8221;][vc_column overflow=&#8221;default&#8221; el_class=&#8221;products-modules-line&#8221;]\r\n<div class=\"sh-heading  \" id=\"heading-e1pXuzUOJh\">\r\n\t<div class=\"sh-element-margin\">\r\n\r\n\t\t\r\n\t\t\t<h2 class=\"sh-heading-content size-default text-center\">\r\n\t\t\t\tM\u00d3DULOS PARA GESTI\u00d3N DE TRANSPORTE DE PASAJEROS\t\t\t<\/h2>\r\n\r\n\t\t\r\n\t<\/div>\r\n<\/div>\r\n            <style type=\"text\/css\">\r\n                #heading-e1pXuzUOJh .sh-element-margin {margin: 0px 0px 50px 0px;}#heading-e1pXuzUOJh .sh-heading-content {font-weight: 700!important;color: #ffffff;}#heading-e1pXuzUOJh .sh-heading-content,#heading-e1pXuzUOJh .sh-heading-additional-text {}            <\/style>\r\n        [vc_basic_grid post_type=&#8221;page&#8221; max_items=&#8221;30&#8243; element_width=&#8221;3&#8243; gap=&#8221;15&#8243; orderby=&#8221;title&#8221; order=&#8221;ASC&#8221; item=&#8221;11093&#8243; grid_id=&#8221;vc_gid:1633697190369-aaaf6bf7-ebe8-3&#8243; taxonomies=&#8221;25&#8243;][\/vc_column][\/vc_row][vc_row full_width=&#8221;stretch_row&#8221; overflow=&#8221;default&#8221; text=&#8221;CONTACTE-NOS&#8221; url=&#8221;\/contacte-nos\/&#8221; target=&#8221;_self&#8221; alignment=&#8221;center&#8221; alignment_mobile=&#8221;center&#8221; image=&#8221;&#8221; icon=&#8221;&#8221; icon_alignment=&#8221;left&#8221; style=&#8221;5&#8243; size=&#8221;xlarge sh-button-xlarge-small&#8221; font_size=&#8221;24&#8243; radius=&#8221;25&#8243; border_size=&#8221;3&#8243; full=&#8221;&#8221; tale=&#8221;none&#8221; height=&#8221;&#8221; leftright_padding=&#8221;&#8221; margin=&#8221;0px 0px 0px 0px&#8221; text_color=&#8221;#ffffff&#8221; text_hover_color=&#8221;&#8221; background_color=&#8221;#dd3333&#8243; background_hover_color=&#8221;#093672&#8243; border_color=&#8221;#ffffff&#8221; border_hover_color=&#8221;&#8221; animation=&#8221;none&#8221; animation_speed=&#8221;2&#8243; animation_delay=&#8221;0&#8243; el_class=&#8221;block-know-more&#8221;][vc_column width=&#8221;1\/4&#8243;][\/vc_column][vc_column width=&#8221;1\/2&#8243;]\r\n<div id=\"button-JGpyODUBdi\" class=\"sh-button-container  sh-button-style-5\">\r\n\t<div class=\"sh-element-margin\">\r\n\t\t<a href=\"\/contacte-nos\/\" target=\"_self\" class=\"sh-button sh-button-xlarge sh-button-xlarge-small \">\r\n\r\n\t\t\t\r\n\t\t\t\t\t\t\t<span class=\"sh-button-text\">\r\n\t\t\t\t\tM\u00c1S INFORMACI\u00d3N! CONT\u00c1CTENOS\t\t\t\t<\/span>\r\n\t\t\t\r\n\t\t\t\r\n\t\t<\/a>\r\n\t\t\t<\/div>\r\n<\/div>\r\n            <style type=\"text\/css\">\r\n                #button-JGpyODUBdi .sh-button {color: #ffffff;border: 3px solid #ffffff;box-shadow: 0px 2px 2px rgba(0,0,0,0.15);}#button-JGpyODUBdi {text-align: center;}#button-JGpyODUBdi .sh-element-margin {margin: 0px 0px 0px 0px;}#button-JGpyODUBdi:not(.sh-button-style-2) .sh-button:hover {}#button-JGpyODUBdi.sh-button-style-2 .sh-button:after {}#button-JGpyODUBdi.sh-button-style-2 .sh-button:hover {}@media (max-width: 800px) {#button-JGpyODUBdi {text-align: center;}}            <\/style>\r\n        [\/vc_column][vc_column width=&#8221;1\/4&#8243;][\/vc_column][\/vc_row]<\/p>\n","protected":false},"excerpt":{"rendered":"<p>A Tecmic oferece plataformas abertas que possibilitam a f\u00e1cil comunica\u00e7\u00e3o entre as aplica\u00e7\u00f5es da sua empresa e os nossos sistemas de localiza\u00e7\u00e3o e gest\u00e3o da frota e servi\u00e7os.<\/p>\n","protected":false},"author":4,"featured_media":13253,"parent":12537,"menu_order":0,"comment_status":"closed","ping_status":"closed","template":"","meta":{"footnotes":""},"categories":[84],"tags":[],"class_list":["post-13478","page","type-page","status-publish","has-post-thumbnail","hentry","category-modulos-passenger-es"],"yoast_head":"<!-- This site is optimized with the Yoast SEO plugin v24.8.1 - https:\/\/yoast.com\/wordpress\/plugins\/seo\/ -->\r\n<title>BusDVR - Tecmic<\/title>\r\n<meta name=\"robots\" content=\"index, follow, max-snippet:-1, max-image-preview:large, max-video-preview:-1\" \/>\r\n<link rel=\"canonical\" href=\"https:\/\/www.tecmic.com\/es\/soluciones-tecmic\/gestion-de-transportes-de-pasajeros\/busdvr\/\" \/>\r\n<meta property=\"og:locale\" content=\"es_ES\" \/>\r\n<meta property=\"og:type\" content=\"article\" \/>\r\n<meta property=\"og:title\" content=\"BusDVR - Tecmic\" \/>\r\n<meta property=\"og:description\" content=\"A Tecmic oferece plataformas abertas que possibilitam a f\u00e1cil comunica\u00e7\u00e3o entre as aplica\u00e7\u00f5es da sua empresa e os nossos sistemas de localiza\u00e7\u00e3o e gest\u00e3o da frota e servi\u00e7os.\" \/>\r\n<meta property=\"og:url\" content=\"https:\/\/www.tecmic.com\/es\/soluciones-tecmic\/gestion-de-transportes-de-pasajeros\/busdvr\/\" \/>\r\n<meta property=\"og:site_name\" content=\"Tecmic\" \/>\r\n<meta property=\"article:publisher\" content=\"https:\/\/www.facebook.com\/Tecmic-196226277112224\/\" \/>\r\n<meta property=\"article:modified_time\" content=\"2021-10-08T12:58:05+00:00\" \/>\r\n<meta property=\"og:image\" content=\"https:\/\/www.tecmic.com\/wp-content\/uploads\/2020\/06\/Tecmic-modulos_Passenger-busDVR-02B.jpg\" \/>\r\n\t<meta property=\"og:image:width\" content=\"2200\" \/>\r\n\t<meta property=\"og:image:height\" content=\"660\" \/>\r\n\t<meta property=\"og:image:type\" content=\"image\/jpeg\" \/>\r\n<meta name=\"twitter:card\" content=\"summary_large_image\" \/>\r\n<meta name=\"twitter:label1\" content=\"Tiempo de lectura\" \/>\n\t<meta name=\"twitter:data1\" content=\"2 minutos\" \/>\r\n<script type=\"application\/ld+json\" class=\"yoast-schema-graph\">{\"@context\":\"https:\/\/schema.org\",\"@graph\":[{\"@type\":\"WebPage\",\"@id\":\"https:\/\/www.tecmic.com\/es\/soluciones-tecmic\/gestion-de-transportes-de-pasajeros\/busdvr\/\",\"url\":\"https:\/\/www.tecmic.com\/es\/soluciones-tecmic\/gestion-de-transportes-de-pasajeros\/busdvr\/\",\"name\":\"BusDVR - Tecmic\",\"isPartOf\":{\"@id\":\"https:\/\/www.tecmic.com\/#website\"},\"primaryImageOfPage\":{\"@id\":\"https:\/\/www.tecmic.com\/es\/soluciones-tecmic\/gestion-de-transportes-de-pasajeros\/busdvr\/#primaryimage\"},\"image\":{\"@id\":\"https:\/\/www.tecmic.com\/es\/soluciones-tecmic\/gestion-de-transportes-de-pasajeros\/busdvr\/#primaryimage\"},\"thumbnailUrl\":\"https:\/\/www.tecmic.com\/wp-content\/uploads\/2020\/06\/Tecmic-modulos_Passenger-busDVR-02B.jpg\",\"datePublished\":\"2020-04-03T12:04:09+00:00\",\"dateModified\":\"2021-10-08T12:58:05+00:00\",\"breadcrumb\":{\"@id\":\"https:\/\/www.tecmic.com\/es\/soluciones-tecmic\/gestion-de-transportes-de-pasajeros\/busdvr\/#breadcrumb\"},\"inLanguage\":\"es\",\"potentialAction\":[{\"@type\":\"ReadAction\",\"target\":[\"https:\/\/www.tecmic.com\/es\/soluciones-tecmic\/gestion-de-transportes-de-pasajeros\/busdvr\/\"]}]},{\"@type\":\"ImageObject\",\"inLanguage\":\"es\",\"@id\":\"https:\/\/www.tecmic.com\/es\/soluciones-tecmic\/gestion-de-transportes-de-pasajeros\/busdvr\/#primaryimage\",\"url\":\"https:\/\/www.tecmic.com\/wp-content\/uploads\/2020\/06\/Tecmic-modulos_Passenger-busDVR-02B.jpg\",\"contentUrl\":\"https:\/\/www.tecmic.com\/wp-content\/uploads\/2020\/06\/Tecmic-modulos_Passenger-busDVR-02B.jpg\",\"width\":2200,\"height\":660},{\"@type\":\"BreadcrumbList\",\"@id\":\"https:\/\/www.tecmic.com\/es\/soluciones-tecmic\/gestion-de-transportes-de-pasajeros\/busdvr\/#breadcrumb\",\"itemListElement\":[{\"@type\":\"ListItem\",\"position\":1,\"name\":\"In\u00edcio\",\"item\":\"https:\/\/www.tecmic.com\/es\/\"},{\"@type\":\"ListItem\",\"position\":2,\"name\":\"Soluciones Tecmic\",\"item\":\"https:\/\/www.tecmic.com\/es\/soluciones-tecmic\/\"},{\"@type\":\"ListItem\",\"position\":3,\"name\":\"Gesti\u00f3n de Transportes de Pasajeros\",\"item\":\"https:\/\/www.tecmic.com\/es\/soluciones-tecmic\/gestion-de-transportes-de-pasajeros\/\"},{\"@type\":\"ListItem\",\"position\":4,\"name\":\"BusDVR\"}]},{\"@type\":\"WebSite\",\"@id\":\"https:\/\/www.tecmic.com\/#website\",\"url\":\"https:\/\/www.tecmic.com\/\",\"name\":\"Tecmic\",\"description\":\"The world outside inside your window\",\"publisher\":{\"@id\":\"https:\/\/www.tecmic.com\/#organization\"},\"potentialAction\":[{\"@type\":\"SearchAction\",\"target\":{\"@type\":\"EntryPoint\",\"urlTemplate\":\"https:\/\/www.tecmic.com\/?s={search_term_string}\"},\"query-input\":{\"@type\":\"PropertyValueSpecification\",\"valueRequired\":true,\"valueName\":\"search_term_string\"}}],\"inLanguage\":\"es\"},{\"@type\":\"Organization\",\"@id\":\"https:\/\/www.tecmic.com\/#organization\",\"name\":\"Tecmic\",\"url\":\"https:\/\/www.tecmic.com\/\",\"logo\":{\"@type\":\"ImageObject\",\"inLanguage\":\"es\",\"@id\":\"https:\/\/www.tecmic.com\/#\/schema\/logo\/image\/\",\"url\":\"https:\/\/www.tecmic.com\/wp-content\/uploads\/2020\/02\/Tecmic-logo_01.png\",\"contentUrl\":\"https:\/\/www.tecmic.com\/wp-content\/uploads\/2020\/02\/Tecmic-logo_01.png\",\"width\":2892,\"height\":317,\"caption\":\"Tecmic\"},\"image\":{\"@id\":\"https:\/\/www.tecmic.com\/#\/schema\/logo\/image\/\"},\"sameAs\":[\"https:\/\/www.facebook.com\/Tecmic-196226277112224\/\",\"https:\/\/www.linkedin.com\/company\/tecmic\/\"]}]}<\/script>\r\n<!-- \/ Yoast SEO plugin. -->","yoast_head_json":{"title":"BusDVR - Tecmic","robots":{"index":"index","follow":"follow","max-snippet":"max-snippet:-1","max-image-preview":"max-image-preview:large","max-video-preview":"max-video-preview:-1"},"canonical":"https:\/\/www.tecmic.com\/es\/soluciones-tecmic\/gestion-de-transportes-de-pasajeros\/busdvr\/","og_locale":"es_ES","og_type":"article","og_title":"BusDVR - Tecmic","og_description":"A Tecmic oferece plataformas abertas que possibilitam a f\u00e1cil comunica\u00e7\u00e3o entre as aplica\u00e7\u00f5es da sua empresa e os nossos sistemas de localiza\u00e7\u00e3o e gest\u00e3o da frota e servi\u00e7os.","og_url":"https:\/\/www.tecmic.com\/es\/soluciones-tecmic\/gestion-de-transportes-de-pasajeros\/busdvr\/","og_site_name":"Tecmic","article_publisher":"https:\/\/www.facebook.com\/Tecmic-196226277112224\/","article_modified_time":"2021-10-08T12:58:05+00:00","og_image":[{"width":2200,"height":660,"url":"https:\/\/www.tecmic.com\/wp-content\/uploads\/2020\/06\/Tecmic-modulos_Passenger-busDVR-02B.jpg","type":"image\/jpeg"}],"twitter_card":"summary_large_image","twitter_misc":{"Tiempo de lectura":"2 minutos"},"schema":{"@context":"https:\/\/schema.org","@graph":[{"@type":"WebPage","@id":"https:\/\/www.tecmic.com\/es\/soluciones-tecmic\/gestion-de-transportes-de-pasajeros\/busdvr\/","url":"https:\/\/www.tecmic.com\/es\/soluciones-tecmic\/gestion-de-transportes-de-pasajeros\/busdvr\/","name":"BusDVR - Tecmic","isPartOf":{"@id":"https:\/\/www.tecmic.com\/#website"},"primaryImageOfPage":{"@id":"https:\/\/www.tecmic.com\/es\/soluciones-tecmic\/gestion-de-transportes-de-pasajeros\/busdvr\/#primaryimage"},"image":{"@id":"https:\/\/www.tecmic.com\/es\/soluciones-tecmic\/gestion-de-transportes-de-pasajeros\/busdvr\/#primaryimage"},"thumbnailUrl":"https:\/\/www.tecmic.com\/wp-content\/uploads\/2020\/06\/Tecmic-modulos_Passenger-busDVR-02B.jpg","datePublished":"2020-04-03T12:04:09+00:00","dateModified":"2021-10-08T12:58:05+00:00","breadcrumb":{"@id":"https:\/\/www.tecmic.com\/es\/soluciones-tecmic\/gestion-de-transportes-de-pasajeros\/busdvr\/#breadcrumb"},"inLanguage":"es","potentialAction":[{"@type":"ReadAction","target":["https:\/\/www.tecmic.com\/es\/soluciones-tecmic\/gestion-de-transportes-de-pasajeros\/busdvr\/"]}]},{"@type":"ImageObject","inLanguage":"es","@id":"https:\/\/www.tecmic.com\/es\/soluciones-tecmic\/gestion-de-transportes-de-pasajeros\/busdvr\/#primaryimage","url":"https:\/\/www.tecmic.com\/wp-content\/uploads\/2020\/06\/Tecmic-modulos_Passenger-busDVR-02B.jpg","contentUrl":"https:\/\/www.tecmic.com\/wp-content\/uploads\/2020\/06\/Tecmic-modulos_Passenger-busDVR-02B.jpg","width":2200,"height":660},{"@type":"BreadcrumbList","@id":"https:\/\/www.tecmic.com\/es\/soluciones-tecmic\/gestion-de-transportes-de-pasajeros\/busdvr\/#breadcrumb","itemListElement":[{"@type":"ListItem","position":1,"name":"In\u00edcio","item":"https:\/\/www.tecmic.com\/es\/"},{"@type":"ListItem","position":2,"name":"Soluciones Tecmic","item":"https:\/\/www.tecmic.com\/es\/soluciones-tecmic\/"},{"@type":"ListItem","position":3,"name":"Gesti\u00f3n de Transportes de Pasajeros","item":"https:\/\/www.tecmic.com\/es\/soluciones-tecmic\/gestion-de-transportes-de-pasajeros\/"},{"@type":"ListItem","position":4,"name":"BusDVR"}]},{"@type":"WebSite","@id":"https:\/\/www.tecmic.com\/#website","url":"https:\/\/www.tecmic.com\/","name":"Tecmic","description":"The world outside inside your window","publisher":{"@id":"https:\/\/www.tecmic.com\/#organization"},"potentialAction":[{"@type":"SearchAction","target":{"@type":"EntryPoint","urlTemplate":"https:\/\/www.tecmic.com\/?s={search_term_string}"},"query-input":{"@type":"PropertyValueSpecification","valueRequired":true,"valueName":"search_term_string"}}],"inLanguage":"es"},{"@type":"Organization","@id":"https:\/\/www.tecmic.com\/#organization","name":"Tecmic","url":"https:\/\/www.tecmic.com\/","logo":{"@type":"ImageObject","inLanguage":"es","@id":"https:\/\/www.tecmic.com\/#\/schema\/logo\/image\/","url":"https:\/\/www.tecmic.com\/wp-content\/uploads\/2020\/02\/Tecmic-logo_01.png","contentUrl":"https:\/\/www.tecmic.com\/wp-content\/uploads\/2020\/02\/Tecmic-logo_01.png","width":2892,"height":317,"caption":"Tecmic"},"image":{"@id":"https:\/\/www.tecmic.com\/#\/schema\/logo\/image\/"},"sameAs":["https:\/\/www.facebook.com\/Tecmic-196226277112224\/","https:\/\/www.linkedin.com\/company\/tecmic\/"]}]}},"_links":{"self":[{"href":"https:\/\/www.tecmic.com\/es\/wp-json\/wp\/v2\/pages\/13478"}],"collection":[{"href":"https:\/\/www.tecmic.com\/es\/wp-json\/wp\/v2\/pages"}],"about":[{"href":"https:\/\/www.tecmic.com\/es\/wp-json\/wp\/v2\/types\/page"}],"author":[{"embeddable":true,"href":"https:\/\/www.tecmic.com\/es\/wp-json\/wp\/v2\/users\/4"}],"replies":[{"embeddable":true,"href":"https:\/\/www.tecmic.com\/es\/wp-json\/wp\/v2\/comments?post=13478"}],"version-history":[{"count":8,"href":"https:\/\/www.tecmic.com\/es\/wp-json\/wp\/v2\/pages\/13478\/revisions"}],"predecessor-version":[{"id":13490,"href":"https:\/\/www.tecmic.com\/es\/wp-json\/wp\/v2\/pages\/13478\/revisions\/13490"}],"up":[{"embeddable":true,"href":"https:\/\/www.tecmic.com\/es\/wp-json\/wp\/v2\/pages\/12537"}],"wp:featuredmedia":[{"embeddable":true,"href":"https:\/\/www.tecmic.com\/es\/wp-json\/wp\/v2\/media\/13253"}],"wp:attachment":[{"href":"https:\/\/www.tecmic.com\/es\/wp-json\/wp\/v2\/media?parent=13478"}],"wp:term":[{"taxonomy":"category","embeddable":true,"href":"https:\/\/www.tecmic.com\/es\/wp-json\/wp\/v2\/categories?post=13478"},{"taxonomy":"post_tag","embeddable":true,"href":"https:\/\/www.tecmic.com\/es\/wp-json\/wp\/v2\/tags?post=13478"}],"curies":[{"name":"wp","href":"https:\/\/api.w.org\/{rel}","templated":true}]}}